{"id":4847,"date":"2021-06-29T16:02:22","date_gmt":"2021-06-29T14:02:22","guid":{"rendered":"https:\/\/www.manubens.es\/?page_id=4847"},"modified":"2023-04-18T10:04:14","modified_gmt":"2023-04-18T08:04:14","slug":"cinta-de-grosgrain","status":"publish","type":"page","link":"https:\/\/www.manubens.es\/ca\/productes\/cinta-de-grosgrain\/","title":{"rendered":"Cinta de grosgrain"},"content":{"rendered":"<section class=\"l-section wpb_row height_auto full_height valign_center width_full color_primary with_slider\"><div class=\"l-section-slider\"><div class=\"w-slider style_none fit_cover nav_none count_1\"><div class=\"w-slider-h\" aria-hidden=\"true\"><div class=\"royalSlider\"><div class=\"rsContent\"><a class=\"rsImg\" data-rsw=\"1920\" data-rsh=\"1080\" href=\"https:\/\/www.manubens.es\/wp-content\/uploads\/2022\/02\/03_02_22.jpg\"><span data-alt=\"\"><\/span><\/a><\/div><\/div><img decoding=\"async\" src=\"https:\/\/www.manubens.es\/wp-content\/uploads\/2022\/02\/03_02_22.jpg\" width=\"1920\" height=\"1080\" alt loading=\"lazy\"><\/div><div class=\"w-slider-json\" onclick='return {&quot;autoScaleSlider&quot;:true,&quot;addActiveClass&quot;:true,&quot;loop&quot;:true,&quot;fadeInLoadedSlide&quot;:false,&quot;slidesSpacing&quot;:0,&quot;imageScalePadding&quot;:0,&quot;numImagesToPreload&quot;:2,&quot;arrowsNav&quot;:false,&quot;arrowsNavAutoHide&quot;:false,&quot;transitionType&quot;:&quot;fade&quot;,&quot;transitionSpeed&quot;:1000,&quot;block&quot;:{&quot;moveEffect&quot;:&quot;none&quot;,&quot;speed&quot;:300},&quot;thumbs&quot;:{&quot;fitInViewport&quot;:false,&quot;firstMargin&quot;:false,&quot;spacing&quot;:4},&quot;controlNavigation&quot;:&quot;none&quot;,&quot;autoplay&quot;:{&quot;enabled&quot;:true,&quot;pauseOnHover&quot;:false,&quot;delay&quot;:3000},&quot;autoScaleSliderWidth&quot;:1920,&quot;autoScaleSliderHeight&quot;:1080}'><\/div><\/div><\/div><div class=\"l-section-overlay\" style=\"background:linear-gradient(transparent, rgba(0,0,0,0.15))\"><\/div><div class=\"l-section-h i-cf\"><div class=\"g-cols vc_row via_grid cols_1 laptops-cols_inherit tablets-cols_inherit mobiles-cols_1 valign_top type_default stacking_default\"><div class=\"wpb_column vc_column_container\"><div class=\"vc_column-inner\"><div class=\"w-separator size_custom\" style=\"height:60vh\"><\/div><h1 class=\"w-post-elm post_title align_center entry-title color_link_inherit\">Cinta de grosgrain<\/h1><div class=\"wpb_text_column\"><div class=\"wpb_wrapper\"><h4 style=\"text-align: center;\">Resist\u00e8ncia<\/h4>\n<\/div><\/div><\/div><\/div><\/div><\/div><\/section><section class=\"l-section wpb_row height_small width_full\"><div class=\"l-section-h i-cf\"><div class=\"g-cols vc_row via_grid cols_1 laptops-cols_inherit tablets-cols_inherit mobiles-cols_1 valign_top type_boxes stacking_default\" style=\"--columns-gap:0rem;\"><div class=\"wpb_column vc_column_container us_custom_044f310d\"><div class=\"vc_column-inner\"><div class=\"wpb_text_column us_custom_872e0b1c\"><div class=\"wpb_wrapper\"><p style=\"text-align: center;\">La cinta grosgrain \u00e9s una cinta caract\u00e9ristique pel seu aspecte acanalat. \u00c9s una cinta molt apreciada per la seva resist\u00e8ncia i rigidesa. \u00c9s tamb\u00e9 coneguda com la cinta de barret ja que, des de temps passats fins avui, se segueix utilitzant com a banda a la majoria d\u2019aquests complements del vestir.<\/p>\n<\/div><\/div><\/div><\/div><\/div><\/div><\/section><section class=\"l-section wpb_row height_auto width_full\"><div class=\"l-section-h i-cf\"><div class=\"g-cols vc_row via_grid cols_1 laptops-cols_inherit tablets-cols_inherit mobiles-cols_1 valign_top type_default stacking_default\"><div class=\"wpb_column vc_column_container\"><div class=\"vc_column-inner\"><div class=\"g-cols wpb_row us_custom_6618e26b via_grid cols_2-1 laptops-cols_inherit tablets-cols_inherit mobiles-cols_1 valign_top type_default stacking_default\" style=\"--columns-gap:3rem;\"><div class=\"wpb_column vc_column_container us_custom_9c6f727e\"><div class=\"vc_column-inner\"><div class=\"w-grid us_grid type_grid layout_6710 cols_1 preload_style_spinner ratio_custom\" id=\"us_grid_1\" style=\"--columns:1;--gap:0.1rem;--item-ratio:0.49875;\" data-filterable=\"true\"><style>.layout_6710 .w-grid-item-h{background:#b3ada4}.layout_6710 .usg_post_image_1{position:absolute!important;left:0!important;top:0!important;bottom:0!important;right:0!important}<\/style><div class=\"w-grid-list\">\t<article class=\"w-grid-item size_1x1 post-6893 attachment type-attachment status-inherit hentry\" data-id=\"6893\">\r\n\t\t<div class=\"w-grid-item-h\">\r\n\t\t\t\t\t\t<div class=\"w-post-elm post_image usg_post_image_1 stretched\"><img loading=\"lazy\" decoding=\"async\" width=\"1920\" height=\"1080\" src=\"https:\/\/www.manubens.es\/wp-content\/uploads\/2022\/02\/manubens1579.jpg\" class=\"attachment-full size-full\" alt=\"Cinta grosgrain\" srcset=\"https:\/\/www.manubens.es\/wp-content\/uploads\/2022\/02\/manubens1579.jpg 1920w, https:\/\/www.manubens.es\/wp-content\/uploads\/2022\/02\/manubens1579-300x169.jpg 300w, https:\/\/www.manubens.es\/wp-content\/uploads\/2022\/02\/manubens1579-600x338.jpg 600w, https:\/\/www.manubens.es\/wp-content\/uploads\/2022\/02\/manubens1579-150x84.jpg 150w\" sizes=\"auto, (max-width: 1920px) 100vw, 1920px\" \/><\/div>\t\t<\/div>\r\n\t\t\t<\/article>\r\n<\/div>\t<div class=\"w-grid-preloader\">\r\n\t\t<div class=\"g-preloader type_1\">\r\n\t\t\t<div><\/div>\r\n\t\t<\/div>\r\n\t<\/div>\r\n\t\t<div class=\"w-grid-json hidden\" onclick='return {&quot;action&quot;:&quot;us_ajax_grid&quot;,&quot;infinite_scroll&quot;:0,&quot;max_num_pages&quot;:1,&quot;pagination&quot;:&quot;none&quot;,&quot;template_vars&quot;:{&quot;columns&quot;:&quot;1&quot;,&quot;exclude_items&quot;:&quot;none&quot;,&quot;img_size&quot;:&quot;full&quot;,&quot;ignore_items_size&quot;:0,&quot;items_layout&quot;:&quot;6710&quot;,&quot;items_offset&quot;:&quot;1&quot;,&quot;load_animation&quot;:&quot;none&quot;,&quot;overriding_link&quot;:&quot;{\\&quot;url\\&quot;:\\&quot;\\&quot;}&quot;,&quot;post_id&quot;:0,&quot;query_args&quot;:{&quot;post_type&quot;:[&quot;attachment&quot;],&quot;post__in&quot;:[&quot;6892&quot;],&quot;post_status&quot;:&quot;inherit&quot;,&quot;post_mime_type&quot;:&quot;image&quot;,&quot;posts_per_page&quot;:999},&quot;orderby_query_args&quot;:{&quot;orderby&quot;:{&quot;post__in&quot;:&quot;ASC&quot;},&quot;order&quot;:&quot;ASC&quot;},&quot;type&quot;:&quot;grid&quot;,&quot;us_grid_post_type&quot;:&quot;attachment&quot;,&quot;us_grid_ajax_index&quot;:1,&quot;us_grid_filter_query_string&quot;:null,&quot;us_grid_index&quot;:1,&quot;page_args&quot;:[],&quot;lang&quot;:&quot;ca&quot;}}'><\/div>\r\n\t<\/div><\/div><\/div><div class=\"wpb_column vc_column_container us_custom_34fc9c2d\"><div class=\"vc_column-inner\"><div class=\"w-grid us_grid type_grid layout_6711 cols_1 preload_style_spinner ratio_1x1\" id=\"us_grid_2\" style=\"--columns:1;--gap:0.1rem;--item-ratio:1;\" data-filterable=\"true\"><style>.layout_6711 .w-grid-item-h{background:#b3ada4}.layout_6711 .usg_post_image_1{position:absolute!important;left:0!important;top:0!important;bottom:0!important;right:0!important}<\/style><div class=\"w-grid-list\">\t<article class=\"w-grid-item size_1x1 post-6911 attachment type-attachment status-inherit hentry\" data-id=\"6911\">\r\n\t\t<div class=\"w-grid-item-h\">\r\n\t\t\t\t\t\t<div class=\"w-post-elm post_image usg_post_image_1 stretched\"><img loading=\"lazy\" decoding=\"async\" width=\"1080\" height=\"1080\" src=\"https:\/\/www.manubens.es\/wp-content\/uploads\/2022\/02\/18_04_grosgrain-1.jpg\" class=\"attachment-full size-full\" alt=\"Cinta grosgrain\" srcset=\"https:\/\/www.manubens.es\/wp-content\/uploads\/2022\/02\/18_04_grosgrain-1.jpg 1080w, https:\/\/www.manubens.es\/wp-content\/uploads\/2022\/02\/18_04_grosgrain-1-300x300.jpg 300w, https:\/\/www.manubens.es\/wp-content\/uploads\/2022\/02\/18_04_grosgrain-1-600x600.jpg 600w, https:\/\/www.manubens.es\/wp-content\/uploads\/2022\/02\/18_04_grosgrain-1-150x150.jpg 150w, https:\/\/www.manubens.es\/wp-content\/uploads\/2022\/02\/18_04_grosgrain-1-350x350.jpg 350w\" sizes=\"auto, (max-width: 1080px) 100vw, 1080px\" \/><\/div>\t\t<\/div>\r\n\t\t\t<\/article>\r\n<\/div>\t<div class=\"w-grid-preloader\">\r\n\t\t<div class=\"g-preloader type_1\">\r\n\t\t\t<div><\/div>\r\n\t\t<\/div>\r\n\t<\/div>\r\n\t\t<div class=\"w-grid-json hidden\" onclick='return {&quot;action&quot;:&quot;us_ajax_grid&quot;,&quot;infinite_scroll&quot;:0,&quot;max_num_pages&quot;:1,&quot;pagination&quot;:&quot;none&quot;,&quot;template_vars&quot;:{&quot;columns&quot;:&quot;1&quot;,&quot;exclude_items&quot;:&quot;none&quot;,&quot;img_size&quot;:&quot;full&quot;,&quot;ignore_items_size&quot;:0,&quot;items_layout&quot;:&quot;6711&quot;,&quot;items_offset&quot;:&quot;1&quot;,&quot;load_animation&quot;:&quot;none&quot;,&quot;overriding_link&quot;:&quot;{\\&quot;url\\&quot;:\\&quot;\\&quot;}&quot;,&quot;post_id&quot;:0,&quot;query_args&quot;:{&quot;post_type&quot;:[&quot;attachment&quot;],&quot;post__in&quot;:[&quot;6910&quot;],&quot;post_status&quot;:&quot;inherit&quot;,&quot;post_mime_type&quot;:&quot;image&quot;,&quot;posts_per_page&quot;:999},&quot;orderby_query_args&quot;:{&quot;orderby&quot;:{&quot;post__in&quot;:&quot;ASC&quot;},&quot;order&quot;:&quot;ASC&quot;},&quot;type&quot;:&quot;grid&quot;,&quot;us_grid_post_type&quot;:&quot;attachment&quot;,&quot;us_grid_ajax_index&quot;:2,&quot;us_grid_filter_query_string&quot;:null,&quot;us_grid_index&quot;:2,&quot;page_args&quot;:[],&quot;lang&quot;:&quot;ca&quot;}}'><\/div>\r\n\t<\/div><\/div><\/div><\/div><\/div><\/div><\/div><\/div><\/section><section class=\"l-section wpb_row height_small width_full\"><div class=\"l-section-h i-cf\"><div class=\"g-cols vc_row via_grid cols_1 laptops-cols_inherit tablets-cols_inherit mobiles-cols_1 valign_top type_boxes stacking_default\" style=\"--columns-gap:0rem;\"><div class=\"wpb_column vc_column_container us_custom_044f310d\"><div class=\"vc_column-inner\"><div class=\"g-cols wpb_row via_grid cols_1-2-1 laptops-cols_inherit tablets-cols_inherit mobiles-cols_1 valign_top type_default stacking_default\" style=\"--columns-gap:3rem;\"><div class=\"wpb_column vc_column_container\"><div class=\"vc_column-inner\"><\/div><\/div><div class=\"wpb_column vc_column_container\"><div class=\"vc_column-inner\"><div class=\"wpb_text_column us_custom_e5aea6d2\"><div class=\"wpb_wrapper\"><h2>Sobre la cinta de grosgrain<\/h2>\n<p>Es fabrica en 7 amples diferents, des dels 6mm fins als 48mm amb una gamma crom\u00e0tica de 57 colors, des de tons clars als foscos, tots colors ideals per a qualsevol creaci\u00f3. Les presentacions de l&#8217;article s\u00f3n en rodet de vidre de 20 metres i en rotlle o bobina industrial de 100 metres. Per a llargs metratges \u00e9s possible fer bobines de m\u00e9s quantitat.<\/p>\n<p>La composici\u00f3 del producte \u00e9s poli\u00e8ster 100%. Donem garantia de rentat m\u00e0xim a 40 \u00ba i un planxat a baixa temperatura de 110 \u00baC.<\/p>\n<\/div><\/div><\/div><\/div><div class=\"wpb_column vc_column_container\"><div class=\"vc_column-inner\"><\/div><\/div><\/div><\/div><\/div><\/div><\/div><\/section><section class=\"l-section wpb_row height_auto width_full with_img parallax_ver\"><div class=\"l-section-img\" role=\"img\" aria-label=\"Imatge\" data-img-width=\"1920\" data-img-height=\"1080\" style=\"background-image: url(https:\/\/www.manubens.es\/wp-content\/uploads\/2022\/02\/Manubens_gener220268-1.jpg);\"><\/div><div class=\"l-section-overlay\" style=\"background:rgba(59,61,64,0.05)\"><\/div><div class=\"l-section-h i-cf\"><div class=\"g-cols vc_row via_grid cols_1 laptops-cols_inherit tablets-cols_inherit mobiles-cols_1 valign_top type_default stacking_default\"><div class=\"wpb_column vc_column_container\"><div class=\"vc_column-inner\"><div class=\"w-separator size_custom\" style=\"height:95vh\"><\/div><\/div><\/div><\/div><\/div><\/section><section class=\"l-section wpb_row height_auto width_full\"><div class=\"l-section-h i-cf\"><div class=\"g-cols vc_row via_grid cols_1 laptops-cols_inherit tablets-cols_inherit mobiles-cols_1 valign_top type_default stacking_default\"><div class=\"wpb_column vc_column_container\"><div class=\"vc_column-inner\"><div class=\"g-cols wpb_row us_custom_6618e26b via_grid cols_2-1 laptops-cols_inherit tablets-cols_inherit mobiles-cols_1 valign_middle type_default stacking_default\" style=\"--columns-gap:3rem;\"><div class=\"wpb_column vc_column_container us_custom_64c7ce1e\"><div class=\"vc_column-inner\"><div class=\"w-grid us_grid type_grid layout_6710 cols_1 preload_style_spinner ratio_custom\" id=\"us_grid_3\" style=\"--columns:1;--gap:0.1rem;--item-ratio:0.49875;\" data-filterable=\"true\"><div class=\"w-grid-list\">\t<article class=\"w-grid-item size_1x1 post-4376 attachment type-attachment status-inherit hentry\" data-id=\"4376\">\r\n\t\t<div class=\"w-grid-item-h\">\r\n\t\t\t\t\t\t<div class=\"w-post-elm post_image usg_post_image_1 stretched\"><img loading=\"lazy\" decoding=\"async\" width=\"1920\" height=\"1080\" src=\"https:\/\/www.manubens.es\/wp-content\/uploads\/2021\/05\/manslide05.jpg\" class=\"attachment-full size-full\" alt=\"Cinta grosgrain\" srcset=\"https:\/\/www.manubens.es\/wp-content\/uploads\/2021\/05\/manslide05.jpg 1920w, https:\/\/www.manubens.es\/wp-content\/uploads\/2021\/05\/manslide05-300x169.jpg 300w, https:\/\/www.manubens.es\/wp-content\/uploads\/2021\/05\/manslide05-600x338.jpg 600w, https:\/\/www.manubens.es\/wp-content\/uploads\/2021\/05\/manslide05-1536x864.jpg 1536w\" sizes=\"auto, (max-width: 1920px) 100vw, 1920px\" \/><\/div>\t\t<\/div>\r\n\t\t\t<\/article>\r\n<\/div>\t<div class=\"w-grid-preloader\">\r\n\t\t<div class=\"g-preloader type_1\">\r\n\t\t\t<div><\/div>\r\n\t\t<\/div>\r\n\t<\/div>\r\n\t\t<div class=\"w-grid-json hidden\" onclick='return {&quot;action&quot;:&quot;us_ajax_grid&quot;,&quot;infinite_scroll&quot;:0,&quot;max_num_pages&quot;:1,&quot;pagination&quot;:&quot;none&quot;,&quot;template_vars&quot;:{&quot;columns&quot;:&quot;1&quot;,&quot;exclude_items&quot;:&quot;none&quot;,&quot;img_size&quot;:&quot;full&quot;,&quot;ignore_items_size&quot;:0,&quot;items_layout&quot;:&quot;6710&quot;,&quot;items_offset&quot;:&quot;1&quot;,&quot;load_animation&quot;:&quot;none&quot;,&quot;overriding_link&quot;:&quot;{\\&quot;url\\&quot;:\\&quot;\\&quot;}&quot;,&quot;post_id&quot;:0,&quot;query_args&quot;:{&quot;post_type&quot;:[&quot;attachment&quot;],&quot;post__in&quot;:[&quot;2678&quot;],&quot;post_status&quot;:&quot;inherit&quot;,&quot;post_mime_type&quot;:&quot;image&quot;,&quot;posts_per_page&quot;:999},&quot;orderby_query_args&quot;:{&quot;orderby&quot;:{&quot;post__in&quot;:&quot;ASC&quot;},&quot;order&quot;:&quot;ASC&quot;},&quot;type&quot;:&quot;grid&quot;,&quot;us_grid_post_type&quot;:&quot;attachment&quot;,&quot;us_grid_ajax_index&quot;:3,&quot;us_grid_filter_query_string&quot;:null,&quot;us_grid_index&quot;:3,&quot;page_args&quot;:[],&quot;lang&quot;:&quot;ca&quot;}}'><\/div>\r\n\t<\/div><\/div><\/div><div class=\"wpb_column vc_column_container us_custom_c40d2f9e\"><div class=\"vc_column-inner\"><div class=\"wpb_text_column us_custom_e5aea6d2\"><div class=\"wpb_wrapper\"><h2>Usos de la cinta grosgrain<\/h2>\n<p>Les aplicacions del producte s\u00f3n variades. Ha estat sempre un producte molt valorat tant en merceria com en confecci\u00f3. Especial esment al sector del cal\u00e7at, ja que \u00e9s un producte que s\u2019utilitza molt per ribetejar sabates i per utilitzar-lo com a refor\u00e7 gr\u00e0cies a la seva estructura resistent i la seva rigidesa.<\/p>\n<p>A nivell de confecci\u00f3 ha estat sempre una cinta amb multitud d\u2019aplicacions, cinturons, refor\u00e7 de costures, tirants, embellidor, tirador, rivets, lla\u00e7os per sabata\u2026 igual que tamb\u00e9 al sector del packaging o regal com nanses de bosses o reclam publicitari amb la cinta personalitzada.<\/p>\n<\/div><\/div><\/div><\/div><\/div><\/div><\/div><\/div><\/div><\/section><section class=\"l-section wpb_row height_large width_full color_footer-bottom\"><div class=\"l-section-h i-cf\"><div class=\"g-cols vc_row via_grid cols_1 laptops-cols_inherit tablets-cols_inherit mobiles-cols_1 valign_top type_default stacking_default\"><div class=\"wpb_column vc_column_container\"><div class=\"vc_column-inner\"><div class=\"wpb_text_column us_custom_97b9d6d9\"><div class=\"wpb_wrapper\"><p style=\"text-align: center;\">DESCARREGA&#8217;T EL NOSTRE MOSTRARI<\/p>\n<\/div><\/div><div class=\"w-btn-wrapper align_center\"><a class=\"w-btn us-btn-style_1 icon_atleft\" title=\"Mostrari\" target=\"_blank\" rel=\"nofollow\" href=\"https:\/\/www.manubens.es\/wp-content\/uploads\/2020\/pdfs\/gros.pdf\"><i class=\"fal fa-file-pdf\"><\/i><span class=\"w-btn-label\">Click Me<\/span><\/a><\/div><\/div><\/div><\/div><\/div><\/section><section class=\"l-section wpb_row height_large\"><div class=\"l-section-h i-cf\"><div class=\"g-cols vc_row via_grid cols_1 laptops-cols_inherit tablets-cols_inherit mobiles-cols_1 valign_top type_boxes stacking_default\"><div class=\"wpb_column vc_column_container\"><div class=\"vc_column-inner\"><div class=\"wpb_text_column us_custom_97b9d6d9\"><div class=\"wpb_wrapper\"><p style=\"text-align: center;\">CONTACTA I ENS POSEM EN MARXA<\/p>\n<\/div><\/div><div class=\"w-separator size_small\"><\/div>[vc_raw_js]JTNDc2NyaXB0JTIwY2hhcnNldCUzRCUyMnV0Zi04JTIyJTIwdHlwZSUzRCUyMnRleHQlMkZqYXZhc2NyaXB0JTIyJTIwc3JjJTNEJTIyJTJGJTJGanMuaHNmb3Jtcy5uZXQlMkZmb3JtcyUyRnNoZWxsLmpzJTIyJTNFJTNDJTJGc2NyaXB0JTNFJTBBJTNDc2NyaXB0JTNFJTBBJTIwJTIwaGJzcHQuZm9ybXMuY3JlYXRlJTI4JTdCJTBBcmVnaW9uJTNBJTIwJTIybmExJTIyJTJDJTBBcG9ydGFsSWQlM0ElMjAlMjI3MjQ2Mjg5JTIyJTJDJTBBZm9ybUlkJTNBJTIwJTIyMGFjMWFhYzItMDFkMS00ODY5LTlmNWItOTQ4NWE4ZGNlMjhiJTIyJTBBJTdEJTI5JTNCJTBBJTNDJTJGc2NyaXB0JTNF[\/vc_raw_js]<\/div><\/div><\/div><\/div><\/section>\n","protected":false},"excerpt":{"rendered":"","protected":false},"author":3,"featured_media":0,"parent":4798,"menu_order":146,"comment_status":"closed","ping_status":"closed","template":"","meta":{"footnotes":""},"class_list":["post-4847","page","type-page","status-publish","hentry"],"yoast_head":"<!-- This site is optimized with the Yoast SEO plugin v27.5 - https:\/\/yoast.com\/product\/yoast-seo-wordpress\/ -->\n<title>Cinta de grosgrain - Diversos colors i grand\u00e0ries disponibles<\/title>\n<meta name=\"description\" content=\"La cinta grosgrain es caracteritza pel seu aspecte acanalat. \u00c9s molt apreciada per la seva resist\u00e8ncia i rigidesa. Coneix m\u00e9s opcions aqu\u00ed!\" \/>\n<meta name=\"robots\" content=\"index, follow, max-snippet:-1, max-image-preview:large, max-video-preview:-1\" \/>\n<link rel=\"canonical\" href=\"https:\/\/www.manubens.es\/ca\/productes\/cinta-de-grosgrain\/\" \/>\n<meta property=\"og:locale\" content=\"ca_ES\" \/>\n<meta property=\"og:type\" content=\"article\" \/>\n<meta property=\"og:title\" content=\"Cinta de grosgrain - Diversos colors i grand\u00e0ries disponibles\" \/>\n<meta property=\"og:description\" content=\"La cinta grosgrain es caracteritza pel seu aspecte acanalat. \u00c9s molt apreciada per la seva resist\u00e8ncia i rigidesa. Coneix m\u00e9s opcions aqu\u00ed!\" \/>\n<meta property=\"og:url\" content=\"https:\/\/www.manubens.es\/ca\/productes\/cinta-de-grosgrain\/\" \/>\n<meta property=\"og:site_name\" content=\"Manubens\" \/>\n<meta property=\"article:modified_time\" content=\"2023-04-18T08:04:14+00:00\" \/>\n<meta name=\"twitter:card\" content=\"summary_large_image\" \/>\n<meta name=\"twitter:label1\" content=\"Temps estimat de lectura\" \/>\n\t<meta name=\"twitter:data1\" content=\"2 minuts\" \/>\n<script type=\"application\/ld+json\" class=\"yoast-schema-graph\">{\"@context\":\"https:\\\/\\\/schema.org\",\"@graph\":[{\"@type\":\"WebPage\",\"@id\":\"https:\\\/\\\/www.manubens.es\\\/ca\\\/productes\\\/cinta-de-grosgrain\\\/\",\"url\":\"https:\\\/\\\/www.manubens.es\\\/ca\\\/productes\\\/cinta-de-grosgrain\\\/\",\"name\":\"Cinta de grosgrain - Diversos colors i grand\u00e0ries disponibles\",\"isPartOf\":{\"@id\":\"https:\\\/\\\/www.manubens.es\\\/ca\\\/#website\"},\"datePublished\":\"2021-06-29T14:02:22+00:00\",\"dateModified\":\"2023-04-18T08:04:14+00:00\",\"description\":\"La cinta grosgrain es caracteritza pel seu aspecte acanalat. \u00c9s molt apreciada per la seva resist\u00e8ncia i rigidesa. Coneix m\u00e9s opcions aqu\u00ed!\",\"breadcrumb\":{\"@id\":\"https:\\\/\\\/www.manubens.es\\\/ca\\\/productes\\\/cinta-de-grosgrain\\\/#breadcrumb\"},\"inLanguage\":\"ca\",\"potentialAction\":[{\"@type\":\"ReadAction\",\"target\":[\"https:\\\/\\\/www.manubens.es\\\/ca\\\/productes\\\/cinta-de-grosgrain\\\/\"]}]},{\"@type\":\"BreadcrumbList\",\"@id\":\"https:\\\/\\\/www.manubens.es\\\/ca\\\/productes\\\/cinta-de-grosgrain\\\/#breadcrumb\",\"itemListElement\":[{\"@type\":\"ListItem\",\"position\":1,\"name\":\"Portada\",\"item\":\"https:\\\/\\\/www.manubens.es\\\/ca\\\/\"},{\"@type\":\"ListItem\",\"position\":2,\"name\":\"Les nostres cintes\",\"item\":\"https:\\\/\\\/www.manubens.es\\\/ca\\\/productos-cintas\\\/\"},{\"@type\":\"ListItem\",\"position\":3,\"name\":\"Cinta de grosgrain\"}]},{\"@type\":\"WebSite\",\"@id\":\"https:\\\/\\\/www.manubens.es\\\/ca\\\/#website\",\"url\":\"https:\\\/\\\/www.manubens.es\\\/ca\\\/\",\"name\":\"Manubens\",\"description\":\"Manubens Cintas\",\"potentialAction\":[{\"@type\":\"SearchAction\",\"target\":{\"@type\":\"EntryPoint\",\"urlTemplate\":\"https:\\\/\\\/www.manubens.es\\\/ca\\\/?s={search_term_string}\"},\"query-input\":{\"@type\":\"PropertyValueSpecification\",\"valueRequired\":true,\"valueName\":\"search_term_string\"}}],\"inLanguage\":\"ca\"}]}<\/script>\n<!-- \/ Yoast SEO plugin. -->","yoast_head_json":{"title":"Cinta de grosgrain - Diversos colors i grand\u00e0ries disponibles","description":"La cinta grosgrain es caracteritza pel seu aspecte acanalat. \u00c9s molt apreciada per la seva resist\u00e8ncia i rigidesa. Coneix m\u00e9s opcions aqu\u00ed!","robots":{"index":"index","follow":"follow","max-snippet":"max-snippet:-1","max-image-preview":"max-image-preview:large","max-video-preview":"max-video-preview:-1"},"canonical":"https:\/\/www.manubens.es\/ca\/productes\/cinta-de-grosgrain\/","og_locale":"ca_ES","og_type":"article","og_title":"Cinta de grosgrain - Diversos colors i grand\u00e0ries disponibles","og_description":"La cinta grosgrain es caracteritza pel seu aspecte acanalat. \u00c9s molt apreciada per la seva resist\u00e8ncia i rigidesa. Coneix m\u00e9s opcions aqu\u00ed!","og_url":"https:\/\/www.manubens.es\/ca\/productes\/cinta-de-grosgrain\/","og_site_name":"Manubens","article_modified_time":"2023-04-18T08:04:14+00:00","twitter_card":"summary_large_image","twitter_misc":{"Temps estimat de lectura":"2 minuts"},"schema":{"@context":"https:\/\/schema.org","@graph":[{"@type":"WebPage","@id":"https:\/\/www.manubens.es\/ca\/productes\/cinta-de-grosgrain\/","url":"https:\/\/www.manubens.es\/ca\/productes\/cinta-de-grosgrain\/","name":"Cinta de grosgrain - Diversos colors i grand\u00e0ries disponibles","isPartOf":{"@id":"https:\/\/www.manubens.es\/ca\/#website"},"datePublished":"2021-06-29T14:02:22+00:00","dateModified":"2023-04-18T08:04:14+00:00","description":"La cinta grosgrain es caracteritza pel seu aspecte acanalat. \u00c9s molt apreciada per la seva resist\u00e8ncia i rigidesa. Coneix m\u00e9s opcions aqu\u00ed!","breadcrumb":{"@id":"https:\/\/www.manubens.es\/ca\/productes\/cinta-de-grosgrain\/#breadcrumb"},"inLanguage":"ca","potentialAction":[{"@type":"ReadAction","target":["https:\/\/www.manubens.es\/ca\/productes\/cinta-de-grosgrain\/"]}]},{"@type":"BreadcrumbList","@id":"https:\/\/www.manubens.es\/ca\/productes\/cinta-de-grosgrain\/#breadcrumb","itemListElement":[{"@type":"ListItem","position":1,"name":"Portada","item":"https:\/\/www.manubens.es\/ca\/"},{"@type":"ListItem","position":2,"name":"Les nostres cintes","item":"https:\/\/www.manubens.es\/ca\/productos-cintas\/"},{"@type":"ListItem","position":3,"name":"Cinta de grosgrain"}]},{"@type":"WebSite","@id":"https:\/\/www.manubens.es\/ca\/#website","url":"https:\/\/www.manubens.es\/ca\/","name":"Manubens","description":"Manubens Cintas","potentialAction":[{"@type":"SearchAction","target":{"@type":"EntryPoint","urlTemplate":"https:\/\/www.manubens.es\/ca\/?s={search_term_string}"},"query-input":{"@type":"PropertyValueSpecification","valueRequired":true,"valueName":"search_term_string"}}],"inLanguage":"ca"}]}},"_links":{"self":[{"href":"https:\/\/www.manubens.es\/ca\/wp-json\/wp\/v2\/pages\/4847","targetHints":{"allow":["GET"]}}],"collection":[{"href":"https:\/\/www.manubens.es\/ca\/wp-json\/wp\/v2\/pages"}],"about":[{"href":"https:\/\/www.manubens.es\/ca\/wp-json\/wp\/v2\/types\/page"}],"author":[{"embeddable":true,"href":"https:\/\/www.manubens.es\/ca\/wp-json\/wp\/v2\/users\/3"}],"replies":[{"embeddable":true,"href":"https:\/\/www.manubens.es\/ca\/wp-json\/wp\/v2\/comments?post=4847"}],"version-history":[{"count":0,"href":"https:\/\/www.manubens.es\/ca\/wp-json\/wp\/v2\/pages\/4847\/revisions"}],"up":[{"embeddable":true,"href":"https:\/\/www.manubens.es\/ca\/wp-json\/wp\/v2\/pages\/4798"}],"wp:attachment":[{"href":"https:\/\/www.manubens.es\/ca\/wp-json\/wp\/v2\/media?parent=4847"}],"curies":[{"name":"wp","href":"https:\/\/api.w.org\/{rel}","templated":true}]}}