{"id":4865,"date":"2021-06-30T11:37:12","date_gmt":"2021-06-30T09:37:12","guid":{"rendered":"https:\/\/www.manubens.es\/?page_id=4865"},"modified":"2021-12-16T15:49:07","modified_gmt":"2021-12-16T14:49:07","slug":"politica-de-privacitat","status":"publish","type":"page","link":"https:\/\/www.manubens.es\/ca\/politica-de-privacitat\/","title":{"rendered":"Pol\u00edtica de privacitat"},"content":{"rendered":"<section class=\"l-section wpb_row us_custom_5676f4a8 has_text_color height_small with_img parallax_ver\"><div class=\"l-section-img\" role=\"img\" aria-label=\"Imatge\" data-img-width=\"3995\" data-img-height=\"1026\" style=\"background-image: url(https:\/\/www.manubens.es\/wp-content\/uploads\/2016\/10\/fons_sanefa.png);background-size: contain;\"><\/div><div class=\"l-section-h i-cf\"><div class=\"g-cols vc_row via_grid cols_1 laptops-cols_inherit tablets-cols_inherit mobiles-cols_1 valign_top type_default stacking_default\"><div class=\"wpb_column vc_column_container\"><div class=\"vc_column-inner\"><div class=\"wpb_text_column\"><div class=\"wpb_wrapper\"><h1 style=\"text-align: center;\"><strong>pol\u00edtica de privacitat<br \/>\n<\/strong><\/h1>\n<\/div><\/div><\/div><\/div><\/div><\/div><\/section><section class=\"l-section wpb_row height_large\"><div class=\"l-section-h i-cf\"><div class=\"g-cols vc_row via_grid cols_1 laptops-cols_inherit tablets-cols_inherit mobiles-cols_1 valign_top type_default stacking_default\"><div class=\"wpb_column vc_column_container\"><div class=\"vc_column-inner\"><div class=\"wpb_text_column\"><div class=\"wpb_wrapper\"><h5><strong>1. IDENTIFICACI\u00d3 DEL TITULAR<\/strong><\/h5>\n<p><strong>www.manubens.es <\/strong>\u00e9s un domini titularitat de PRODUCCIONS JOSE MANUBENS, SAU domiciliada a Ramon Farguell, 26-28 \u00b7 PI Bufalvent \u00b7 08243 Manresa \u00b7 Barcelona \u00b7 Spain, inscrita al Registre Mercantil de Barcelona i adre\u00e7a de correu electr\u00f2nic\u00a0<a href=\"mailto:info@manubens.es\">info@manubens.es<\/a><\/p>\n<h5><strong>2. PROTECCI\u00d3 DE DADES<\/strong><\/h5>\n<p>PRODUCCIONS JOSE MANUBENS, SAU \u00e9s el responsable de l&#8217;tractament de les dades personals de l&#8217;Usuari i l&#8217;informa que aquestes dades seran tractades de conformitat amb el que disposen les normatives vigents en protecci\u00f3 de dades i d&#8217;acord amb la normativa vigent de la societat de la informaci\u00f3, per la qual cosa es facilita la seg\u00fcent informaci\u00f3 del tractament:<\/p>\n<p><strong>Fi del tractament:<\/strong>\u00a0mantenir una relaci\u00f3 comercial amb l&#8217;Usuari. Les operacions previstes per realitzar el tractament s\u00f3n:<\/p>\n<ul>\n<li>Remissi\u00f3 de comunicacions comercials publicit\u00e0ries, sempre que s&#8217;hagi autoritzat pr\u00e8viament, per email, fax, SMS, MMS, comunitats socials o qualsevol altre mitj\u00e0 electr\u00f2nic o f\u00edsic, present o futur, que possibiliti realitzar comunicacions comercials. Aquestes comunicacions seran realitzades per PRODUCCIONS JOSE MANUBENS, SAU i relacionades sobre els seus productes i serveis, o dels seus col\u00b7laboradors o prove\u00efdors amb els que aquest hagi arribat a algun acord de promoci\u00f3. En aquest cas, els tercers mai tindran acc\u00e9s a les dades personals.<\/li>\n<li>Realitzar estudis estad\u00edstics.<\/li>\n<li>Tramitar enc\u00e0rrecs de peticions o qualsevol tipus de petici\u00f3 que sigui realitzada per l&#8217;usuari a trav\u00e9s de qualsevol de les formes de contacte que es posen a la seva disposici\u00f3.<\/li>\n<li>Remetre el butllet\u00ed de not\u00edcies de la p\u00e0gina web.<\/li>\n<li> cas que presenti per via electr\u00f2nica i \/ oa trav\u00e9s d&#8217;un formulari web, el seu curr\u00edculum a la nostra empresa, les seves dades es tractaran confidencialment i amb la finalitat exclusiva de la tramitaci\u00f3 de la seva candidatura. La transmissi\u00f3 de dades tindr\u00e0 lloc de forma xifrada. En cas de produir-se alguna modificaci\u00f3 en les seves dades, li preguem ens ho comuniqui per escrit el m\u00e9s aviat possible, a fi de mantenir les seves dades degudament actualitzades.<\/li>\n<\/ul>\n<p>Les dades de l&#8217;curr\u00edculum que es faciliten seran conservades durant el termini d&#8217;un any, transcorregut el qual PRODUCCIONS JOSE MANUBENS, SAU procedir\u00e0 a la seva total destrucci\u00f3.<\/p>\n<p><strong>Criteris de conservaci\u00f3 de les dades:<\/strong>\u00a0es conservaran mentre hi hagi un inter\u00e8s mutu per mantenir el cap de l&#8217;tractament i quan ja no sigui necessari per a tal fi, es suprimiran amb mesures de seguretat adequades per garantir la seudonimizaci\u00f3n de les dades o la destrucci\u00f3 total dels mateixos.<\/p>\n<p><strong>Destinataris de les dades:<\/strong>\u00a0Llevat obligaci\u00f3 legal, PRODUCCIONS JOSE MANUBENS, SAU informa i garanteix expressament als usuaris que les seves dades personals no seran cedides en cap cas a tercers, i que sempre que realitzar\u00e0 algun tipus de cessi\u00f3 de dades personals, es demanar\u00e0 pr\u00e8viament el consentiment expr\u00e9s, informat i inequ\u00edvoc per part dels Usuaris.<\/p>\n<p><strong>Transfer\u00e8ncies Internacionals:<\/strong>\u00a0NNo es realitzen transfer\u00e8ncies internacionals de dades a tercers pa\u00efsos fora de la Uni\u00f3 Europea.<\/p>\n<p><strong>Drets que assisteixen a l&#8217;Usuari:<\/strong><\/p>\n<ul>\n<li>Dret a retirar el consentiment en qualsevol moment.<\/li>\n<li>Dret d&#8217;acc\u00e9s, rectificaci\u00f3, portabilitat i supressi\u00f3 de les seves dades ia la limitaci\u00f3 o oposici\u00f3 a l&#8217;el seu tractament.<\/li>\n<li>Dret a presentar una reclamaci\u00f3 davant l&#8217;autoritat de control (<a href=\"http:\/\/www.agpd.es\/\">www.agpd.es<\/a>) si considera que el tractament no s&#8217;ajusta a la normativa vigent.<\/li>\n<li>Podr\u00e0 revocar en qualsevol moment el consentiment prestat a la recepci\u00f3 de comunicacions comercials, enviant la seva sol\u00b7licitud a l&#8217;correu electr\u00f2nic\u00a0<a href=\"mailto:info@manubens.es\">info@manubens.es<\/a><\/li>\n<\/ul>\n<p><strong>Dades de contacte per exercir els seus drets:<\/strong><\/p>\n<ul>\n<li>Adre\u00e7a postal: Ramon Farguell, 26-28 \u00b7 PI Bufalvent \u00b7 08243 Manresa \u00b7 Barcelona \u00b7 Spain<\/li>\n<li>Adre\u00e7a electr\u00f2nica:\u00a0<a href=\"mailto:info@manubens.es\">info@manubens.es<\/a><\/li>\n<\/ul>\n<p>Els Usuaris, mitjan\u00e7ant la marcaci\u00f3 de les caselles corresponents i entrada de dades en els camps, marcats amb un asterisc (*) en el formulari de contacte o presentats en formularis de desc\u00e0rrega, accepten expressament i de forma lliure i inequ\u00edvoca, que les seves dades s\u00f3n necessaris per atendre la seva petici\u00f3, per part de prestador, sent volunt\u00e0ria la inclusi\u00f3 de dades en els camps restants. L&#8217;Usuari garanteix que les dades personals facilitades a PRODUCCIONS JOSE MANUBENS, SAU s\u00f3n veraces i es fa responsable de comunicar qualsevol modificaci\u00f3 de les mateixes.<\/p>\n<p>Totes les dades sol\u00b7licitades a trav\u00e9s del lloc web s\u00f3n obligatoris, ja que s\u00f3n necessaris per a la prestaci\u00f3 d&#8217;un servei \u00f2ptim a l&#8217;usuari. En cas que no siguin facilitades totes les dades, no es garanteix que la informaci\u00f3 i serveis facilitats sigui completament ajustats a les seves necessitats.<\/p>\n<h5><strong>3. MESURES DE SEGURETAT<\/strong><\/h5>\n<p>PRODUCCIONS JOSE MANUBENS, SAU, est\u00e0 complint amb la normativa vigent en protecci\u00f3 de dades, i manifesta que les dades s\u00f3n tractats de manera l\u00edcita, lleial i transparent en relaci\u00f3 amb l&#8217;interessat i adequades, pertinents i limitats al que \u00e9s necessari en relaci\u00f3 amb les finalitats per a els que s\u00f3n tractats.<\/p>\n<p>PRODUCCIONS JOSE MANUBENS, SAU garanteix que ha implementat pol\u00edtiques t\u00e8cniques i organitzatives apropiades per aplicar les mesures de seguretat que estableixen la normativa vigent en protecci\u00f3 de dades, per tal de protegir els drets i llibertats dels Usuaris i els ha comunicat la informaci\u00f3 adequada per que puguin exercir-los.<\/p>\n<h5><strong>4. DRETS DE PROPIETAT INTEL\u00b7LECTUAL I INDUSTRIAL<\/strong><\/h5>\n<p>El lloc web, incloent a t\u00edtol enunciatiu, per\u00f2 no limitatiu la seva programaci\u00f3, edici\u00f3, compilaci\u00f3 i altres elements necessaris per al seu funcionament, els dissenys, logotips, text i \/ o gr\u00e0fics, s\u00f3n propietat de PRODUCCIONS JOSE MANUBENS, SAU o, si \u00e9s el cas, disposa de llic\u00e8ncia o autoritzaci\u00f3 expressa per part dels autors. Tots els continguts del lloc web es troben degudament protegits per la normativa de propietat intel\u00b7lectual i industrial, aix\u00ed com inscrits en els registres p\u00fablics corresponents.<\/p>\n<p>Independentment de la finalitat per a la qual fossin destinats, la reproducci\u00f3 total o parcial, \u00fas, explotaci\u00f3, distribuci\u00f3 i comercialitzaci\u00f3, requereix en tot cas de l&#8217;autoritzaci\u00f3 escrita pr\u00e8via per part de PRODUCCIONS JOSE MANUBENS, SAU Qualsevol \u00fas no autoritzat pr\u00e8viament es considera un incompliment greu dels drets de propietat intel\u00b7lectual o industrial de l&#8217;autor.<\/p>\n<p>Els dissenys, logotips, text i \/ o gr\u00e0fics aliens a PRODUCCIONS JOSE MANUBENS, SAU i que poguessin apar\u00e8ixer en el lloc web, pertanyen als seus respectius propietaris, sent ells mateixos responsables de qualsevol possible controv\u00e8rsia que pogu\u00e9s suscitar respecte a aquests.<\/p>\n<p>Per realitzar qualsevol tipus d&#8217;observaci\u00f3 respecte a possibles incompliments dels drets de propietat intel\u00b7lectual o industrial, aix\u00ed com sobre qualsevol dels continguts del lloc web, pot fer-ho mitjan\u00e7ant el correu electr\u00f2nic\u00a0<a href=\"mailto:info@manubens.es\">info@manubens.es<\/a><\/p>\n<h5><strong>5. EXEMPCI\u00d3 DE RESPONSABILITATS<\/strong><\/h5>\n<p>PRODUCCIONS JOSE MANUBENS, SAU s&#8217;eximeix de qualsevol tipus de responsabilitat derivada de la informaci\u00f3 publicada al seu lloc web sempre que aquesta informaci\u00f3 hagi estat manipulada o introdu\u00efda per un tercer ali\u00e8 a aquest.<\/p>\n<p><strong>Pol\u00edtica d&#8217;enlla\u00e7os<\/strong><\/p>\n<p>Des del lloc web, \u00e9s possible que es redirigeixi a continguts de tercers llocs web. At\u00e8s que PRODUCCIONS JOSE MANUBENS, SAU no pot controlar sempre els continguts introdu\u00efts pels tercers en els seus respectius llocs web, no assumeix cap tipus de responsabilitat respecte a aquests continguts. En tot cas, procedir\u00e0 a la retirada immediata de qualsevol contingut que pogu\u00e9s contravenir la legislaci\u00f3 nacional o internacional, la moral o l&#8217;ordre p\u00fablic, procedint a la retirada immediata de la redirecci\u00f3 a dit lloc web, posant en coneixement de les autoritats competents el contingut en q\u00fcesti\u00f3.<\/p>\n<p>PRODUCCIONS JOSE MANUBENS, SAU no es fa responsable de la informaci\u00f3 i continguts emmagatzemats, a t\u00edtol enunciatiu, per\u00f2 no limitatiu, en f\u00f2rums, xats, generadors de blogs, comentaris, xarxes socials o qualsevol altre mitj\u00e0 que permeti a tercers publicar continguts de forma independent a la p\u00e0gina web de PRODUCCIONS JOSE MANUBENS, SAU No obstant aix\u00f2, i en compliment del que disposa la normativa vigent de la Societat de la Informaci\u00f3, es posa a disposici\u00f3 de tots els usuaris, autoritats i forces de seguretat, col\u00b7laborant de manera activa en la retirada o, si escau, bloqueig de tots aquells continguts que puguin afectar o contravenir la legislaci\u00f3 nacional o internacional, els drets de tercers o la moral i l&#8217;ordre p\u00fablic.En cas que l&#8217;usuari consideri que existeix en el lloc web algun contingut que pogu\u00e9s ser susceptible d&#8217;aquesta classificaci\u00f3, es prega ho faci saber de forma immediata a l&#8217;administrador del lloc web.<\/p>\n<p>Aquest lloc web ha estat revisat i provat perqu\u00e8 funcioni correctament. En principi, pot garantir-se el correcte funcionament els 365 dies de l&#8217;any, 24 hores a el dia. No obstant aix\u00f2, PRODUCCIONS JOSE MANUBENS, SAU no descarta la possibilitat que existeixin certs errors de programaci\u00f3, o que esdevinguin causes de for\u00e7a major, cat\u00e0strofes naturals, vagues o circumst\u00e0ncies semblants que facin impossible l&#8217;acc\u00e9s a la p\u00e0gina web.<\/p>\n<p><strong>Adreces IP<\/strong><\/p>\n<p>Els servidors del lloc web podran detectar de manera autom\u00e0tica l&#8217;adre\u00e7a IP i el nom de domini utilitzats per l&#8217;usuari. Una adre\u00e7a IP \u00e9s un nombre assignat autom\u00e0ticament a un ordinador quan aquest es connecta a Internet.<\/p>\n<p>Tota aquesta informaci\u00f3 \u00e9s registrada en un fitxer d&#8217;activitat de l&#8217;servidor degudament inscrit que permet el posterior processament de les dades amb la finalitat d&#8217;obtenir mesures \u00fanicament estad\u00edstiques que permetin con\u00e8ixer el nombre d&#8217;impressions de p\u00e0gines, el nombre de visites realitzades als servidors web, l&#8217;ordre de visites, el punt d&#8217;acc\u00e9s, etc.<\/p>\n<h5><strong>6. NORMES DEL COMPORTAMENT DEL BLOC<\/strong><\/h5>\n<p>PRODUCCIONS JOSE MANUBENS, SAU li agraeix el seu inter\u00e8s per fer \u00fas dels nostres canals de participaci\u00f3. Els comentaris s\u00f3n una via de participaci\u00f3 per a tots els usuaris d&#8217;aquest mitj\u00e0.<\/p>\n<p>Si vols participar en els nostres blocs, haur\u00e0s d&#8217;acceptar aquestes regles:<\/p>\n<ol>\n<li>Responsabilitat de l&#8217;Usuari. A l&#8217;participar en els blocs de la web ets l&#8217;\u00fanic responsable dels missatges que difonguis a trav\u00e9s d&#8217;aquells, garantint a PRODUCCIONS JOSE MANUBENS, SAU la total indemnitat davant qualsevol reclamaci\u00f3 que pogu\u00e9s plantejar-se per tals conceptes.<br \/>En el cas que els missatges continguin material protegit per drets de propietat intel\u00b7lectual o industrial, l&#8217;usuari garanteix que n&#8217;\u00e9s el propietari o compte amb l&#8217;autoritzaci\u00f3 de l&#8217;propietari per difondre&#8217;l en els Blogs.<br \/>I s&#8217;eximeix PRODUCCIONS JOSE MANUBENS, SAU de qualsevol reclamaci\u00f3 de tercers que es planteg\u00e9s per aquests conceptes.<\/li>\n<li>L&#8217;usuari haur\u00e0, abans de publicar un missatge, escollir el bloc apropiat. Aquells missatges que no s&#8217;ajustin a la tem\u00e0tica de l&#8217;bloc podran ser eliminats. Est\u00e0 totalment prohibit publicar promocions i enlla\u00e7os d&#8217;ofertes comercials, publicitat, material promocional, cartes cadena ni qualsevol activitat promocional directa o indirecta o qualsevol altre tipus de comentari que no s&#8217;ajusti a el normal desenvolupament dels temes dels blocs.<\/li>\n<li>L&#8217;usuari haur\u00e0 de respectar a la resta d&#8217;usuaris. L&#8217;usuari ha de ser tolerant i respectu\u00f3s amb els missatges i opinions dels altres usuaris. Es podran suprimir aquells missatges que puguin ser considerats lesius contra els drets de tercers o que atemptin contra el desenvolupament pac\u00edfic dels blocs.<\/li>\n<li>PRODUCCIONS JOSE MANUBENS, SAU es reserva el dret de reproduir, modificar, o difondre els missatges publicats en els blocs de la web d&#8217;acord amb els termes i mitjans convenients sense que per aix\u00f2 correspongui a l&#8217;usuari cap tipus de compensaci\u00f3.<\/li>\n<li>PRODUCCIONS JOSE MANUBENS, SAU no \u00e9s responsable del publicat en els blocs de la web ni garanteix la veracitat o exactitud de cap informaci\u00f3 publicada als mateixos. Correspon a l&#8217;usuari remitent dels missatges o informacions la responsabilitat sobre el seu contingut.<\/li>\n<li>PRODUCCIONS JOSE MANUBENS, SAU no garanteix la disponibilitat ni continu\u00eftat de el servei de blocs de la web, podent modificar-lo, suspendre&#8217;l o eliminar-lo de la web sense previ av\u00eds, en qualsevol moment.<\/li>\n<li>En el cas que un usuari pugui veure afectat per actuacions il\u00b7legals, o detecti un mal \u00fas dels blocs de la web per part d&#8217;altres usuaris, podr\u00e0 posar-ho en coneixement de PRODUCCIONS JOSE MANUBENS, SAU, a trav\u00e9s del correu electr\u00f2nic\u00a0<a href=\"mailto:info@manubens.es\">info@manubens.es<\/a>, indicant en la refer\u00e8ncia de l&#8217;assumpte &#8220;moderaci\u00f3 de blocs&#8221;, perqu\u00e8 PRODUCCIONS JOSE MANUBENS, SAU pugui moderar o eliminar els mateixos.<\/li>\n<li>L&#8217;usuari mantindr\u00e0 indemne a PRODUCCIONS JOSE MANUBENS, SAU enfront de qualsevol reclamaci\u00f3 que pogu\u00e9s presentar-se-pels missatges que l&#8217;usuari hagi dif\u00f3s en els blocs o per qualsevol altra conducta vinculada o derivada de la utilitzaci\u00f3 per l&#8217;usuari dels blocs de la web.<\/li>\n<\/ol>\n<h5><strong>7. LLEI APLICABLE Y JURISDICCI\u00d3<\/strong><\/h5>\n<p>La llei aplicable en cas de disputa o conflicte d&#8217;interpretaci\u00f3 dels termes que conformen aquesta pol\u00edtica de privacitat, aix\u00ed com qualsevol q\u00fcesti\u00f3 relacionada amb els serveis de la present web, ser\u00e0 la llei espanyola.<\/p>\n<\/div><\/div><\/div><\/div><\/div><\/div><\/section>\n","protected":false},"excerpt":{"rendered":"pol\u00edtica de privacitat 1. IDENTIFICACI\u00d3 DEL TITULAR www.manubens.es \u00e9s un domini titularitat de PRODUCCIONS JOSE MANUBENS, SAU domiciliada a Ramon Farguell, 26-28 \u00b7 PI Bufalvent \u00b7 08243 Manresa \u00b7 Barcelona \u00b7 Spain, inscrita al Registre Mercantil de Barcelona i adre\u00e7a de correu electr\u00f2nic\u00a0info@manubens.es 2. PROTECCI\u00d3 DE DADES PRODUCCIONS JOSE MANUBENS, SAU \u00e9s el responsable de...","protected":false},"author":3,"featured_media":0,"parent":0,"menu_order":202,"comment_status":"closed","ping_status":"closed","template":"","meta":{"footnotes":""},"class_list":["post-4865","page","type-page","status-publish","hentry"],"yoast_head":"<!-- This site is optimized with the Yoast SEO plugin v27.5 - https:\/\/yoast.com\/product\/yoast-seo-wordpress\/ -->\n<title>Pol\u00edtica de privacitat - Manubens<\/title>\n<meta name=\"robots\" content=\"index, follow, max-snippet:-1, max-image-preview:large, max-video-preview:-1\" \/>\n<link rel=\"canonical\" href=\"https:\/\/www.manubens.es\/ca\/politica-de-privacitat\/\" \/>\n<meta property=\"og:locale\" content=\"ca_ES\" \/>\n<meta property=\"og:type\" content=\"article\" \/>\n<meta property=\"og:title\" content=\"Pol\u00edtica de privacitat - Manubens\" \/>\n<meta property=\"og:url\" content=\"https:\/\/www.manubens.es\/ca\/politica-de-privacitat\/\" \/>\n<meta property=\"og:site_name\" content=\"Manubens\" \/>\n<meta property=\"article:modified_time\" content=\"2021-12-16T14:49:07+00:00\" \/>\n<meta name=\"twitter:card\" content=\"summary_large_image\" \/>\n<meta name=\"twitter:label1\" content=\"Temps estimat de lectura\" \/>\n\t<meta name=\"twitter:data1\" content=\"11 minuts\" \/>\n<script type=\"application\/ld+json\" class=\"yoast-schema-graph\">{\"@context\":\"https:\\\/\\\/schema.org\",\"@graph\":[{\"@type\":\"WebPage\",\"@id\":\"https:\\\/\\\/www.manubens.es\\\/ca\\\/politica-de-privacitat\\\/\",\"url\":\"https:\\\/\\\/www.manubens.es\\\/ca\\\/politica-de-privacitat\\\/\",\"name\":\"Pol\u00edtica de privacitat - Manubens\",\"isPartOf\":{\"@id\":\"https:\\\/\\\/www.manubens.es\\\/ca\\\/#website\"},\"datePublished\":\"2021-06-30T09:37:12+00:00\",\"dateModified\":\"2021-12-16T14:49:07+00:00\",\"breadcrumb\":{\"@id\":\"https:\\\/\\\/www.manubens.es\\\/ca\\\/politica-de-privacitat\\\/#breadcrumb\"},\"inLanguage\":\"ca\",\"potentialAction\":[{\"@type\":\"ReadAction\",\"target\":[\"https:\\\/\\\/www.manubens.es\\\/ca\\\/politica-de-privacitat\\\/\"]}]},{\"@type\":\"BreadcrumbList\",\"@id\":\"https:\\\/\\\/www.manubens.es\\\/ca\\\/politica-de-privacitat\\\/#breadcrumb\",\"itemListElement\":[{\"@type\":\"ListItem\",\"position\":1,\"name\":\"Portada\",\"item\":\"https:\\\/\\\/www.manubens.es\\\/ca\\\/\"},{\"@type\":\"ListItem\",\"position\":2,\"name\":\"Pol\u00edtica de privacitat\"}]},{\"@type\":\"WebSite\",\"@id\":\"https:\\\/\\\/www.manubens.es\\\/ca\\\/#website\",\"url\":\"https:\\\/\\\/www.manubens.es\\\/ca\\\/\",\"name\":\"Manubens\",\"description\":\"Manubens Cintas\",\"potentialAction\":[{\"@type\":\"SearchAction\",\"target\":{\"@type\":\"EntryPoint\",\"urlTemplate\":\"https:\\\/\\\/www.manubens.es\\\/ca\\\/?s={search_term_string}\"},\"query-input\":{\"@type\":\"PropertyValueSpecification\",\"valueRequired\":true,\"valueName\":\"search_term_string\"}}],\"inLanguage\":\"ca\"}]}<\/script>\n<!-- \/ Yoast SEO plugin. -->","yoast_head_json":{"title":"Pol\u00edtica de privacitat - Manubens","robots":{"index":"index","follow":"follow","max-snippet":"max-snippet:-1","max-image-preview":"max-image-preview:large","max-video-preview":"max-video-preview:-1"},"canonical":"https:\/\/www.manubens.es\/ca\/politica-de-privacitat\/","og_locale":"ca_ES","og_type":"article","og_title":"Pol\u00edtica de privacitat - Manubens","og_url":"https:\/\/www.manubens.es\/ca\/politica-de-privacitat\/","og_site_name":"Manubens","article_modified_time":"2021-12-16T14:49:07+00:00","twitter_card":"summary_large_image","twitter_misc":{"Temps estimat de lectura":"11 minuts"},"schema":{"@context":"https:\/\/schema.org","@graph":[{"@type":"WebPage","@id":"https:\/\/www.manubens.es\/ca\/politica-de-privacitat\/","url":"https:\/\/www.manubens.es\/ca\/politica-de-privacitat\/","name":"Pol\u00edtica de privacitat - Manubens","isPartOf":{"@id":"https:\/\/www.manubens.es\/ca\/#website"},"datePublished":"2021-06-30T09:37:12+00:00","dateModified":"2021-12-16T14:49:07+00:00","breadcrumb":{"@id":"https:\/\/www.manubens.es\/ca\/politica-de-privacitat\/#breadcrumb"},"inLanguage":"ca","potentialAction":[{"@type":"ReadAction","target":["https:\/\/www.manubens.es\/ca\/politica-de-privacitat\/"]}]},{"@type":"BreadcrumbList","@id":"https:\/\/www.manubens.es\/ca\/politica-de-privacitat\/#breadcrumb","itemListElement":[{"@type":"ListItem","position":1,"name":"Portada","item":"https:\/\/www.manubens.es\/ca\/"},{"@type":"ListItem","position":2,"name":"Pol\u00edtica de privacitat"}]},{"@type":"WebSite","@id":"https:\/\/www.manubens.es\/ca\/#website","url":"https:\/\/www.manubens.es\/ca\/","name":"Manubens","description":"Manubens Cintas","potentialAction":[{"@type":"SearchAction","target":{"@type":"EntryPoint","urlTemplate":"https:\/\/www.manubens.es\/ca\/?s={search_term_string}"},"query-input":{"@type":"PropertyValueSpecification","valueRequired":true,"valueName":"search_term_string"}}],"inLanguage":"ca"}]}},"_links":{"self":[{"href":"https:\/\/www.manubens.es\/ca\/wp-json\/wp\/v2\/pages\/4865","targetHints":{"allow":["GET"]}}],"collection":[{"href":"https:\/\/www.manubens.es\/ca\/wp-json\/wp\/v2\/pages"}],"about":[{"href":"https:\/\/www.manubens.es\/ca\/wp-json\/wp\/v2\/types\/page"}],"author":[{"embeddable":true,"href":"https:\/\/www.manubens.es\/ca\/wp-json\/wp\/v2\/users\/3"}],"replies":[{"embeddable":true,"href":"https:\/\/www.manubens.es\/ca\/wp-json\/wp\/v2\/comments?post=4865"}],"version-history":[{"count":0,"href":"https:\/\/www.manubens.es\/ca\/wp-json\/wp\/v2\/pages\/4865\/revisions"}],"wp:attachment":[{"href":"https:\/\/www.manubens.es\/ca\/wp-json\/wp\/v2\/media?parent=4865"}],"curies":[{"name":"wp","href":"https:\/\/api.w.org\/{rel}","templated":true}]}}