{"id":12183,"date":"2024-05-31T15:28:10","date_gmt":"2024-05-31T13:28:10","guid":{"rendered":"https:\/\/www.manubens.es\/?page_id=12183"},"modified":"2024-05-31T15:28:10","modified_gmt":"2024-05-31T13:28:10","slug":"blog-sur-les-rubans-personnalises","status":"publish","type":"page","link":"https:\/\/www.manubens.es\/fr\/blog-sur-les-rubans-personnalises\/","title":{"rendered":"Blog sur les rubans personnalis\u00e9s"},"content":{"rendered":"<section class=\"l-section wpb_row height_large\"><div class=\"l-section-h i-cf\"><div class=\"g-cols vc_row via_grid cols_1 laptops-cols_inherit tablets-cols_inherit mobiles-cols_1 valign_top type_default stacking_default\"><div class=\"wpb_column vc_column_container\"><div class=\"vc_column-inner\"><h2 class=\"w-text us_custom_58b1af09\"><span class=\"w-text-h\"><span class=\"w-text-value\">BLOG SUR LES RUBANS PERSONNALIS\u00c9S<\/span><\/span><\/h2><div class=\"w-separator size_medium\"><\/div><div class=\"w-grid us_grid type_grid layout_7565 cols_3 pagination_regular overflow_hidden preload_style_spinner with_css_animation\" id=\"us_grid_1\" style=\"--columns:3;--gap:1.5rem;\" data-filterable=\"true\"><style>@media (max-width:1024px){#us_grid_1{--columns:2!important}}@media (max-width:600px){#us_grid_1{--columns:1!important}}.layout_7565 .w-grid-item-h{background:var(--color-content-bg);color:var(--color-content-heading);border-radius:0.3rem;box-shadow:0 0.03rem 0.06rem rgba(0,0,0,0.1),0 0.1rem 0.3rem rgba(0,0,0,0.1);transition-duration:0.3s}.no-touch .layout_7565 .w-grid-item-h:hover{box-shadow:0 0.12rem 0.24rem rgba(0,0,0,0.1),0 0.4rem 1.2rem rgba(0,0,0,0.15);z-index:4}.layout_7565 .usg_post_image_1{position:static!important}.layout_7565 .usg_vwrapper_1{position:static!important;padding:0.8rem 1.5rem 1.5rem 1.5rem!important}.layout_7565 .usg_hwrapper_1{margin-bottom:0.3rem!important}.layout_7565 .usg_post_date_1{color:var(--color-content-faded)!important;font-size:14px!important;margin-bottom:0.3rem!important}.layout_7565 .usg_post_title_1{color:inherit!important;font-weight:700!important;font-size:1.4rem!important}@media (max-width:600px){.layout_7565 .usg_post_title_1{font-size:1.2rem!important}}<\/style><div class=\"w-grid-list\">\t<article class=\"w-grid-item us_animate_fade size_1x1 post-15114 post type-post status-publish format-standard has-post-thumbnail hentry category-rubans-personnalises\" data-id=\"15114\" style=\"animation-delay:0s\">\r\n\t\t<div class=\"w-grid-item-h\">\r\n\t\t\t\t\t\t<div class=\"w-post-elm post_image usg_post_image_1 stretched\"><a href=\"https:\/\/www.manubens.es\/fr\/decouvrez-le-pouvoir-des-rubans-personnalises\/\" aria-label=\"D\u00e9couvrez le pouvoir des rubans personnalis\u00e9s\"><img loading=\"lazy\" decoding=\"async\" width=\"600\" height=\"600\" src=\"https:\/\/www.manubens.es\/wp-content\/uploads\/2022\/06\/cinta04-600x600.jpg\" class=\"attachment-us_600_600_crop size-us_600_600_crop wp-post-image\" alt=\"\" srcset=\"https:\/\/www.manubens.es\/wp-content\/uploads\/2022\/06\/cinta04-600x600.jpg 600w, https:\/\/www.manubens.es\/wp-content\/uploads\/2022\/06\/cinta04-300x300.jpg 300w, https:\/\/www.manubens.es\/wp-content\/uploads\/2022\/06\/cinta04-150x150.jpg 150w, https:\/\/www.manubens.es\/wp-content\/uploads\/2022\/06\/cinta04-350x350.jpg 350w, https:\/\/www.manubens.es\/wp-content\/uploads\/2022\/06\/cinta04-200x200.jpg 200w, https:\/\/www.manubens.es\/wp-content\/uploads\/2022\/06\/cinta04.jpg 1000w\" sizes=\"auto, (max-width: 600px) 100vw, 600px\" \/><\/a><\/div><div class=\"w-vwrapper usg_vwrapper_1 align_none valign_top\" style=\"--vwrapper-gap:0.7rem\"><div class=\"w-hwrapper usg_hwrapper_1 align_none valign_top\" style=\"--hwrapper-gap:1.2rem\"><time class=\"w-post-elm post_date usg_post_date_1 has_text_color entry-date published\" datetime=\"2024-05-31T13:22:15+02:00\" title=\"31 mai 2024 \u00e0 13:22:15 Europe\/Madrid\">31 mai 2024<\/time><\/div><h2 class=\"w-post-elm post_title usg_post_title_1 has_text_color entry-title color_link_inherit\"><a href=\"https:\/\/www.manubens.es\/fr\/decouvrez-le-pouvoir-des-rubans-personnalises\/\">D\u00e9couvrez le pouvoir des rubans personnalis\u00e9s<\/a><\/h2><\/div>\t\t<\/div>\r\n\t\t\t<\/article>\r\n<\/div>\t<div class=\"w-grid-preloader\">\r\n\t\t<div class=\"g-preloader type_1\">\r\n\t\t\t<div><\/div>\r\n\t\t<\/div>\r\n\t<\/div>\r\n\t\t<div class=\"w-grid-json hidden\" onclick='return {&quot;action&quot;:&quot;us_ajax_grid&quot;,&quot;infinite_scroll&quot;:0,&quot;max_num_pages&quot;:1,&quot;pagination&quot;:&quot;regular&quot;,&quot;template_vars&quot;:{&quot;columns&quot;:&quot;3&quot;,&quot;exclude_items&quot;:&quot;none&quot;,&quot;img_size&quot;:&quot;default&quot;,&quot;ignore_items_size&quot;:0,&quot;items_layout&quot;:&quot;7565&quot;,&quot;items_offset&quot;:&quot;1&quot;,&quot;load_animation&quot;:&quot;fade&quot;,&quot;overriding_link&quot;:&quot;{\\&quot;url\\&quot;:\\&quot;\\&quot;}&quot;,&quot;post_id&quot;:0,&quot;query_args&quot;:{&quot;post_type&quot;:[&quot;post&quot;],&quot;tax_query&quot;:[{&quot;taxonomy&quot;:&quot;category&quot;,&quot;field&quot;:&quot;slug&quot;,&quot;terms&quot;:[&quot;cintas-personalizadas&quot;]}],&quot;post_status&quot;:[&quot;publish&quot;],&quot;posts_per_page&quot;:999},&quot;orderby_query_args&quot;:{&quot;orderby&quot;:{&quot;date&quot;:&quot;DESC&quot;}},&quot;type&quot;:&quot;grid&quot;,&quot;us_grid_post_type&quot;:&quot;post&quot;,&quot;us_grid_ajax_index&quot;:1,&quot;us_grid_filter_query_string&quot;:null,&quot;us_grid_index&quot;:1,&quot;page_args&quot;:[],&quot;lang&quot;:&quot;fr&quot;}}'><\/div>\r\n\t<\/div><\/div><\/div><\/div><\/div><\/section>\n","protected":false},"excerpt":{"rendered":"Ils \u00e9l\u00e8vent votre marque et renforcent votre produit\u00a0 \u00a0Les rubans personnalis\u00e9s sont un outil puissant pour distinguer votre produit de celui de la concurrence \u00e0 travers l&#8217;emballage. Ils apportent de l&rsquo;exclusivit\u00e9 et cr\u00e9ent une connexion \u00e9motionnelle avec le client, am\u00e9liorant son exp\u00e9rience de d\u00e9ballage. La connexion \u00e9motionnelle du client en ouvrant notre produit\u00a0 Comprendre la...","protected":false},"author":4,"featured_media":0,"parent":0,"menu_order":113,"comment_status":"closed","ping_status":"closed","template":"","meta":{"footnotes":""},"class_list":["post-12183","page","type-page","status-publish","hentry"],"yoast_head":"<!-- This site is optimized with the Yoast SEO plugin v27.5 - https:\/\/yoast.com\/product\/yoast-seo-wordpress\/ -->\n<title>Blog sur les rubans personnalis\u00e9s - Manubens<\/title>\n<meta name=\"description\" content=\"Descubre cientos de ideas DIY para hacer en casa o en talleres de mercer\u00eda. Tutoriales f\u00e1ciles de seguir con explicaci\u00f3nes paso a paso.\" \/>\n<meta name=\"robots\" content=\"index, follow, max-snippet:-1, max-image-preview:large, max-video-preview:-1\" \/>\n<link rel=\"canonical\" href=\"https:\/\/www.manubens.es\/fr\/blog-sur-les-rubans-personnalises\/\" \/>\n<meta property=\"og:locale\" content=\"fr_FR\" \/>\n<meta property=\"og:type\" content=\"article\" \/>\n<meta property=\"og:title\" content=\"Blog sur les rubans personnalis\u00e9s - Manubens\" \/>\n<meta property=\"og:description\" content=\"Descubre cientos de ideas DIY para hacer en casa o en talleres de mercer\u00eda. Tutoriales f\u00e1ciles de seguir con explicaci\u00f3nes paso a paso.\" \/>\n<meta property=\"og:url\" content=\"https:\/\/www.manubens.es\/fr\/blog-sur-les-rubans-personnalises\/\" \/>\n<meta property=\"og:site_name\" content=\"Manubens\" \/>\n<meta name=\"twitter:card\" content=\"summary_large_image\" \/>\n<script type=\"application\/ld+json\" class=\"yoast-schema-graph\">{\"@context\":\"https:\\\/\\\/schema.org\",\"@graph\":[{\"@type\":\"WebPage\",\"@id\":\"https:\\\/\\\/www.manubens.es\\\/fr\\\/blog-sur-les-rubans-personnalises\\\/\",\"url\":\"https:\\\/\\\/www.manubens.es\\\/fr\\\/blog-sur-les-rubans-personnalises\\\/\",\"name\":\"Blog sur les rubans personnalis\u00e9s - Manubens\",\"isPartOf\":{\"@id\":\"https:\\\/\\\/www.manubens.es\\\/fr\\\/#website\"},\"datePublished\":\"2024-05-31T13:28:10+00:00\",\"description\":\"Descubre cientos de ideas DIY para hacer en casa o en talleres de mercer\u00eda. Tutoriales f\u00e1ciles de seguir con explicaci\u00f3nes paso a paso.\",\"breadcrumb\":{\"@id\":\"https:\\\/\\\/www.manubens.es\\\/fr\\\/blog-sur-les-rubans-personnalises\\\/#breadcrumb\"},\"inLanguage\":\"fr-FR\",\"potentialAction\":[{\"@type\":\"ReadAction\",\"target\":[\"https:\\\/\\\/www.manubens.es\\\/fr\\\/blog-sur-les-rubans-personnalises\\\/\"]}]},{\"@type\":\"BreadcrumbList\",\"@id\":\"https:\\\/\\\/www.manubens.es\\\/fr\\\/blog-sur-les-rubans-personnalises\\\/#breadcrumb\",\"itemListElement\":[{\"@type\":\"ListItem\",\"position\":1,\"name\":\"Portada\",\"item\":\"https:\\\/\\\/www.manubens.es\\\/fr\\\/\"},{\"@type\":\"ListItem\",\"position\":2,\"name\":\"Blog sur les rubans personnalis\u00e9s\"}]},{\"@type\":\"WebSite\",\"@id\":\"https:\\\/\\\/www.manubens.es\\\/fr\\\/#website\",\"url\":\"https:\\\/\\\/www.manubens.es\\\/fr\\\/\",\"name\":\"Manubens\",\"description\":\"Manubens Cintas\",\"potentialAction\":[{\"@type\":\"SearchAction\",\"target\":{\"@type\":\"EntryPoint\",\"urlTemplate\":\"https:\\\/\\\/www.manubens.es\\\/fr\\\/?s={search_term_string}\"},\"query-input\":{\"@type\":\"PropertyValueSpecification\",\"valueRequired\":true,\"valueName\":\"search_term_string\"}}],\"inLanguage\":\"fr-FR\"}]}<\/script>\n<!-- \/ Yoast SEO plugin. -->","yoast_head_json":{"title":"Blog sur les rubans personnalis\u00e9s - Manubens","description":"Descubre cientos de ideas DIY para hacer en casa o en talleres de mercer\u00eda. Tutoriales f\u00e1ciles de seguir con explicaci\u00f3nes paso a paso.","robots":{"index":"index","follow":"follow","max-snippet":"max-snippet:-1","max-image-preview":"max-image-preview:large","max-video-preview":"max-video-preview:-1"},"canonical":"https:\/\/www.manubens.es\/fr\/blog-sur-les-rubans-personnalises\/","og_locale":"fr_FR","og_type":"article","og_title":"Blog sur les rubans personnalis\u00e9s - Manubens","og_description":"Descubre cientos de ideas DIY para hacer en casa o en talleres de mercer\u00eda. Tutoriales f\u00e1ciles de seguir con explicaci\u00f3nes paso a paso.","og_url":"https:\/\/www.manubens.es\/fr\/blog-sur-les-rubans-personnalises\/","og_site_name":"Manubens","twitter_card":"summary_large_image","schema":{"@context":"https:\/\/schema.org","@graph":[{"@type":"WebPage","@id":"https:\/\/www.manubens.es\/fr\/blog-sur-les-rubans-personnalises\/","url":"https:\/\/www.manubens.es\/fr\/blog-sur-les-rubans-personnalises\/","name":"Blog sur les rubans personnalis\u00e9s - Manubens","isPartOf":{"@id":"https:\/\/www.manubens.es\/fr\/#website"},"datePublished":"2024-05-31T13:28:10+00:00","description":"Descubre cientos de ideas DIY para hacer en casa o en talleres de mercer\u00eda. Tutoriales f\u00e1ciles de seguir con explicaci\u00f3nes paso a paso.","breadcrumb":{"@id":"https:\/\/www.manubens.es\/fr\/blog-sur-les-rubans-personnalises\/#breadcrumb"},"inLanguage":"fr-FR","potentialAction":[{"@type":"ReadAction","target":["https:\/\/www.manubens.es\/fr\/blog-sur-les-rubans-personnalises\/"]}]},{"@type":"BreadcrumbList","@id":"https:\/\/www.manubens.es\/fr\/blog-sur-les-rubans-personnalises\/#breadcrumb","itemListElement":[{"@type":"ListItem","position":1,"name":"Portada","item":"https:\/\/www.manubens.es\/fr\/"},{"@type":"ListItem","position":2,"name":"Blog sur les rubans personnalis\u00e9s"}]},{"@type":"WebSite","@id":"https:\/\/www.manubens.es\/fr\/#website","url":"https:\/\/www.manubens.es\/fr\/","name":"Manubens","description":"Manubens Cintas","potentialAction":[{"@type":"SearchAction","target":{"@type":"EntryPoint","urlTemplate":"https:\/\/www.manubens.es\/fr\/?s={search_term_string}"},"query-input":{"@type":"PropertyValueSpecification","valueRequired":true,"valueName":"search_term_string"}}],"inLanguage":"fr-FR"}]}},"_links":{"self":[{"href":"https:\/\/www.manubens.es\/fr\/wp-json\/wp\/v2\/pages\/12183","targetHints":{"allow":["GET"]}}],"collection":[{"href":"https:\/\/www.manubens.es\/fr\/wp-json\/wp\/v2\/pages"}],"about":[{"href":"https:\/\/www.manubens.es\/fr\/wp-json\/wp\/v2\/types\/page"}],"author":[{"embeddable":true,"href":"https:\/\/www.manubens.es\/fr\/wp-json\/wp\/v2\/users\/4"}],"replies":[{"embeddable":true,"href":"https:\/\/www.manubens.es\/fr\/wp-json\/wp\/v2\/comments?post=12183"}],"version-history":[{"count":0,"href":"https:\/\/www.manubens.es\/fr\/wp-json\/wp\/v2\/pages\/12183\/revisions"}],"wp:attachment":[{"href":"https:\/\/www.manubens.es\/fr\/wp-json\/wp\/v2\/media?parent=12183"}],"curies":[{"name":"wp","href":"https:\/\/api.w.org\/{rel}","templated":true}]}}