{"id":4800,"date":"2021-06-21T17:50:12","date_gmt":"2021-06-21T15:50:12","guid":{"rendered":"https:\/\/www.manubens.es\/?page_id=4800"},"modified":"2025-06-17T13:04:23","modified_gmt":"2025-06-17T11:04:23","slug":"produits","status":"publish","type":"page","link":"https:\/\/www.manubens.es\/fr\/produits\/","title":{"rendered":"Nos rubans"},"content":{"rendered":"<section class=\"l-section wpb_row height_large\"><div class=\"l-section-h i-cf\"><div class=\"g-cols vc_row via_grid cols_1 laptops-cols_inherit tablets-cols_inherit mobiles-cols_1 valign_top type_default stacking_default\"><div class=\"wpb_column vc_column_container\"><div class=\"vc_column-inner\"><div class=\"w-grid us_grid type_grid layout_7999 cols_3 preload_style_spinner ratio_1x1\" id=\"us_grid_1\" style=\"--columns:3;--gap:0.5rem;--item-ratio:1;\"><style>@media (max-width:600px){#us_grid_1{--columns:1!important}}.layout_7999 .w-grid-item-h{}.layout_7999 .usg_post_custom_field_1{transition-duration:1s;transform-origin:50% 50%;transform:scale(0.9) translate(0%,0%)}.layout_7999 .w-grid-item-h:focus-within .usg_post_custom_field_1,.layout_7999 .w-grid-item-h:hover .usg_post_custom_field_1{transform:scale(1) translate(0%,0%);opacity:1}.layout_7999 .usg_vwrapper_1{position:absolute!important;left:0!important;bottom:0!important;right:0!important;padding:5rem 2rem 2rem 2rem!important}.layout_7999 .usg_post_title_1{color:var(--color-content-heading)!important;text-align:center!important;font-size:1.2rem!important}.layout_7999 .usg_post_custom_field_1{position:absolute!important;left:0!important;top:0!important;bottom:0!important;right:0!important}<\/style><div class=\"w-grid-list\">\t<article class=\"w-grid-item size_1x1 post-4819 page type-page status-publish hentry\" data-id=\"4819\">\r\n\t\t<div class=\"w-grid-item-h\">\r\n\t\t\t\t\t\t\t<a href=\"https:\/\/www.manubens.es\/fr\/produits\/ruban-a-chevrons\/\" class=\"w-grid-item-anchor\" aria-label=\"Ruban serg\u00e9 en coton\"><\/a>\r\n\t\t\t\t\t\t<div class=\"w-post-elm post_custom_field usg_post_custom_field_1 type_image us_tile_additional_image\"><img loading=\"lazy\" decoding=\"async\" width=\"600\" height=\"600\" src=\"https:\/\/www.manubens.es\/wp-content\/uploads\/2022\/07\/cinta-espiga-600x600.jpg\" class=\"attachment-large size-large\" alt=\"\" srcset=\"https:\/\/www.manubens.es\/wp-content\/uploads\/2022\/07\/cinta-espiga-600x600.jpg 600w, https:\/\/www.manubens.es\/wp-content\/uploads\/2022\/07\/cinta-espiga-300x300.jpg 300w, https:\/\/www.manubens.es\/wp-content\/uploads\/2022\/07\/cinta-espiga-150x150.jpg 150w, https:\/\/www.manubens.es\/wp-content\/uploads\/2022\/07\/cinta-espiga-350x350.jpg 350w, https:\/\/www.manubens.es\/wp-content\/uploads\/2022\/07\/cinta-espiga-200x200.jpg 200w, https:\/\/www.manubens.es\/wp-content\/uploads\/2022\/07\/cinta-espiga.jpg 1024w\" sizes=\"auto, (max-width: 600px) 100vw, 600px\" \/><\/div><div class=\"w-vwrapper usg_vwrapper_1 align_none valign_bottom\" style=\"--vwrapper-gap:0.7rem\"><h2 class=\"w-post-elm post_title usg_post_title_1 has_text_color align_center entry-title color_link_inherit\">Ruban serg\u00e9 en coton<\/h2><\/div>\t\t<\/div>\r\n\t\t\t<\/article>\r\n\t<article class=\"w-grid-item size_1x1 post-4806 page type-page status-publish has-post-thumbnail hentry\" data-id=\"4806\">\r\n\t\t<div class=\"w-grid-item-h\">\r\n\t\t\t\t\t\t\t<a href=\"https:\/\/www.manubens.es\/fr\/produits\/ruban-velours\/\" class=\"w-grid-item-anchor\" aria-label=\"Ruban de velours\"><\/a>\r\n\t\t\t\t\t\t<div class=\"w-post-elm post_custom_field usg_post_custom_field_1 type_image us_tile_additional_image\"><img loading=\"lazy\" decoding=\"async\" width=\"600\" height=\"600\" src=\"https:\/\/www.manubens.es\/wp-content\/uploads\/2022\/07\/cinta-terciopelo-600x600.jpg\" class=\"attachment-large size-large\" alt=\"\" srcset=\"https:\/\/www.manubens.es\/wp-content\/uploads\/2022\/07\/cinta-terciopelo-600x600.jpg 600w, https:\/\/www.manubens.es\/wp-content\/uploads\/2022\/07\/cinta-terciopelo-300x300.jpg 300w, https:\/\/www.manubens.es\/wp-content\/uploads\/2022\/07\/cinta-terciopelo-150x150.jpg 150w, https:\/\/www.manubens.es\/wp-content\/uploads\/2022\/07\/cinta-terciopelo-350x350.jpg 350w, https:\/\/www.manubens.es\/wp-content\/uploads\/2022\/07\/cinta-terciopelo-200x200.jpg 200w, https:\/\/www.manubens.es\/wp-content\/uploads\/2022\/07\/cinta-terciopelo.jpg 1024w\" sizes=\"auto, (max-width: 600px) 100vw, 600px\" \/><\/div><div class=\"w-vwrapper usg_vwrapper_1 align_none valign_bottom\" style=\"--vwrapper-gap:0.7rem\"><h2 class=\"w-post-elm post_title usg_post_title_1 has_text_color align_center entry-title color_link_inherit\">Ruban de velours<\/h2><\/div>\t\t<\/div>\r\n\t\t\t<\/article>\r\n\t<article class=\"w-grid-item size_1x1 post-4825 page type-page status-publish hentry\" data-id=\"4825\">\r\n\t\t<div class=\"w-grid-item-h\">\r\n\t\t\t\t\t\t\t<a href=\"https:\/\/www.manubens.es\/fr\/produits\/ruban-taffetas\/\" class=\"w-grid-item-anchor\" aria-label=\"Ruban de taffetas\"><\/a>\r\n\t\t\t\t\t\t<div class=\"w-post-elm post_custom_field usg_post_custom_field_1 type_image us_tile_additional_image\"><img loading=\"lazy\" decoding=\"async\" width=\"600\" height=\"600\" src=\"https:\/\/www.manubens.es\/wp-content\/uploads\/2022\/07\/cinta-tafetan-1-600x600.jpg\" class=\"attachment-large size-large\" alt=\"\" srcset=\"https:\/\/www.manubens.es\/wp-content\/uploads\/2022\/07\/cinta-tafetan-1-600x600.jpg 600w, https:\/\/www.manubens.es\/wp-content\/uploads\/2022\/07\/cinta-tafetan-1-300x300.jpg 300w, https:\/\/www.manubens.es\/wp-content\/uploads\/2022\/07\/cinta-tafetan-1-150x150.jpg 150w, https:\/\/www.manubens.es\/wp-content\/uploads\/2022\/07\/cinta-tafetan-1-350x350.jpg 350w, https:\/\/www.manubens.es\/wp-content\/uploads\/2022\/07\/cinta-tafetan-1-200x200.jpg 200w, https:\/\/www.manubens.es\/wp-content\/uploads\/2022\/07\/cinta-tafetan-1.jpg 1024w\" sizes=\"auto, (max-width: 600px) 100vw, 600px\" \/><\/div><div class=\"w-vwrapper usg_vwrapper_1 align_none valign_bottom\" style=\"--vwrapper-gap:0.7rem\"><h2 class=\"w-post-elm post_title usg_post_title_1 has_text_color align_center entry-title color_link_inherit\">Ruban de taffetas<\/h2><\/div>\t\t<\/div>\r\n\t\t\t<\/article>\r\n\t<article class=\"w-grid-item size_1x1 post-4831 page type-page status-publish has-post-thumbnail hentry\" data-id=\"4831\">\r\n\t\t<div class=\"w-grid-item-h\">\r\n\t\t\t\t\t\t\t<a href=\"https:\/\/www.manubens.es\/fr\/produits\/queue-de-rat\/\" class=\"w-grid-item-anchor\" aria-label=\"La queue de rat\"><\/a>\r\n\t\t\t\t\t\t<div class=\"w-post-elm post_custom_field usg_post_custom_field_1 type_image us_tile_additional_image\"><img loading=\"lazy\" decoding=\"async\" width=\"600\" height=\"600\" src=\"https:\/\/www.manubens.es\/wp-content\/uploads\/2022\/07\/cinta-cola-raton-1-600x600.jpg\" class=\"attachment-large size-large\" alt=\"\" srcset=\"https:\/\/www.manubens.es\/wp-content\/uploads\/2022\/07\/cinta-cola-raton-1-600x600.jpg 600w, https:\/\/www.manubens.es\/wp-content\/uploads\/2022\/07\/cinta-cola-raton-1-300x300.jpg 300w, https:\/\/www.manubens.es\/wp-content\/uploads\/2022\/07\/cinta-cola-raton-1-150x150.jpg 150w, https:\/\/www.manubens.es\/wp-content\/uploads\/2022\/07\/cinta-cola-raton-1-350x350.jpg 350w, https:\/\/www.manubens.es\/wp-content\/uploads\/2022\/07\/cinta-cola-raton-1-200x200.jpg 200w, https:\/\/www.manubens.es\/wp-content\/uploads\/2022\/07\/cinta-cola-raton-1.jpg 1024w\" sizes=\"auto, (max-width: 600px) 100vw, 600px\" \/><\/div><div class=\"w-vwrapper usg_vwrapper_1 align_none valign_bottom\" style=\"--vwrapper-gap:0.7rem\"><h2 class=\"w-post-elm post_title usg_post_title_1 has_text_color align_center entry-title color_link_inherit\">La queue de rat<\/h2><\/div>\t\t<\/div>\r\n\t\t\t<\/article>\r\n\t<article class=\"w-grid-item size_1x1 post-4839 page type-page status-publish hentry\" data-id=\"4839\">\r\n\t\t<div class=\"w-grid-item-h\">\r\n\t\t\t\t\t\t\t<a href=\"https:\/\/www.manubens.es\/fr\/produits\/bande-beta\/\" class=\"w-grid-item-anchor\" aria-label=\"Ruban toile en coton pour la mercerie\"><\/a>\r\n\t\t\t\t\t\t<div class=\"w-post-elm post_custom_field usg_post_custom_field_1 type_image us_tile_additional_image\"><img loading=\"lazy\" decoding=\"async\" width=\"600\" height=\"600\" src=\"https:\/\/www.manubens.es\/wp-content\/uploads\/2022\/07\/cinta-beta-600x600.jpg\" class=\"attachment-large size-large\" alt=\"\" srcset=\"https:\/\/www.manubens.es\/wp-content\/uploads\/2022\/07\/cinta-beta-600x600.jpg 600w, https:\/\/www.manubens.es\/wp-content\/uploads\/2022\/07\/cinta-beta-300x300.jpg 300w, https:\/\/www.manubens.es\/wp-content\/uploads\/2022\/07\/cinta-beta-150x150.jpg 150w, https:\/\/www.manubens.es\/wp-content\/uploads\/2022\/07\/cinta-beta-350x350.jpg 350w, https:\/\/www.manubens.es\/wp-content\/uploads\/2022\/07\/cinta-beta-200x200.jpg 200w, https:\/\/www.manubens.es\/wp-content\/uploads\/2022\/07\/cinta-beta.jpg 1024w\" sizes=\"auto, (max-width: 600px) 100vw, 600px\" \/><\/div><div class=\"w-vwrapper usg_vwrapper_1 align_none valign_bottom\" style=\"--vwrapper-gap:0.7rem\"><h2 class=\"w-post-elm post_title usg_post_title_1 has_text_color align_center entry-title color_link_inherit\">Ruban toile en coton pour la mercerie<\/h2><\/div>\t\t<\/div>\r\n\t\t\t<\/article>\r\n\t<article class=\"w-grid-item size_1x1 post-4845 page type-page status-publish hentry\" data-id=\"4845\">\r\n\t\t<div class=\"w-grid-item-h\">\r\n\t\t\t\t\t\t\t<a href=\"https:\/\/www.manubens.es\/fr\/produits\/ruban-organza\/\" class=\"w-grid-item-anchor\" aria-label=\"Ruban d&rsquo;organdi\"><\/a>\r\n\t\t\t\t\t\t<div class=\"w-post-elm post_custom_field usg_post_custom_field_1 type_image us_tile_additional_image\"><img loading=\"lazy\" decoding=\"async\" width=\"600\" height=\"600\" src=\"https:\/\/www.manubens.es\/wp-content\/uploads\/2022\/07\/cinta-organza-1-600x600.jpg\" class=\"attachment-large size-large\" alt=\"\" srcset=\"https:\/\/www.manubens.es\/wp-content\/uploads\/2022\/07\/cinta-organza-1-600x600.jpg 600w, https:\/\/www.manubens.es\/wp-content\/uploads\/2022\/07\/cinta-organza-1-300x300.jpg 300w, https:\/\/www.manubens.es\/wp-content\/uploads\/2022\/07\/cinta-organza-1-150x150.jpg 150w, https:\/\/www.manubens.es\/wp-content\/uploads\/2022\/07\/cinta-organza-1-350x350.jpg 350w, https:\/\/www.manubens.es\/wp-content\/uploads\/2022\/07\/cinta-organza-1-200x200.jpg 200w, https:\/\/www.manubens.es\/wp-content\/uploads\/2022\/07\/cinta-organza-1.jpg 1024w\" sizes=\"auto, (max-width: 600px) 100vw, 600px\" \/><\/div><div class=\"w-vwrapper usg_vwrapper_1 align_none valign_bottom\" style=\"--vwrapper-gap:0.7rem\"><h2 class=\"w-post-elm post_title usg_post_title_1 has_text_color align_center entry-title color_link_inherit\">Ruban d&rsquo;organdi<\/h2><\/div>\t\t<\/div>\r\n\t\t\t<\/article>\r\n\t<article class=\"w-grid-item size_1x1 post-4851 page type-page status-publish hentry\" data-id=\"4851\">\r\n\t\t<div class=\"w-grid-item-h\">\r\n\t\t\t\t\t\t\t<a href=\"https:\/\/www.manubens.es\/fr\/produits\/ruban-gros-grain\/\" class=\"w-grid-item-anchor\" aria-label=\"Ruban grosgrain\"><\/a>\r\n\t\t\t\t\t\t<div class=\"w-post-elm post_custom_field usg_post_custom_field_1 type_image us_tile_additional_image\"><img loading=\"lazy\" decoding=\"async\" width=\"600\" height=\"600\" src=\"https:\/\/www.manubens.es\/wp-content\/uploads\/2022\/07\/cinta-grosgrain-600x600.jpg\" class=\"attachment-large size-large\" alt=\"\" srcset=\"https:\/\/www.manubens.es\/wp-content\/uploads\/2022\/07\/cinta-grosgrain-600x600.jpg 600w, https:\/\/www.manubens.es\/wp-content\/uploads\/2022\/07\/cinta-grosgrain-300x300.jpg 300w, https:\/\/www.manubens.es\/wp-content\/uploads\/2022\/07\/cinta-grosgrain-150x150.jpg 150w, https:\/\/www.manubens.es\/wp-content\/uploads\/2022\/07\/cinta-grosgrain-350x350.jpg 350w, https:\/\/www.manubens.es\/wp-content\/uploads\/2022\/07\/cinta-grosgrain-200x200.jpg 200w, https:\/\/www.manubens.es\/wp-content\/uploads\/2022\/07\/cinta-grosgrain.jpg 1024w\" sizes=\"auto, (max-width: 600px) 100vw, 600px\" \/><\/div><div class=\"w-vwrapper usg_vwrapper_1 align_none valign_bottom\" style=\"--vwrapper-gap:0.7rem\"><h2 class=\"w-post-elm post_title usg_post_title_1 has_text_color align_center entry-title color_link_inherit\">Ruban grosgrain<\/h2><\/div>\t\t<\/div>\r\n\t\t\t<\/article>\r\n\t<article class=\"w-grid-item size_1x1 post-18913 page type-page status-publish has-post-thumbnail hentry\" data-id=\"18913\">\r\n\t\t<div class=\"w-grid-item-h\">\r\n\t\t\t\t\t\t\t<a href=\"https:\/\/www.manubens.es\/fr\/produits\/ruban-de-satin\/\" class=\"w-grid-item-anchor\" aria-label=\"Ruban de satin\"><\/a>\r\n\t\t\t\t\t\t<div class=\"w-post-elm post_custom_field usg_post_custom_field_1 type_image us_tile_additional_image\"><img loading=\"lazy\" decoding=\"async\" width=\"600\" height=\"600\" src=\"https:\/\/www.manubens.es\/wp-content\/uploads\/2022\/07\/cinta-raso-1-600x600.jpg\" class=\"attachment-large size-large\" alt=\"\" srcset=\"https:\/\/www.manubens.es\/wp-content\/uploads\/2022\/07\/cinta-raso-1-600x600.jpg 600w, https:\/\/www.manubens.es\/wp-content\/uploads\/2022\/07\/cinta-raso-1-300x300.jpg 300w, https:\/\/www.manubens.es\/wp-content\/uploads\/2022\/07\/cinta-raso-1-150x150.jpg 150w, https:\/\/www.manubens.es\/wp-content\/uploads\/2022\/07\/cinta-raso-1-350x350.jpg 350w, https:\/\/www.manubens.es\/wp-content\/uploads\/2022\/07\/cinta-raso-1-200x200.jpg 200w, https:\/\/www.manubens.es\/wp-content\/uploads\/2022\/07\/cinta-raso-1-115x115.jpg 115w, https:\/\/www.manubens.es\/wp-content\/uploads\/2022\/07\/cinta-raso-1.jpg 1024w\" sizes=\"auto, (max-width: 600px) 100vw, 600px\" \/><\/div><div class=\"w-vwrapper usg_vwrapper_1 align_none valign_bottom\" style=\"--vwrapper-gap:0.7rem\"><h2 class=\"w-post-elm post_title usg_post_title_1 has_text_color align_center entry-title color_link_inherit\">Ruban de satin<\/h2><\/div>\t\t<\/div>\r\n\t\t\t<\/article>\r\n\t<article class=\"w-grid-item size_1x1 post-15040 page type-page status-publish has-post-thumbnail hentry\" data-id=\"15040\">\r\n\t\t<div class=\"w-grid-item-h\">\r\n\t\t\t\t\t\t\t<a href=\"https:\/\/www.manubens.es\/fr\/produits\/ruban-auto-agrippant\/\" class=\"w-grid-item-anchor\" aria-label=\"Ruban auto-agrippant\"><\/a>\r\n\t\t\t\t\t\t<div class=\"w-post-elm post_custom_field usg_post_custom_field_1 type_image us_tile_additional_image\"><img loading=\"lazy\" decoding=\"async\" width=\"600\" height=\"600\" src=\"https:\/\/www.manubens.es\/wp-content\/uploads\/2024\/05\/cinta-cierre-600x600.jpg\" class=\"attachment-large size-large\" alt=\"\" srcset=\"https:\/\/www.manubens.es\/wp-content\/uploads\/2024\/05\/cinta-cierre-600x600.jpg 600w, https:\/\/www.manubens.es\/wp-content\/uploads\/2024\/05\/cinta-cierre-300x300.jpg 300w, https:\/\/www.manubens.es\/wp-content\/uploads\/2024\/05\/cinta-cierre-150x150.jpg 150w, https:\/\/www.manubens.es\/wp-content\/uploads\/2024\/05\/cinta-cierre-350x350.jpg 350w, https:\/\/www.manubens.es\/wp-content\/uploads\/2024\/05\/cinta-cierre-200x200.jpg 200w, https:\/\/www.manubens.es\/wp-content\/uploads\/2024\/05\/cinta-cierre-115x115.jpg 115w, https:\/\/www.manubens.es\/wp-content\/uploads\/2024\/05\/cinta-cierre-250x250.jpg 250w, https:\/\/www.manubens.es\/wp-content\/uploads\/2024\/05\/cinta-cierre.jpg 1024w\" sizes=\"auto, (max-width: 600px) 100vw, 600px\" \/><\/div><div class=\"w-vwrapper usg_vwrapper_1 align_none valign_bottom\" style=\"--vwrapper-gap:0.7rem\"><h2 class=\"w-post-elm post_title usg_post_title_1 has_text_color align_center entry-title color_link_inherit\">Ruban auto-agrippant<\/h2><\/div>\t\t<\/div>\r\n\t\t\t<\/article>\r\n\t<article class=\"w-grid-item size_1x1 post-15048 page type-page status-publish has-post-thumbnail hentry\" data-id=\"15048\">\r\n\t\t<div class=\"w-grid-item-h\">\r\n\t\t\t\t\t\t\t<a href=\"https:\/\/www.manubens.es\/fr\/produits\/ruban-en-lin\/\" class=\"w-grid-item-anchor\" aria-label=\"Ruban en lin\"><\/a>\r\n\t\t\t\t\t\t<div class=\"w-post-elm post_custom_field usg_post_custom_field_1 type_image us_tile_additional_image\"><img loading=\"lazy\" decoding=\"async\" width=\"600\" height=\"600\" src=\"https:\/\/www.manubens.es\/wp-content\/uploads\/2022\/07\/cinta-lino-600x600.jpg\" class=\"attachment-large size-large\" alt=\"\" srcset=\"https:\/\/www.manubens.es\/wp-content\/uploads\/2022\/07\/cinta-lino-600x600.jpg 600w, https:\/\/www.manubens.es\/wp-content\/uploads\/2022\/07\/cinta-lino-300x300.jpg 300w, https:\/\/www.manubens.es\/wp-content\/uploads\/2022\/07\/cinta-lino-150x150.jpg 150w, https:\/\/www.manubens.es\/wp-content\/uploads\/2022\/07\/cinta-lino-350x350.jpg 350w, https:\/\/www.manubens.es\/wp-content\/uploads\/2022\/07\/cinta-lino-200x200.jpg 200w, https:\/\/www.manubens.es\/wp-content\/uploads\/2022\/07\/cinta-lino-115x115.jpg 115w, https:\/\/www.manubens.es\/wp-content\/uploads\/2022\/07\/cinta-lino.jpg 1024w\" sizes=\"auto, (max-width: 600px) 100vw, 600px\" \/><\/div><div class=\"w-vwrapper usg_vwrapper_1 align_none valign_bottom\" style=\"--vwrapper-gap:0.7rem\"><h2 class=\"w-post-elm post_title usg_post_title_1 has_text_color align_center entry-title color_link_inherit\">Ruban en lin<\/h2><\/div>\t\t<\/div>\r\n\t\t\t<\/article>\r\n\t<article class=\"w-grid-item size_1x1 post-16032 page type-page status-publish has-post-thumbnail hentry\" data-id=\"16032\">\r\n\t\t<div class=\"w-grid-item-h\">\r\n\t\t\t\t\t\t\t<a href=\"https:\/\/www.manubens.es\/fr\/produits\/ruban-petersham-en-coton-100\/\" class=\"w-grid-item-anchor\" aria-label=\"Ruban petersham en coton 100%\"><\/a>\r\n\t\t\t\t\t\t<div class=\"w-post-elm post_custom_field usg_post_custom_field_1 type_image us_tile_additional_image\"><img loading=\"lazy\" decoding=\"async\" width=\"600\" height=\"600\" src=\"https:\/\/www.manubens.es\/wp-content\/uploads\/2024\/07\/petersham-00-600x600.jpg\" class=\"attachment-large size-large\" alt=\"\" srcset=\"https:\/\/www.manubens.es\/wp-content\/uploads\/2024\/07\/petersham-00-600x600.jpg 600w, https:\/\/www.manubens.es\/wp-content\/uploads\/2024\/07\/petersham-00-300x300.jpg 300w, https:\/\/www.manubens.es\/wp-content\/uploads\/2024\/07\/petersham-00-150x150.jpg 150w, https:\/\/www.manubens.es\/wp-content\/uploads\/2024\/07\/petersham-00-350x350.jpg 350w, https:\/\/www.manubens.es\/wp-content\/uploads\/2024\/07\/petersham-00-200x200.jpg 200w, https:\/\/www.manubens.es\/wp-content\/uploads\/2024\/07\/petersham-00-115x115.jpg 115w, https:\/\/www.manubens.es\/wp-content\/uploads\/2024\/07\/petersham-00-250x250.jpg 250w, https:\/\/www.manubens.es\/wp-content\/uploads\/2024\/07\/petersham-00.jpg 1024w\" sizes=\"auto, (max-width: 600px) 100vw, 600px\" \/><\/div><div class=\"w-vwrapper usg_vwrapper_1 align_none valign_bottom\" style=\"--vwrapper-gap:0.7rem\"><h2 class=\"w-post-elm post_title usg_post_title_1 has_text_color align_center entry-title color_link_inherit\">Ruban petersham en coton 100%<\/h2><\/div>\t\t<\/div>\r\n\t\t\t<\/article>\r\n<\/div>\t<div class=\"w-grid-preloader\">\r\n\t\t<div class=\"g-preloader type_1\">\r\n\t\t\t<div><\/div>\r\n\t\t<\/div>\r\n\t<\/div>\r\n\t\t<div class=\"w-grid-json hidden\" onclick='return {&quot;action&quot;:&quot;us_ajax_grid&quot;,&quot;infinite_scroll&quot;:0,&quot;max_num_pages&quot;:1,&quot;pagination&quot;:&quot;none&quot;,&quot;template_vars&quot;:{&quot;columns&quot;:&quot;3&quot;,&quot;exclude_items&quot;:&quot;none&quot;,&quot;img_size&quot;:&quot;default&quot;,&quot;ignore_items_size&quot;:0,&quot;items_layout&quot;:&quot;7999&quot;,&quot;items_offset&quot;:&quot;1&quot;,&quot;load_animation&quot;:&quot;none&quot;,&quot;overriding_link&quot;:&quot;%7B%22type%22%3A%22post%22%7D&quot;,&quot;post_id&quot;:0,&quot;query_args&quot;:{&quot;ignore_sticky_posts&quot;:1,&quot;post_type&quot;:&quot;any&quot;,&quot;post__in&quot;:[&quot;1932&quot;,&quot;1926&quot;,&quot;1920&quot;,&quot;1910&quot;,&quot;1905&quot;,&quot;1892&quot;,&quot;1891&quot;,&quot;14701&quot;,&quot;6883&quot;,&quot;16028&quot;,&quot;18913&quot;],&quot;posts_per_page&quot;:999},&quot;orderby_query_args&quot;:{&quot;orderby&quot;:{&quot;menu_order&quot;:&quot;ASC&quot;},&quot;order&quot;:&quot;ASC&quot;},&quot;type&quot;:&quot;grid&quot;,&quot;us_grid_post_type&quot;:&quot;ids&quot;,&quot;us_grid_ajax_index&quot;:1,&quot;us_grid_filter_query_string&quot;:null,&quot;us_grid_index&quot;:1,&quot;page_args&quot;:[],&quot;lang&quot;:&quot;fr&quot;}}'><\/div>\r\n\t<\/div><\/div><\/div><\/div><\/div><\/section>\n","protected":false},"excerpt":{"rendered":"Ruban petersham en coton 100%La subtilit\u00e9 d&rsquo;un bord ondul\u00e9 C\u00f4tel\u00e9, doux, r\u00e9sistant et avec un bord ondul\u00e9, le ruban petersham fabriqu\u00e9 en 100% coton apporte versatilit\u00e9 et durabilit\u00e9 gr\u00e2ce \u00e0 son tissu robuste et sa capacit\u00e9 \u00e0 s&rsquo;adapter aux formes courb\u00e9es par sa structure flexible. Le ruban petersham est le choix pr\u00e9f\u00e9r\u00e9 lorsque vous recherchez...","protected":false},"author":3,"featured_media":0,"parent":0,"menu_order":91,"comment_status":"closed","ping_status":"closed","template":"","meta":{"footnotes":""},"class_list":["post-4800","page","type-page","status-publish","hentry"],"yoast_head":"<!-- This site is optimized with the Yoast SEO plugin v27.5 - https:\/\/yoast.com\/product\/yoast-seo-wordpress\/ -->\n<title>Nos rubans - Manubens<\/title>\n<meta name=\"robots\" content=\"index, follow, max-snippet:-1, max-image-preview:large, max-video-preview:-1\" \/>\n<link rel=\"canonical\" href=\"https:\/\/www.manubens.es\/fr\/produits\/\" \/>\n<meta property=\"og:locale\" content=\"fr_FR\" \/>\n<meta property=\"og:type\" content=\"article\" \/>\n<meta property=\"og:title\" content=\"Nos rubans - Manubens\" \/>\n<meta property=\"og:url\" content=\"https:\/\/www.manubens.es\/fr\/produits\/\" \/>\n<meta property=\"og:site_name\" content=\"Manubens\" \/>\n<meta property=\"article:modified_time\" content=\"2025-06-17T11:04:23+00:00\" \/>\n<meta name=\"twitter:card\" content=\"summary_large_image\" \/>\n<meta name=\"twitter:label1\" content=\"Dur\u00e9e de lecture estim\u00e9e\" \/>\n\t<meta name=\"twitter:data1\" content=\"1 minute\" \/>\n<script type=\"application\/ld+json\" class=\"yoast-schema-graph\">{\"@context\":\"https:\\\/\\\/schema.org\",\"@graph\":[{\"@type\":\"WebPage\",\"@id\":\"https:\\\/\\\/www.manubens.es\\\/fr\\\/produits\\\/\",\"url\":\"https:\\\/\\\/www.manubens.es\\\/fr\\\/produits\\\/\",\"name\":\"Nos rubans - Manubens\",\"isPartOf\":{\"@id\":\"https:\\\/\\\/www.manubens.es\\\/fr\\\/#website\"},\"datePublished\":\"2021-06-21T15:50:12+00:00\",\"dateModified\":\"2025-06-17T11:04:23+00:00\",\"breadcrumb\":{\"@id\":\"https:\\\/\\\/www.manubens.es\\\/fr\\\/produits\\\/#breadcrumb\"},\"inLanguage\":\"fr-FR\",\"potentialAction\":[{\"@type\":\"ReadAction\",\"target\":[\"https:\\\/\\\/www.manubens.es\\\/fr\\\/produits\\\/\"]}]},{\"@type\":\"BreadcrumbList\",\"@id\":\"https:\\\/\\\/www.manubens.es\\\/fr\\\/produits\\\/#breadcrumb\",\"itemListElement\":[{\"@type\":\"ListItem\",\"position\":1,\"name\":\"Portada\",\"item\":\"https:\\\/\\\/www.manubens.es\\\/fr\\\/\"},{\"@type\":\"ListItem\",\"position\":2,\"name\":\"Nos rubans\"}]},{\"@type\":\"WebSite\",\"@id\":\"https:\\\/\\\/www.manubens.es\\\/fr\\\/#website\",\"url\":\"https:\\\/\\\/www.manubens.es\\\/fr\\\/\",\"name\":\"Manubens\",\"description\":\"Manubens Cintas\",\"potentialAction\":[{\"@type\":\"SearchAction\",\"target\":{\"@type\":\"EntryPoint\",\"urlTemplate\":\"https:\\\/\\\/www.manubens.es\\\/fr\\\/?s={search_term_string}\"},\"query-input\":{\"@type\":\"PropertyValueSpecification\",\"valueRequired\":true,\"valueName\":\"search_term_string\"}}],\"inLanguage\":\"fr-FR\"}]}<\/script>\n<!-- \/ Yoast SEO plugin. -->","yoast_head_json":{"title":"Nos rubans - Manubens","robots":{"index":"index","follow":"follow","max-snippet":"max-snippet:-1","max-image-preview":"max-image-preview:large","max-video-preview":"max-video-preview:-1"},"canonical":"https:\/\/www.manubens.es\/fr\/produits\/","og_locale":"fr_FR","og_type":"article","og_title":"Nos rubans - Manubens","og_url":"https:\/\/www.manubens.es\/fr\/produits\/","og_site_name":"Manubens","article_modified_time":"2025-06-17T11:04:23+00:00","twitter_card":"summary_large_image","twitter_misc":{"Dur\u00e9e de lecture estim\u00e9e":"1 minute"},"schema":{"@context":"https:\/\/schema.org","@graph":[{"@type":"WebPage","@id":"https:\/\/www.manubens.es\/fr\/produits\/","url":"https:\/\/www.manubens.es\/fr\/produits\/","name":"Nos rubans - Manubens","isPartOf":{"@id":"https:\/\/www.manubens.es\/fr\/#website"},"datePublished":"2021-06-21T15:50:12+00:00","dateModified":"2025-06-17T11:04:23+00:00","breadcrumb":{"@id":"https:\/\/www.manubens.es\/fr\/produits\/#breadcrumb"},"inLanguage":"fr-FR","potentialAction":[{"@type":"ReadAction","target":["https:\/\/www.manubens.es\/fr\/produits\/"]}]},{"@type":"BreadcrumbList","@id":"https:\/\/www.manubens.es\/fr\/produits\/#breadcrumb","itemListElement":[{"@type":"ListItem","position":1,"name":"Portada","item":"https:\/\/www.manubens.es\/fr\/"},{"@type":"ListItem","position":2,"name":"Nos rubans"}]},{"@type":"WebSite","@id":"https:\/\/www.manubens.es\/fr\/#website","url":"https:\/\/www.manubens.es\/fr\/","name":"Manubens","description":"Manubens Cintas","potentialAction":[{"@type":"SearchAction","target":{"@type":"EntryPoint","urlTemplate":"https:\/\/www.manubens.es\/fr\/?s={search_term_string}"},"query-input":{"@type":"PropertyValueSpecification","valueRequired":true,"valueName":"search_term_string"}}],"inLanguage":"fr-FR"}]}},"_links":{"self":[{"href":"https:\/\/www.manubens.es\/fr\/wp-json\/wp\/v2\/pages\/4800","targetHints":{"allow":["GET"]}}],"collection":[{"href":"https:\/\/www.manubens.es\/fr\/wp-json\/wp\/v2\/pages"}],"about":[{"href":"https:\/\/www.manubens.es\/fr\/wp-json\/wp\/v2\/types\/page"}],"author":[{"embeddable":true,"href":"https:\/\/www.manubens.es\/fr\/wp-json\/wp\/v2\/users\/3"}],"replies":[{"embeddable":true,"href":"https:\/\/www.manubens.es\/fr\/wp-json\/wp\/v2\/comments?post=4800"}],"version-history":[{"count":0,"href":"https:\/\/www.manubens.es\/fr\/wp-json\/wp\/v2\/pages\/4800\/revisions"}],"wp:attachment":[{"href":"https:\/\/www.manubens.es\/fr\/wp-json\/wp\/v2\/media?parent=4800"}],"curies":[{"name":"wp","href":"https:\/\/api.w.org\/{rel}","templated":true}]}}