{"id":4819,"date":"2021-06-29T15:21:04","date_gmt":"2021-06-29T13:21:04","guid":{"rendered":"https:\/\/www.manubens.es\/?page_id=4819"},"modified":"2023-05-03T11:42:32","modified_gmt":"2023-05-03T09:42:32","slug":"ruban-a-chevrons","status":"publish","type":"page","link":"https:\/\/www.manubens.es\/fr\/produits\/ruban-a-chevrons\/","title":{"rendered":"Ruban serg\u00e9 en coton"},"content":{"rendered":"<section class=\"l-section wpb_row height_auto full_height valign_center width_full color_primary with_slider\"><div class=\"l-section-slider\"><div class=\"w-slider style_none fit_cover nav_none count_1\"><div class=\"w-slider-h\" aria-hidden=\"true\"><div class=\"royalSlider\"><div class=\"rsContent\"><a class=\"rsImg\" data-rsw=\"1920\" data-rsh=\"1080\" href=\"https:\/\/www.manubens.es\/wp-content\/uploads\/2022\/02\/Manubens_Nov_Des0319.jpg\"><span data-alt=\"Ruban serg\u00e9 en coton\"><\/span><\/a><\/div><\/div><img decoding=\"async\" src=\"https:\/\/www.manubens.es\/wp-content\/uploads\/2022\/02\/Manubens_Nov_Des0319.jpg\" width=\"1920\" height=\"1080\" alt=\"Ruban serg\u00e9 en coton\" loading=\"lazy\"><\/div><div class=\"w-slider-json\" onclick='return {&quot;autoScaleSlider&quot;:true,&quot;addActiveClass&quot;:true,&quot;loop&quot;:true,&quot;fadeInLoadedSlide&quot;:false,&quot;slidesSpacing&quot;:0,&quot;imageScalePadding&quot;:0,&quot;numImagesToPreload&quot;:2,&quot;arrowsNav&quot;:false,&quot;arrowsNavAutoHide&quot;:false,&quot;transitionType&quot;:&quot;fade&quot;,&quot;transitionSpeed&quot;:1000,&quot;block&quot;:{&quot;moveEffect&quot;:&quot;none&quot;,&quot;speed&quot;:300},&quot;thumbs&quot;:{&quot;fitInViewport&quot;:false,&quot;firstMargin&quot;:false,&quot;spacing&quot;:4},&quot;controlNavigation&quot;:&quot;none&quot;,&quot;autoplay&quot;:{&quot;enabled&quot;:true,&quot;pauseOnHover&quot;:false,&quot;delay&quot;:3000},&quot;autoScaleSliderWidth&quot;:1920,&quot;autoScaleSliderHeight&quot;:1080}'><\/div><\/div><\/div><div class=\"l-section-h i-cf\"><div class=\"g-cols vc_row via_grid cols_1 laptops-cols_inherit tablets-cols_inherit mobiles-cols_1 valign_top type_default stacking_default\"><div class=\"wpb_column vc_column_container\"><div class=\"vc_column-inner\"><div class=\"w-separator size_custom\" style=\"height:60vh\"><\/div><h1 class=\"w-post-elm post_title align_center entry-title color_link_inherit\">Ruban serg\u00e9 en coton<\/h1><\/div><\/div><\/div><\/div><\/section><section class=\"l-section wpb_row height_small width_full\"><div class=\"l-section-h i-cf\"><div class=\"g-cols vc_row via_grid cols_1 laptops-cols_inherit tablets-cols_inherit mobiles-cols_1 valign_top type_boxes stacking_default\" style=\"--columns-gap:0rem;\"><div class=\"wpb_column vc_column_container us_custom_044f310d\"><div class=\"vc_column-inner\"><div class=\"wpb_text_column us_custom_872e0b1c\"><div class=\"wpb_wrapper\"><p style=\"text-align: center;\">Le ruban serg\u00e9 est un ruban qui se caract\u00e9rise par sa configuration en forme de chevrons (diagonales des deux c\u00f4t\u00e9s).<\/p>\n<\/div><\/div><\/div><\/div><\/div><\/div><\/section><section class=\"l-section wpb_row height_auto width_full\"><div class=\"l-section-h i-cf\"><div class=\"g-cols vc_row via_grid cols_1 laptops-cols_inherit tablets-cols_inherit mobiles-cols_1 valign_top type_default stacking_default\"><div class=\"wpb_column vc_column_container\"><div class=\"vc_column-inner\"><div class=\"g-cols wpb_row us_custom_6618e26b via_grid cols_2-1 laptops-cols_inherit tablets-cols_inherit mobiles-cols_1 valign_top type_default stacking_default\" style=\"--columns-gap:3rem;\"><div class=\"wpb_column vc_column_container us_custom_9c6f727e\"><div class=\"vc_column-inner\"><div class=\"w-grid us_grid type_grid layout_6710 cols_1 preload_style_spinner ratio_custom\" id=\"us_grid_1\" style=\"--columns:1;--gap:0.1rem;--item-ratio:0.49875;\" data-filterable=\"true\"><style>.layout_6710 .w-grid-item-h{background:#b3ada4}.layout_6710 .usg_post_image_1{position:absolute!important;left:0!important;top:0!important;bottom:0!important;right:0!important}<\/style><div class=\"w-grid-list\">\t<article class=\"w-grid-item size_1x1 post-6926 attachment type-attachment status-inherit hentry\" data-id=\"6926\">\r\n\t\t<div class=\"w-grid-item-h\">\r\n\t\t\t\t\t\t<div class=\"w-post-elm post_image usg_post_image_1 stretched\"><img loading=\"lazy\" decoding=\"async\" width=\"1920\" height=\"1080\" src=\"https:\/\/www.manubens.es\/wp-content\/uploads\/2022\/02\/21208_Manubens_eMKT_Setembre0282.jpg\" class=\"attachment-full size-full\" alt=\"Ruban serg\u00e9 en coton\" srcset=\"https:\/\/www.manubens.es\/wp-content\/uploads\/2022\/02\/21208_Manubens_eMKT_Setembre0282.jpg 1920w, https:\/\/www.manubens.es\/wp-content\/uploads\/2022\/02\/21208_Manubens_eMKT_Setembre0282-300x169.jpg 300w, https:\/\/www.manubens.es\/wp-content\/uploads\/2022\/02\/21208_Manubens_eMKT_Setembre0282-600x338.jpg 600w, https:\/\/www.manubens.es\/wp-content\/uploads\/2022\/02\/21208_Manubens_eMKT_Setembre0282-150x84.jpg 150w\" sizes=\"auto, (max-width: 1920px) 100vw, 1920px\" \/><\/div>\t\t<\/div>\r\n\t\t\t<\/article>\r\n<\/div>\t<div class=\"w-grid-preloader\">\r\n\t\t<div class=\"g-preloader type_1\">\r\n\t\t\t<div><\/div>\r\n\t\t<\/div>\r\n\t<\/div>\r\n\t\t<div class=\"w-grid-json hidden\" onclick='return {&quot;action&quot;:&quot;us_ajax_grid&quot;,&quot;infinite_scroll&quot;:0,&quot;max_num_pages&quot;:1,&quot;pagination&quot;:&quot;none&quot;,&quot;template_vars&quot;:{&quot;columns&quot;:&quot;1&quot;,&quot;exclude_items&quot;:&quot;none&quot;,&quot;img_size&quot;:&quot;full&quot;,&quot;ignore_items_size&quot;:0,&quot;items_layout&quot;:&quot;6710&quot;,&quot;items_offset&quot;:&quot;1&quot;,&quot;load_animation&quot;:&quot;none&quot;,&quot;overriding_link&quot;:&quot;{\\&quot;url\\&quot;:\\&quot;\\&quot;}&quot;,&quot;post_id&quot;:0,&quot;query_args&quot;:{&quot;post_type&quot;:[&quot;attachment&quot;],&quot;post__in&quot;:[&quot;6926&quot;],&quot;post_status&quot;:&quot;inherit&quot;,&quot;post_mime_type&quot;:&quot;image&quot;,&quot;posts_per_page&quot;:999},&quot;orderby_query_args&quot;:{&quot;orderby&quot;:{&quot;post__in&quot;:&quot;ASC&quot;},&quot;order&quot;:&quot;ASC&quot;},&quot;type&quot;:&quot;grid&quot;,&quot;us_grid_post_type&quot;:&quot;attachment&quot;,&quot;us_grid_ajax_index&quot;:1,&quot;us_grid_filter_query_string&quot;:null,&quot;us_grid_index&quot;:1,&quot;page_args&quot;:[],&quot;lang&quot;:&quot;fr&quot;}}'><\/div>\r\n\t<\/div><\/div><\/div><div class=\"wpb_column vc_column_container us_custom_34fc9c2d\"><div class=\"vc_column-inner\"><div class=\"w-grid us_grid type_grid layout_6711 cols_1 preload_style_spinner ratio_1x1\" id=\"us_grid_2\" style=\"--columns:1;--gap:0.1rem;--item-ratio:1;\" data-filterable=\"true\"><style>.layout_6711 .w-grid-item-h{background:#b3ada4}.layout_6711 .usg_post_image_1{position:absolute!important;left:0!important;top:0!important;bottom:0!important;right:0!important}<\/style><div class=\"w-grid-list\">\t<article class=\"w-grid-item size_1x1 post-6930 attachment type-attachment status-inherit hentry\" data-id=\"6930\">\r\n\t\t<div class=\"w-grid-item-h\">\r\n\t\t\t\t\t\t<div class=\"w-post-elm post_image usg_post_image_1 stretched\"><img loading=\"lazy\" decoding=\"async\" width=\"1080\" height=\"1080\" src=\"https:\/\/www.manubens.es\/wp-content\/uploads\/2022\/02\/Manubens_mkt_2021_30460b.jpg\" class=\"attachment-full size-full\" alt=\"Ruban serg\u00e9 en coton\" srcset=\"https:\/\/www.manubens.es\/wp-content\/uploads\/2022\/02\/Manubens_mkt_2021_30460b.jpg 1080w, https:\/\/www.manubens.es\/wp-content\/uploads\/2022\/02\/Manubens_mkt_2021_30460b-300x300.jpg 300w, https:\/\/www.manubens.es\/wp-content\/uploads\/2022\/02\/Manubens_mkt_2021_30460b-600x600.jpg 600w, https:\/\/www.manubens.es\/wp-content\/uploads\/2022\/02\/Manubens_mkt_2021_30460b-150x150.jpg 150w, https:\/\/www.manubens.es\/wp-content\/uploads\/2022\/02\/Manubens_mkt_2021_30460b-350x350.jpg 350w\" sizes=\"auto, (max-width: 1080px) 100vw, 1080px\" \/><\/div>\t\t<\/div>\r\n\t\t\t<\/article>\r\n<\/div>\t<div class=\"w-grid-preloader\">\r\n\t\t<div class=\"g-preloader type_1\">\r\n\t\t\t<div><\/div>\r\n\t\t<\/div>\r\n\t<\/div>\r\n\t\t<div class=\"w-grid-json hidden\" onclick='return {&quot;action&quot;:&quot;us_ajax_grid&quot;,&quot;infinite_scroll&quot;:0,&quot;max_num_pages&quot;:1,&quot;pagination&quot;:&quot;none&quot;,&quot;template_vars&quot;:{&quot;columns&quot;:&quot;1&quot;,&quot;exclude_items&quot;:&quot;none&quot;,&quot;img_size&quot;:&quot;full&quot;,&quot;ignore_items_size&quot;:0,&quot;items_layout&quot;:&quot;6711&quot;,&quot;items_offset&quot;:&quot;1&quot;,&quot;load_animation&quot;:&quot;none&quot;,&quot;overriding_link&quot;:&quot;{\\&quot;url\\&quot;:\\&quot;\\&quot;}&quot;,&quot;post_id&quot;:0,&quot;query_args&quot;:{&quot;post_type&quot;:[&quot;attachment&quot;],&quot;post__in&quot;:[&quot;6930&quot;],&quot;post_status&quot;:&quot;inherit&quot;,&quot;post_mime_type&quot;:&quot;image&quot;,&quot;posts_per_page&quot;:999},&quot;orderby_query_args&quot;:{&quot;orderby&quot;:{&quot;post__in&quot;:&quot;ASC&quot;},&quot;order&quot;:&quot;ASC&quot;},&quot;type&quot;:&quot;grid&quot;,&quot;us_grid_post_type&quot;:&quot;attachment&quot;,&quot;us_grid_ajax_index&quot;:2,&quot;us_grid_filter_query_string&quot;:null,&quot;us_grid_index&quot;:2,&quot;page_args&quot;:[],&quot;lang&quot;:&quot;fr&quot;}}'><\/div>\r\n\t<\/div><\/div><\/div><\/div><\/div><\/div><\/div><\/div><\/section><section class=\"l-section wpb_row height_small width_full\"><div class=\"l-section-h i-cf\"><div class=\"g-cols vc_row via_grid cols_1 laptops-cols_inherit tablets-cols_inherit mobiles-cols_1 valign_top type_boxes stacking_default\" style=\"--columns-gap:0rem;\"><div class=\"wpb_column vc_column_container us_custom_044f310d\"><div class=\"vc_column-inner\"><div class=\"g-cols wpb_row via_grid cols_1-2-1 laptops-cols_inherit tablets-cols_inherit mobiles-cols_1 valign_top type_default stacking_default\" style=\"--columns-gap:3rem;\"><div class=\"wpb_column vc_column_container\"><div class=\"vc_column-inner\"><\/div><\/div><div class=\"wpb_column vc_column_container\"><div class=\"vc_column-inner\"><div class=\"wpb_text_column us_custom_e5aea6d2\"><div class=\"wpb_wrapper\"><p>Il est disponible en diff\u00e9rentes largeurs, de 10 mm \u00e0 50 mm et sa pr\u00e9sentation est en rouleaux de 50 m\u00e8tres. Dans toutes les largeurs, les couleurs blanche, noire et \u00e9crue sont fabriqu\u00e9es et, dans la largeur de 20 mm, nous avons 14 couleurs suppl\u00e9mentaires disponible.<\/p>\n<p>La composition de ce ruban est 100% coton et nous garantissons un lavage des couleurs \u00e0 40\u00baC.<\/p>\n<\/div><\/div><\/div><\/div><div class=\"wpb_column vc_column_container\"><div class=\"vc_column-inner\"><\/div><\/div><\/div><\/div><\/div><\/div><\/div><\/section><section class=\"l-section wpb_row height_auto width_full with_img parallax_ver\"><div class=\"l-section-img\" role=\"img\" aria-label=\"Image\" data-img-width=\"1920\" data-img-height=\"1080\" style=\"background-image: url(https:\/\/www.manubens.es\/wp-content\/uploads\/2022\/02\/Manubens_Nov_Des0319-bis.jpg);\"><\/div><div class=\"l-section-h i-cf\"><div class=\"g-cols vc_row via_grid cols_1 laptops-cols_inherit tablets-cols_inherit mobiles-cols_1 valign_top type_default stacking_default\"><div class=\"wpb_column vc_column_container\"><div class=\"vc_column-inner\"><div class=\"w-separator size_custom\" style=\"height:95vh\"><\/div><\/div><\/div><\/div><\/div><\/section><section class=\"l-section wpb_row height_auto width_full\"><div class=\"l-section-h i-cf\"><div class=\"g-cols vc_row via_grid cols_1 laptops-cols_inherit tablets-cols_inherit mobiles-cols_1 valign_top type_default stacking_default\"><div class=\"wpb_column vc_column_container\"><div class=\"vc_column-inner\"><div class=\"g-cols wpb_row us_custom_6618e26b via_grid cols_2-1 laptops-cols_inherit tablets-cols_inherit mobiles-cols_1 valign_middle type_default stacking_default\" style=\"--columns-gap:3rem;\"><div class=\"wpb_column vc_column_container us_custom_64c7ce1e\"><div class=\"vc_column-inner\"><div class=\"w-grid us_grid type_grid layout_6710 cols_1 preload_style_spinner ratio_custom\" id=\"us_grid_3\" style=\"--columns:1;--gap:0.1rem;--item-ratio:0.49875;\" data-filterable=\"true\"><div class=\"w-grid-list\">\t<article class=\"w-grid-item size_1x1 post-6921 attachment type-attachment status-inherit hentry\" data-id=\"6921\">\r\n\t\t<div class=\"w-grid-item-h\">\r\n\t\t\t\t\t\t<div class=\"w-post-elm post_image usg_post_image_1 stretched\"><img loading=\"lazy\" decoding=\"async\" width=\"1920\" height=\"1080\" src=\"https:\/\/www.manubens.es\/wp-content\/uploads\/2022\/02\/Manubens_Nov_Des0319.jpg\" class=\"attachment-full size-full\" alt=\"Ruban serg\u00e9 en coton\" srcset=\"https:\/\/www.manubens.es\/wp-content\/uploads\/2022\/02\/Manubens_Nov_Des0319.jpg 1920w, https:\/\/www.manubens.es\/wp-content\/uploads\/2022\/02\/Manubens_Nov_Des0319-300x169.jpg 300w, https:\/\/www.manubens.es\/wp-content\/uploads\/2022\/02\/Manubens_Nov_Des0319-600x338.jpg 600w, https:\/\/www.manubens.es\/wp-content\/uploads\/2022\/02\/Manubens_Nov_Des0319-150x84.jpg 150w\" sizes=\"auto, (max-width: 1920px) 100vw, 1920px\" \/><\/div>\t\t<\/div>\r\n\t\t\t<\/article>\r\n<\/div>\t<div class=\"w-grid-preloader\">\r\n\t\t<div class=\"g-preloader type_1\">\r\n\t\t\t<div><\/div>\r\n\t\t<\/div>\r\n\t<\/div>\r\n\t\t<div class=\"w-grid-json hidden\" onclick='return {&quot;action&quot;:&quot;us_ajax_grid&quot;,&quot;infinite_scroll&quot;:0,&quot;max_num_pages&quot;:1,&quot;pagination&quot;:&quot;none&quot;,&quot;template_vars&quot;:{&quot;columns&quot;:&quot;1&quot;,&quot;exclude_items&quot;:&quot;none&quot;,&quot;img_size&quot;:&quot;full&quot;,&quot;ignore_items_size&quot;:0,&quot;items_layout&quot;:&quot;6710&quot;,&quot;items_offset&quot;:&quot;1&quot;,&quot;load_animation&quot;:&quot;none&quot;,&quot;overriding_link&quot;:&quot;{\\&quot;url\\&quot;:\\&quot;\\&quot;}&quot;,&quot;post_id&quot;:0,&quot;query_args&quot;:{&quot;post_type&quot;:[&quot;attachment&quot;],&quot;post__in&quot;:[&quot;6921&quot;],&quot;post_status&quot;:&quot;inherit&quot;,&quot;post_mime_type&quot;:&quot;image&quot;,&quot;posts_per_page&quot;:999},&quot;orderby_query_args&quot;:{&quot;orderby&quot;:{&quot;post__in&quot;:&quot;ASC&quot;},&quot;order&quot;:&quot;ASC&quot;},&quot;type&quot;:&quot;grid&quot;,&quot;us_grid_post_type&quot;:&quot;attachment&quot;,&quot;us_grid_ajax_index&quot;:3,&quot;us_grid_filter_query_string&quot;:null,&quot;us_grid_index&quot;:3,&quot;page_args&quot;:[],&quot;lang&quot;:&quot;fr&quot;}}'><\/div>\r\n\t<\/div><\/div><\/div><div class=\"wpb_column vc_column_container us_custom_c40d2f9e\"><div class=\"vc_column-inner\"><div class=\"wpb_text_column us_custom_e5aea6d2\"><div class=\"wpb_wrapper\"><h3>Utilisations du ruban serg\u00e9<\/h3>\n<p>C\u2019est l\u2019un des rubans les plus utilis\u00e9s dans la confection car sa configuration \u00e0 chevrons le rend visible et attrayant pour couvrir les coutures ou simplement comme renfort dans diff\u00e9rentes parties des v\u00eatements. C\u2019est aussi un ruban appr\u00e9ci\u00e9 dans le secteur de l\u2019emballage pour la confection de sacs et \u00e9galement pour ceux qui veulent donner une touche naturelle \u00e0 leurs produits car il s\u2019agit d\u2019un ruban fabriqu\u00e9 avec une fibre organique.<\/p>\n<\/div><\/div><\/div><\/div><\/div><\/div><\/div><\/div><\/div><\/section><section class=\"l-section wpb_row height_large width_full color_footer-bottom\"><div class=\"l-section-h i-cf\"><div class=\"g-cols vc_row via_grid cols_1 laptops-cols_inherit tablets-cols_inherit mobiles-cols_1 valign_top type_default stacking_default\"><div class=\"wpb_column vc_column_container\"><div class=\"vc_column-inner\"><div class=\"wpb_text_column us_custom_97b9d6d9\"><div class=\"wpb_wrapper\"><p style=\"text-align: center;\">T\u00c9L\u00c9CHARGEZ NOTRE \u00c9CHANTILLON<\/p>\n<\/div><\/div><div class=\"w-btn-wrapper align_center\"><a class=\"w-btn us-btn-style_1 icon_atleft\" title=\"\u00c9chantillon\" target=\"_blank\" rel=\"nofollow\" href=\"https:\/\/www.manubens.es\/wp-content\/uploads\/2020\/pdfs\/espiga.pdf\"><i class=\"fal fa-file-pdf\"><\/i><span class=\"w-btn-label\">Cliquez-moi<\/span><\/a><\/div><\/div><\/div><\/div><\/div><\/section><section class=\"l-section wpb_row height_large\"><div class=\"l-section-h i-cf\"><div class=\"g-cols vc_row via_grid cols_1 laptops-cols_inherit tablets-cols_inherit mobiles-cols_1 valign_top type_boxes stacking_default\"><div class=\"wpb_column vc_column_container\"><div class=\"vc_column-inner\"><div class=\"wpb_text_column us_custom_97b9d6d9\"><div class=\"wpb_wrapper\"><p style=\"text-align: center;\">CONTACTEZ-NOUS ET NOUS COMMEN\u00c7ONS<\/p>\n<\/div><\/div><div class=\"w-separator size_small\"><\/div>[vc_raw_js]JTNDc2NyaXB0JTIwY2hhcnNldCUzRCUyMnV0Zi04JTIyJTIwdHlwZSUzRCUyMnRleHQlMkZqYXZhc2NyaXB0JTIyJTIwc3JjJTNEJTIyJTJGJTJGanMuaHNmb3Jtcy5uZXQlMkZmb3JtcyUyRnNoZWxsLmpzJTIyJTNFJTNDJTJGc2NyaXB0JTNFJTBBJTNDc2NyaXB0JTNFJTBBJTIwJTIwaGJzcHQuZm9ybXMuY3JlYXRlJTI4JTdCJTBBcmVnaW9uJTNBJTIwJTIybmExJTIyJTJDJTBBcG9ydGFsSWQlM0ElMjAlMjI3MjQ2Mjg5JTIyJTJDJTBBZm9ybUlkJTNBJTIwJTIyZDc5NDllNWEtYzk5Ni00MzZkLTg2MzUtMzhiYzQ4MTZhYmJkJTIyJTBBJTdEJTI5JTNCJTBBJTNDJTJGc2NyaXB0JTNF[\/vc_raw_js]<\/div><\/div><\/div><\/div><\/section>\n","protected":false},"excerpt":{"rendered":"","protected":false},"author":3,"featured_media":0,"parent":4800,"menu_order":14,"comment_status":"closed","ping_status":"closed","template":"","meta":{"footnotes":""},"class_list":["post-4819","page","type-page","status-publish","hentry"],"yoast_head":"<!-- This site is optimized with the Yoast SEO plugin v27.4 - https:\/\/yoast.com\/product\/yoast-seo-wordpress\/ -->\n<title>Ruban serg\u00e9 en coton - Diverses couleurs et largeurs disponibles<\/title>\n<meta name=\"description\" content=\"Le ruban \u00e0 chevrons ou ruban serg\u00e9 est un ruban caract\u00e9ristique en raison des diagonales trac\u00e9es sur les deux faces. Consultez nos prix ici\" \/>\n<meta name=\"robots\" content=\"index, follow, max-snippet:-1, max-image-preview:large, max-video-preview:-1\" \/>\n<link rel=\"canonical\" href=\"https:\/\/www.manubens.es\/fr\/produits\/ruban-a-chevrons\/\" \/>\n<meta property=\"og:locale\" content=\"fr_FR\" \/>\n<meta property=\"og:type\" content=\"article\" \/>\n<meta property=\"og:title\" content=\"Ruban serg\u00e9 en coton - Diverses couleurs et largeurs disponibles\" \/>\n<meta property=\"og:description\" content=\"Le ruban \u00e0 chevrons ou ruban serg\u00e9 est un ruban caract\u00e9ristique en raison des diagonales trac\u00e9es sur les deux faces. Consultez nos prix ici\" \/>\n<meta property=\"og:url\" content=\"https:\/\/www.manubens.es\/fr\/produits\/ruban-a-chevrons\/\" \/>\n<meta property=\"og:site_name\" content=\"Manubens\" \/>\n<meta property=\"article:modified_time\" content=\"2023-05-03T09:42:32+00:00\" \/>\n<meta name=\"twitter:card\" content=\"summary_large_image\" \/>\n<meta name=\"twitter:label1\" content=\"Dur\u00e9e de lecture estim\u00e9e\" \/>\n\t<meta name=\"twitter:data1\" content=\"2 minutes\" \/>\n<script type=\"application\/ld+json\" class=\"yoast-schema-graph\">{\"@context\":\"https:\\\/\\\/schema.org\",\"@graph\":[{\"@type\":\"WebPage\",\"@id\":\"https:\\\/\\\/www.manubens.es\\\/fr\\\/produits\\\/ruban-a-chevrons\\\/\",\"url\":\"https:\\\/\\\/www.manubens.es\\\/fr\\\/produits\\\/ruban-a-chevrons\\\/\",\"name\":\"Ruban serg\u00e9 en coton - Diverses couleurs et largeurs disponibles\",\"isPartOf\":{\"@id\":\"https:\\\/\\\/www.manubens.es\\\/fr\\\/#website\"},\"datePublished\":\"2021-06-29T13:21:04+00:00\",\"dateModified\":\"2023-05-03T09:42:32+00:00\",\"description\":\"Le ruban \u00e0 chevrons ou ruban serg\u00e9 est un ruban caract\u00e9ristique en raison des diagonales trac\u00e9es sur les deux faces. Consultez nos prix ici\",\"breadcrumb\":{\"@id\":\"https:\\\/\\\/www.manubens.es\\\/fr\\\/produits\\\/ruban-a-chevrons\\\/#breadcrumb\"},\"inLanguage\":\"fr-FR\",\"potentialAction\":[{\"@type\":\"ReadAction\",\"target\":[\"https:\\\/\\\/www.manubens.es\\\/fr\\\/produits\\\/ruban-a-chevrons\\\/\"]}]},{\"@type\":\"BreadcrumbList\",\"@id\":\"https:\\\/\\\/www.manubens.es\\\/fr\\\/produits\\\/ruban-a-chevrons\\\/#breadcrumb\",\"itemListElement\":[{\"@type\":\"ListItem\",\"position\":1,\"name\":\"Portada\",\"item\":\"https:\\\/\\\/www.manubens.es\\\/fr\\\/\"},{\"@type\":\"ListItem\",\"position\":2,\"name\":\"Nos rubans\",\"item\":\"https:\\\/\\\/www.manubens.es\\\/fr\\\/produits\\\/\"},{\"@type\":\"ListItem\",\"position\":3,\"name\":\"Ruban serg\u00e9 en coton\"}]},{\"@type\":\"WebSite\",\"@id\":\"https:\\\/\\\/www.manubens.es\\\/fr\\\/#website\",\"url\":\"https:\\\/\\\/www.manubens.es\\\/fr\\\/\",\"name\":\"Manubens\",\"description\":\"Manubens Cintas\",\"potentialAction\":[{\"@type\":\"SearchAction\",\"target\":{\"@type\":\"EntryPoint\",\"urlTemplate\":\"https:\\\/\\\/www.manubens.es\\\/fr\\\/?s={search_term_string}\"},\"query-input\":{\"@type\":\"PropertyValueSpecification\",\"valueRequired\":true,\"valueName\":\"search_term_string\"}}],\"inLanguage\":\"fr-FR\"}]}<\/script>\n<!-- \/ Yoast SEO plugin. -->","yoast_head_json":{"title":"Ruban serg\u00e9 en coton - Diverses couleurs et largeurs disponibles","description":"Le ruban \u00e0 chevrons ou ruban serg\u00e9 est un ruban caract\u00e9ristique en raison des diagonales trac\u00e9es sur les deux faces. Consultez nos prix ici","robots":{"index":"index","follow":"follow","max-snippet":"max-snippet:-1","max-image-preview":"max-image-preview:large","max-video-preview":"max-video-preview:-1"},"canonical":"https:\/\/www.manubens.es\/fr\/produits\/ruban-a-chevrons\/","og_locale":"fr_FR","og_type":"article","og_title":"Ruban serg\u00e9 en coton - Diverses couleurs et largeurs disponibles","og_description":"Le ruban \u00e0 chevrons ou ruban serg\u00e9 est un ruban caract\u00e9ristique en raison des diagonales trac\u00e9es sur les deux faces. Consultez nos prix ici","og_url":"https:\/\/www.manubens.es\/fr\/produits\/ruban-a-chevrons\/","og_site_name":"Manubens","article_modified_time":"2023-05-03T09:42:32+00:00","twitter_card":"summary_large_image","twitter_misc":{"Dur\u00e9e de lecture estim\u00e9e":"2 minutes"},"schema":{"@context":"https:\/\/schema.org","@graph":[{"@type":"WebPage","@id":"https:\/\/www.manubens.es\/fr\/produits\/ruban-a-chevrons\/","url":"https:\/\/www.manubens.es\/fr\/produits\/ruban-a-chevrons\/","name":"Ruban serg\u00e9 en coton - Diverses couleurs et largeurs disponibles","isPartOf":{"@id":"https:\/\/www.manubens.es\/fr\/#website"},"datePublished":"2021-06-29T13:21:04+00:00","dateModified":"2023-05-03T09:42:32+00:00","description":"Le ruban \u00e0 chevrons ou ruban serg\u00e9 est un ruban caract\u00e9ristique en raison des diagonales trac\u00e9es sur les deux faces. Consultez nos prix ici","breadcrumb":{"@id":"https:\/\/www.manubens.es\/fr\/produits\/ruban-a-chevrons\/#breadcrumb"},"inLanguage":"fr-FR","potentialAction":[{"@type":"ReadAction","target":["https:\/\/www.manubens.es\/fr\/produits\/ruban-a-chevrons\/"]}]},{"@type":"BreadcrumbList","@id":"https:\/\/www.manubens.es\/fr\/produits\/ruban-a-chevrons\/#breadcrumb","itemListElement":[{"@type":"ListItem","position":1,"name":"Portada","item":"https:\/\/www.manubens.es\/fr\/"},{"@type":"ListItem","position":2,"name":"Nos rubans","item":"https:\/\/www.manubens.es\/fr\/produits\/"},{"@type":"ListItem","position":3,"name":"Ruban serg\u00e9 en coton"}]},{"@type":"WebSite","@id":"https:\/\/www.manubens.es\/fr\/#website","url":"https:\/\/www.manubens.es\/fr\/","name":"Manubens","description":"Manubens Cintas","potentialAction":[{"@type":"SearchAction","target":{"@type":"EntryPoint","urlTemplate":"https:\/\/www.manubens.es\/fr\/?s={search_term_string}"},"query-input":{"@type":"PropertyValueSpecification","valueRequired":true,"valueName":"search_term_string"}}],"inLanguage":"fr-FR"}]}},"_links":{"self":[{"href":"https:\/\/www.manubens.es\/fr\/wp-json\/wp\/v2\/pages\/4819","targetHints":{"allow":["GET"]}}],"collection":[{"href":"https:\/\/www.manubens.es\/fr\/wp-json\/wp\/v2\/pages"}],"about":[{"href":"https:\/\/www.manubens.es\/fr\/wp-json\/wp\/v2\/types\/page"}],"author":[{"embeddable":true,"href":"https:\/\/www.manubens.es\/fr\/wp-json\/wp\/v2\/users\/3"}],"replies":[{"embeddable":true,"href":"https:\/\/www.manubens.es\/fr\/wp-json\/wp\/v2\/comments?post=4819"}],"version-history":[{"count":0,"href":"https:\/\/www.manubens.es\/fr\/wp-json\/wp\/v2\/pages\/4819\/revisions"}],"up":[{"embeddable":true,"href":"https:\/\/www.manubens.es\/fr\/wp-json\/wp\/v2\/pages\/4800"}],"wp:attachment":[{"href":"https:\/\/www.manubens.es\/fr\/wp-json\/wp\/v2\/media?parent=4819"}],"curies":[{"name":"wp","href":"https:\/\/api.w.org\/{rel}","templated":true}]}}