{"id":4869,"date":"2021-06-30T12:04:52","date_gmt":"2021-06-30T10:04:52","guid":{"rendered":"https:\/\/www.manubens.es\/?page_id=4869"},"modified":"2021-12-16T15:49:07","modified_gmt":"2021-12-16T14:49:07","slug":"politique-de-confidentialite","status":"publish","type":"page","link":"https:\/\/www.manubens.es\/fr\/politique-de-confidentialite\/","title":{"rendered":"Politique de confidentialit\u00e9"},"content":{"rendered":"<section class=\"l-section wpb_row us_custom_5676f4a8 has_text_color height_small with_img parallax_ver\"><div class=\"l-section-img\" role=\"img\" aria-label=\"Image\" data-img-width=\"3995\" data-img-height=\"1026\" style=\"background-image: url(https:\/\/www.manubens.es\/wp-content\/uploads\/2016\/10\/fons_sanefa.png);background-size: contain;\"><\/div><div class=\"l-section-h i-cf\"><div class=\"g-cols vc_row via_grid cols_1 laptops-cols_inherit tablets-cols_inherit mobiles-cols_1 valign_top type_default stacking_default\"><div class=\"wpb_column vc_column_container\"><div class=\"vc_column-inner\"><div class=\"wpb_text_column\"><div class=\"wpb_wrapper\"><h1 style=\"text-align: center;\"><strong>Politique de confidentialit\u00e9<\/strong><\/h1>\n<\/div><\/div><\/div><\/div><\/div><\/div><\/section><section class=\"l-section wpb_row height_large\"><div class=\"l-section-h i-cf\"><div class=\"g-cols vc_row via_grid cols_1 laptops-cols_inherit tablets-cols_inherit mobiles-cols_1 valign_top type_default stacking_default\"><div class=\"wpb_column vc_column_container\"><div class=\"vc_column-inner\"><div class=\"wpb_text_column\"><div class=\"wpb_wrapper\"><h5><strong>1. IDENTIFICATION DU TITULAIRE<\/strong><\/h5>\n<p><strong>www.manubens.es <\/strong>est un domaine appartenant \u00e0 PRODUCCIONES JOSE MANUBENS, SAU domicili\u00e9 \u00e0 Ramon Farguell, 26-28 \u00b7 PI Bufalvent \u00b7 08243 Manresa \u00b7 Barcelone \u00b7 Espagne, enregistr\u00e9 au Registre du\u00a0<a href=\"mailto:info@manubens.es\">info@manubens.es<\/a><\/p>\n<h5><strong>2. PROTECTION DES DONN\u00c9ES<\/strong><\/h5>\n<p>PRODUCCIONES JOSE MANUBENS, SAU est le responsable du traitement des donn\u00e9es personnelles de l&rsquo;utilisateur et l&rsquo;informe que ces donn\u00e9es seront trait\u00e9es conform\u00e9ment aux dispositions de la r\u00e9glementation en vigueur sur la protection des donn\u00e9es et conform\u00e9ment \u00e0 la r\u00e9glementation en vigueur de la soci\u00e9t\u00e9 de l&rsquo;information, Par cons\u00e9quent, le les informations de traitement suivantes sont fournies:<\/p>\n<p><strong>Fin du traitement:<\/strong>\u00a0maintenir une relation commerciale avec l&rsquo;Utilisateur. Les op\u00e9rations pr\u00e9vues pour r\u00e9aliser le traitement sont:<\/p>\n<ul>\n<li>Envoi de communications publicitaires commerciales, pour autant qu&rsquo;il ait \u00e9t\u00e9 pr\u00e9alablement autoris\u00e9, par courrier \u00e9lectronique, fax, SMS, MMS, communaut\u00e9s sociales ou tout autre moyen \u00e9lectronique ou physique, pr\u00e9sent ou futur, permettant les communications commerciales. Ces communications seront effectu\u00e9es par PRODUCCIONES JOSE MANUBENS, SAU et li\u00e9es \u00e0 ses produits et services, ou \u00e0 ses collaborateurs ou fournisseurs avec lesquels elle a conclu un accord de promotion. Dans ce cas, les tiers n&rsquo;auront jamais acc\u00e8s aux donn\u00e9es personnelles.<\/li>\n<li>R\u00e9aliser des \u00e9tudes statistiques.<\/li>\n<li>Traiter les commandes, les demandes ou tout type de demande faite par l&rsquo;utilisateur via l&rsquo;un des formulaires de contact mis \u00e0 sa disposition.<\/li>\n<li>Transmettre la newsletter sur le site.<\/li>\n<li>Dans le cas o\u00f9 vous soumettez votre CV \u00e0 notre soci\u00e9t\u00e9 par voie \u00e9lectronique et\/ou via un formulaire web, vos donn\u00e9es seront trait\u00e9es de mani\u00e8re confidentielle et dans le seul but de traiter votre candidature. La transmission des donn\u00e9es se fera sous forme crypt\u00e9e. En cas de modification de vos donn\u00e9es, veuillez nous en informer par \u00e9crit dans les plus brefs d\u00e9lais, afin de maintenir vos donn\u00e9es d\u00fbment mises \u00e0 jour.<\/li>\n<\/ul>\n<p>Les donn\u00e9es du curriculum fournies seront conserv\u00e9es pendant une p\u00e9riode d&rsquo;un an, apr\u00e8s quoi PRODUCCIONES JOSE MANUBENS, SAU proc\u00e9dera \u00e0 sa destruction totale.<\/p>\n<p><strong>Crit\u00e8res de conservation des donn\u00e9es:<\/strong>\u00a0elles seront  conserv\u00e9es tant qu&rsquo;il y aura un int\u00e9r\u00eat mutuel \u00e0 maintenir la fin du traitement et lorsqu&rsquo;elles ne seront plus n\u00e9cessaires \u00e0 cette fin, elles seront supprim\u00e9es avec des mesures de s\u00e9curit\u00e9 ad\u00e9quates pour garantir la pseudonymisation des donn\u00e9es ou la destruction totale des donn\u00e9es elles-m\u00eames.<\/p>\n<p><strong>Destinataires des donn\u00e9es:<\/strong>\u00a0Sauf obligation l\u00e9gale, PRODUCCIONES JOSE MANUBENS, SAU informe et garantit express\u00e9ment les utilisateurs que leurs donn\u00e9es personnelles ne seront en aucun cas transf\u00e9r\u00e9es \u00e0 des tiers, et que chaque fois qu&rsquo;un type de transfert de donn\u00e9es personnelles est effectu\u00e9, il sera demand\u00e9 pr\u00e9alable le consentement expr\u00e8s, \u00e9clair\u00e9 et sans \u00e9quivoque des Utilisateurs.<\/p>\n<p><strong>Transferts internationaux:<\/strong>\u00a0Aucun transfert international de donn\u00e9es n&rsquo;est effectu\u00e9 vers des pays tiers en dehors de l&rsquo;Union europ\u00e9enne.<\/p>\n<p><strong>Droits qui assistent l&rsquo;Utilisateur:<\/strong><\/p>\n<ul>\n<li>Droit de retirer son consentement \u00e0 tout moment.<\/li>\n<li>Droit d&rsquo;acc\u00e8s, de rectification, de portabilit\u00e9 et de suppression de vos donn\u00e9es et de limitation ou d&rsquo;opposition \u00e0 leur traitement.<\/li>\n<li>Droit de d\u00e9poser une r\u00e9clamation aupr\u00e8s de l&rsquo;autorit\u00e9 de contr\u00f4le (<a href=\"http:\/\/www.agpd.es\/\">www.agpd.es<\/a>) si vous estimez que le traitement n&rsquo;est pas conforme \u00e0 la r\u00e9glementation en vigueur.<\/li>\n<li>Vous pouvez r\u00e9voquer le consentement donn\u00e9 \u00e0 la r\u00e9ception de communications commerciales \u00e0 tout moment, en envoyant votre demande \u00e0 l&rsquo;e-mail\u00a0<a href=\"mailto:info@manubens.es\">info@manubens.es<\/a><\/li>\n<\/ul>\n<p><strong>Coordonn\u00e9es pour exercer vos droits:<\/strong><\/p>\n<ul>\n<li>Adresse postale : Ramon Farguell, 26-28 \u00b7 PI Bufalvent \u00b7 08243 Manresa \u00b7 Barcelone \u00b7 Espagne<\/li>\n<li>Adresse e-mail:\u00a0<a href=\"mailto:info@manubens.es\">info@manubens.es<\/a><\/li>\n<\/ul>\n<p>Les Utilisateurs, en cochant les cases correspondantes et en saisissant les donn\u00e9es dans les champs, marqu\u00e9s d&rsquo;un ast\u00e9risque (*) dans le formulaire de contact ou pr\u00e9sent\u00e9s dans les formulaires de t\u00e9l\u00e9chargement, acceptent express\u00e9ment et librement et sans \u00e9quivoque que leurs donn\u00e9es soient n\u00e9cessaires pour r\u00e9pondre \u00e0 votre demande, par le fournisseur, l&rsquo;inclusion de donn\u00e9es dans les champs restants \u00e9tant volontaire. L&rsquo;utilisateur garantit que les donn\u00e9es personnelles fournies \u00e0 PRODUCCIONES JOSE MANUBENS, SAU sont v\u00e9ridiques et est responsable de communiquer toute modification \u00e0 celles-ci.<\/p>\n<p>Toutes les donn\u00e9es demand\u00e9es via le site Web sont obligatoires, car elles sont n\u00e9cessaires \u00e0 la fourniture d&rsquo;un service optimal \u00e0 l&rsquo;utilisateur. Dans le cas o\u00f9 toutes les donn\u00e9es ne sont pas fournies, il n&rsquo;est pas garanti que les informations et les services fournis seront enti\u00e8rement adapt\u00e9s \u00e0 vos besoins.<\/p>\n<h5><strong>3. MESURES DE S\u00c9CURIT\u00c9<\/strong><\/h5>\n<p>PRODUCCIONES JOSE MANUBENS, SAU se conforme \u00e0 la r\u00e9glementation en vigueur en mati\u00e8re de protection des donn\u00e9es et d\u00e9clare que les donn\u00e9es sont trait\u00e9es de mani\u00e8re licite, loyale et transparente vis-\u00e0-vis de l&rsquo;int\u00e9ress\u00e9 et ad\u00e9quates, pertinentes et limit\u00e9es \u00e0 ce qui est n\u00e9cessaire au regard des finalit\u00e9s pour ceux qui sont soign\u00e9s.<\/p>\n<p>PRODUCCIONES JOSE MANUBENS, SAU garantit qu&rsquo;elle a mis en place des politiques techniques et organisationnelles appropri\u00e9es pour appliquer les mesures de s\u00e9curit\u00e9 \u00e9tablies par la r\u00e9glementation en vigueur sur la protection des donn\u00e9es, afin de prot\u00e9ger les droits et libert\u00e9s des utilisateurs et leur a communiqu\u00e9 les informations appropri\u00e9es. eux.<\/p>\n<h5><strong>4. DROITS DE PROPRI\u00c9T\u00c9 INTELLECTUELLE ET INDUSTRIELLE<\/strong><\/h5>\n<p>Le site Web, y compris, mais sans s&rsquo;y limiter, sa programmation, son \u00e9dition, sa compilation et les autres \u00e9l\u00e9ments n\u00e9cessaires \u00e0 son fonctionnement, les dessins, logos, textes et\/ou graphiques, sont la propri\u00e9t\u00e9 de PRODUCCIONES JOSE MANUBENS, SAU ou, s&rsquo;il s&rsquo;agit du pr\u00e9sent cas, il dispose d&rsquo;une licence ou d&rsquo;une autorisation expresse des auteurs. Tous les contenus du site sont d\u00fbment prot\u00e9g\u00e9s par les r\u00e9glementations de la propri\u00e9t\u00e9 intellectuelle et industrielle, ainsi que inscrits dans les registres publics correspondants.<\/p>\n<p>Quelle que soit la finalit\u00e9 pour laquelle ils ont \u00e9t\u00e9 destin\u00e9s, la reproduction totale ou partielle, l&rsquo;utilisation, l&rsquo;exploitation, la distribution et la commercialisation, n\u00e9cessitent en tout \u00e9tat de cause l&rsquo;autorisation \u00e9crite pr\u00e9alable de PRODUCCIONES JOSE MANUBENS, SAU Toute utilisation non pr\u00e9alablement autoris\u00e9e est consid\u00e9r\u00e9e comme une violation grave des droits de propri\u00e9t\u00e9 intellectuelle ou industrielle de l&rsquo;auteur.<\/p>\n<p>Les dessins, logos, textes et\/ou graphiques ext\u00e9rieurs \u00e0 PRODUCCIONES JOSE MANUBENS, SAU et pouvant appara\u00eetre sur le site Web, appartiennent \u00e0 leurs propri\u00e9taires respectifs, qui sont eux-m\u00eames responsables de toute \u00e9ventuelle controverse pouvant survenir \u00e0 leur sujet.<\/p>\n<p>Pour faire tout type d&rsquo;observation concernant d&rsquo;\u00e9ventuelles violations des droits de propri\u00e9t\u00e9 intellectuelle ou industrielle, ainsi que l&rsquo;un des contenus du site Web, vous pouvez le faire via l&rsquo;e-mail\u00a0<a href=\"mailto:info@manubens.es\">info@manubens.es<\/a><\/p>\n<h5><strong>5. AVIS DE NON-RESPONSABILIT\u00c9<\/strong><\/h5>\n<p>PRODUCCIONES JOSE MANUBENS, SAU est exon\u00e9r\u00e9 de tout type de responsabilit\u00e9 d\u00e9riv\u00e9e des informations publi\u00e9es sur son site Web \u00e0 condition que ces informations aient \u00e9t\u00e9 manipul\u00e9es ou introduites par un tiers sans lien avec elle.<\/p>\n<p><strong>Politique de liens<\/strong><\/p>\n<p>\u00c0 partir du site Web, vous pouvez \u00eatre redirig\u00e9 vers du contenu provenant de sites Web tiers. \u00c9tant donn\u00e9 que PRODUCCIONES JOSE MANUBENS, SAU ne peut pas toujours contr\u00f4ler le contenu publi\u00e9 par des tiers sur leurs sites Web respectifs, elle n&rsquo;assume aucun type de responsabilit\u00e9 concernant ledit contenu. En todo caso, proceder\u00e1 a la retirada inmediata de cualquier contenido que pudiera contravenir la legislaci\u00f3n nacional o internacional, la moral o el orden p\u00fablico, procediendo a la retirada inmediata de la redirecci\u00f3n a dicho sitio web, poniendo en conocimiento de las autoridades competentes el contenido en question.<\/p>\n<p>PRODUCCIONES JOSE MANUBENS, SAU n&rsquo;est pas responsable des informations et contenus stock\u00e9s, \u00e0 titre d&rsquo;exemple, mais sans s&rsquo;y limiter, dans les forums, chats, g\u00e9n\u00e9rateurs de blogs, commentaires, r\u00e9seaux sociaux ou tout autre moyen permettant \u00e0 des tiers de publier du contenu ind\u00e9pendamment. le site Web de PRODUCCIONES JOSE MANUBENS, SAU Cependant, et conform\u00e9ment aux dispositions de la r\u00e9glementation en vigueur de la soci\u00e9t\u00e9 de l&rsquo;information, il est mis \u00e0 la disposition de tous les utilisateurs, autorit\u00e9s et forces de s\u00e9curit\u00e9, collaborant activement au retrait ou, le cas \u00e9ch\u00e9ant, au blocage de tous les contenus susceptibles d&rsquo;affecter ou de contrevenir \u00e0 la l\u00e9gislation nationale ou internationale, aux droits des tiers ou aux bonnes m\u0153urs et \u00e0 l&rsquo;ordre public.Dans le cas o\u00f9 l&rsquo;utilisateur consid\u00e8re qu&rsquo;il existe un contenu sur le site Web qui pourrait faire l&rsquo;objet de cette classification, veuillez en informer imm\u00e9diatement l&rsquo;administrateur du site Web.<\/p>\n<p>Ce site Web a \u00e9t\u00e9 examin\u00e9 et test\u00e9 pour s&rsquo;assurer qu&rsquo;il fonctionne correctement. En principe, un fonctionnement correct peut \u00eatre garanti 365 jours par an, 24 heures sur 24. Cependant, PRODUCCIONES JOSE MANUBENS, SAU n&rsquo;exclut pas la possibilit\u00e9 de certaines erreurs de programmation, ou que des cas de force majeure, des catastrophes naturelles, des gr\u00e8ves ou des circonstances similaires puissent survenir et rendre l&rsquo;acc\u00e8s au site impossible.<\/p>\n<p><strong>Adresses IP<\/strong><\/p>\n<p>Les serveurs du site Web pourront d\u00e9tecter automatiquement l&rsquo;adresse IP et le nom de domaine utilis\u00e9s par l&rsquo;utilisateur. Une adresse IP est un num\u00e9ro attribu\u00e9 automatiquement \u00e0 un ordinateur lorsqu&rsquo;il se connecte \u00e0 Internet.<\/p>\n<p>Toutes ces informations sont enregistr\u00e9es dans un fichier d&rsquo;activit\u00e9 du serveur d\u00fbment enregistr\u00e9 qui permet le traitement ult\u00e9rieur des donn\u00e9es afin d&rsquo;obtenir uniquement des mesures statistiques permettant de conna\u00eetre le nombre d&rsquo;impressions de pages, le nombre de visites effectu\u00e9es sur les serveurs Web, l&rsquo;ordre des visites , le point d&rsquo;acc\u00e8s, etc.<\/p>\n<h5><strong>6. R\u00c8GLES DE COMPORTEMENT DU BLOG<\/strong><\/h5>\n<p>PRODUCCIONES JOSE MANUBENS, SAU vous remercie de votre int\u00e9r\u00eat \u00e0 utiliser nos canaux de participation. Les commentaires sont un moyen de participation pour tous les utilisateurs de ce m\u00e9dia.<\/p>\n<p>Si vous souhaitez participer \u00e0 nos blogs, vous devrez accepter ces r\u00e8gles:<\/p>\n<ol>\n<li>Responsabilit\u00e9 de l&rsquo;Utilisateur. En participant aux blogs sur le Web, vous \u00eates seul responsable des messages que vous diffusez \u00e0 travers eux, garantissant \u00e0 PRODUCCIONES JOSE MANUBENS, SAU une indemnisation compl\u00e8te contre toute r\u00e9clamation pouvant survenir pour de tels concepts.<br \/>Dans le cas o\u00f9 les messages contiennent du mat\u00e9riel prot\u00e9g\u00e9 par des droits de propri\u00e9t\u00e9 intellectuelle ou industrielle, l&rsquo;utilisateur garantit qu&rsquo;il en est le propri\u00e9taire ou qu&rsquo;il a l&rsquo;autorisation du propri\u00e9taire pour le diffuser dans les Blogs.<br \/>Et PRODUCCIONES JOSE MANUBENS, SAU est exon\u00e9r\u00e9 de toute r\u00e9clamation de tiers pouvant survenir pour de tels concepts.<\/li>\n<li>L&rsquo;utilisateur doit, avant de poster un message, choisir le blog appropri\u00e9. Les messages non conformes au th\u00e8me du blog pourront \u00eatre supprim\u00e9s. Il est strictement interdit de publier des promotions et des liens vers des offres commerciales, de la publicit\u00e9, du mat\u00e9riel promotionnel, des cha\u00eenes de lettres ou toute activit\u00e9 promotionnelle directe ou indirecte ou tout autre type de commentaire non conforme au d\u00e9veloppement normal des sujets du blog.<\/li>\n<li>L&rsquo;utilisateur doit respecter les autres utilisateurs. L&rsquo;utilisateur doit \u00eatre tol\u00e9rant et respectueux des messages et opinions des autres utilisateurs. Les messages pouvant \u00eatre consid\u00e9r\u00e9s comme portant atteinte aux droits de tiers ou mena\u00e7ant le d\u00e9veloppement pacifique des blogs peuvent \u00eatre supprim\u00e9s.<\/li>\n<li>PRODUCCIONES JOSE MANUBENS, SAU se r\u00e9serve le droit de reproduire, modifier ou diffuser les messages publi\u00e9s dans les blogs Web conform\u00e9ment aux conditions et moyens appropri\u00e9s, sans que l&rsquo;utilisateur ne corresponde \u00e0 un quelconque type de compensation.<\/li>\n<li>PRODUCCIONES JOSE MANUBENS, SAU n&rsquo;est pas responsable de ce qui est publi\u00e9 dans les blogs Web et ne garantit pas la v\u00e9racit\u00e9 ou l&rsquo;exactitude des informations qui y sont publi\u00e9es. La responsabilit\u00e9 de leur contenu incombe \u00e0 l&rsquo;exp\u00e9diteur des messages ou des informations.<\/li>\n<li>PRODUCCIONES JOSE MANUBENS, SAU ne garantit pas la disponibilit\u00e9 ou la continuit\u00e9 du service de blog sur le Web, pouvant le modifier, le suspendre ou l&rsquo;\u00e9liminer du Web sans pr\u00e9avis, \u00e0 tout moment.<\/li>\n<li>Dans le cas o\u00f9 un utilisateur peut \u00eatre affect\u00e9e par des actions ill\u00e9gales ou d\u00e9tecte un mauvais usage des blogs web par d&rsquo; autres utilisateurs, ils peuvent informer PRODUCCIONES JOSE MANUBENS, SAU, par l&rsquo;e &#8211; mail\u00a0<a href=\"mailto:info@manubens.es\">info@manubens.es<\/a>, indiquant dans le sujet de r\u00e9f\u00e9rence \u00ab Blog mod\u00e9ration\u00a0\u00bb, afin que PRODUCCIONES JOSE MANUBENS, SAU puisse les mod\u00e9rer ou les \u00e9liminer.<\/li>\n<li>L&rsquo;utilisateur d\u00e9gagera PRODUCCIONES JOSE MANUBENS, SAU de toute r\u00e9clamation qui pourrait lui \u00eatre pr\u00e9sent\u00e9e pour les messages que l&rsquo;utilisateur a diffus\u00e9s sur les blogs ou pour tout autre comportement li\u00e9 ou d\u00e9riv\u00e9 de l&rsquo;utilisation par l&rsquo;utilisateur des blogs Web.<\/li>\n<\/ol>\n<h5><strong>7. LOI APPLICABLE ET JURIDICTION<\/strong><\/h5>\n<p>La loi applicable en cas de litige ou de conflit d&rsquo;interpr\u00e9tation des termes qui composent cette politique de confidentialit\u00e9, ainsi que toute question li\u00e9e aux services de ce site Web, sera la loi espagnole.<\/p>\n<\/div><\/div><\/div><\/div><\/div><\/div><\/section>\n","protected":false},"excerpt":{"rendered":"Politique de confidentialit\u00e9 1. IDENTIFICATION DU TITULAIRE www.manubens.es est un domaine appartenant \u00e0 PRODUCCIONES JOSE MANUBENS, SAU domicili\u00e9 \u00e0 Ramon Farguell, 26-28 \u00b7 PI Bufalvent \u00b7 08243 Manresa \u00b7 Barcelone \u00b7 Espagne, enregistr\u00e9 au Registre du\u00a0info@manubens.es 2. PROTECTION DES DONN\u00c9ES PRODUCCIONES JOSE MANUBENS, SAU est le responsable du traitement des donn\u00e9es personnelles de l&rsquo;utilisateur et...","protected":false},"author":3,"featured_media":0,"parent":0,"menu_order":200,"comment_status":"closed","ping_status":"closed","template":"","meta":{"footnotes":""},"class_list":["post-4869","page","type-page","status-publish","hentry"],"yoast_head":"<!-- This site is optimized with the Yoast SEO plugin v27.5 - https:\/\/yoast.com\/product\/yoast-seo-wordpress\/ -->\n<title>Politique de confidentialit\u00e9 - Manubens<\/title>\n<meta name=\"robots\" content=\"index, follow, max-snippet:-1, max-image-preview:large, max-video-preview:-1\" \/>\n<link rel=\"canonical\" href=\"https:\/\/www.manubens.es\/fr\/politique-de-confidentialite\/\" \/>\n<meta property=\"og:locale\" content=\"fr_FR\" \/>\n<meta property=\"og:type\" content=\"article\" \/>\n<meta property=\"og:title\" content=\"Politique de confidentialit\u00e9 - Manubens\" \/>\n<meta property=\"og:url\" content=\"https:\/\/www.manubens.es\/fr\/politique-de-confidentialite\/\" \/>\n<meta property=\"og:site_name\" content=\"Manubens\" \/>\n<meta property=\"article:modified_time\" content=\"2021-12-16T14:49:07+00:00\" \/>\n<meta name=\"twitter:card\" content=\"summary_large_image\" \/>\n<meta name=\"twitter:label1\" content=\"Dur\u00e9e de lecture estim\u00e9e\" \/>\n\t<meta name=\"twitter:data1\" content=\"11 minutes\" \/>\n<script type=\"application\/ld+json\" class=\"yoast-schema-graph\">{\"@context\":\"https:\\\/\\\/schema.org\",\"@graph\":[{\"@type\":\"WebPage\",\"@id\":\"https:\\\/\\\/www.manubens.es\\\/fr\\\/politique-de-confidentialite\\\/\",\"url\":\"https:\\\/\\\/www.manubens.es\\\/fr\\\/politique-de-confidentialite\\\/\",\"name\":\"Politique de confidentialit\u00e9 - Manubens\",\"isPartOf\":{\"@id\":\"https:\\\/\\\/www.manubens.es\\\/fr\\\/#website\"},\"datePublished\":\"2021-06-30T10:04:52+00:00\",\"dateModified\":\"2021-12-16T14:49:07+00:00\",\"breadcrumb\":{\"@id\":\"https:\\\/\\\/www.manubens.es\\\/fr\\\/politique-de-confidentialite\\\/#breadcrumb\"},\"inLanguage\":\"fr-FR\",\"potentialAction\":[{\"@type\":\"ReadAction\",\"target\":[\"https:\\\/\\\/www.manubens.es\\\/fr\\\/politique-de-confidentialite\\\/\"]}]},{\"@type\":\"BreadcrumbList\",\"@id\":\"https:\\\/\\\/www.manubens.es\\\/fr\\\/politique-de-confidentialite\\\/#breadcrumb\",\"itemListElement\":[{\"@type\":\"ListItem\",\"position\":1,\"name\":\"Portada\",\"item\":\"https:\\\/\\\/www.manubens.es\\\/fr\\\/\"},{\"@type\":\"ListItem\",\"position\":2,\"name\":\"Politique de confidentialit\u00e9\"}]},{\"@type\":\"WebSite\",\"@id\":\"https:\\\/\\\/www.manubens.es\\\/fr\\\/#website\",\"url\":\"https:\\\/\\\/www.manubens.es\\\/fr\\\/\",\"name\":\"Manubens\",\"description\":\"Manubens Cintas\",\"potentialAction\":[{\"@type\":\"SearchAction\",\"target\":{\"@type\":\"EntryPoint\",\"urlTemplate\":\"https:\\\/\\\/www.manubens.es\\\/fr\\\/?s={search_term_string}\"},\"query-input\":{\"@type\":\"PropertyValueSpecification\",\"valueRequired\":true,\"valueName\":\"search_term_string\"}}],\"inLanguage\":\"fr-FR\"}]}<\/script>\n<!-- \/ Yoast SEO plugin. -->","yoast_head_json":{"title":"Politique de confidentialit\u00e9 - Manubens","robots":{"index":"index","follow":"follow","max-snippet":"max-snippet:-1","max-image-preview":"max-image-preview:large","max-video-preview":"max-video-preview:-1"},"canonical":"https:\/\/www.manubens.es\/fr\/politique-de-confidentialite\/","og_locale":"fr_FR","og_type":"article","og_title":"Politique de confidentialit\u00e9 - Manubens","og_url":"https:\/\/www.manubens.es\/fr\/politique-de-confidentialite\/","og_site_name":"Manubens","article_modified_time":"2021-12-16T14:49:07+00:00","twitter_card":"summary_large_image","twitter_misc":{"Dur\u00e9e de lecture estim\u00e9e":"11 minutes"},"schema":{"@context":"https:\/\/schema.org","@graph":[{"@type":"WebPage","@id":"https:\/\/www.manubens.es\/fr\/politique-de-confidentialite\/","url":"https:\/\/www.manubens.es\/fr\/politique-de-confidentialite\/","name":"Politique de confidentialit\u00e9 - Manubens","isPartOf":{"@id":"https:\/\/www.manubens.es\/fr\/#website"},"datePublished":"2021-06-30T10:04:52+00:00","dateModified":"2021-12-16T14:49:07+00:00","breadcrumb":{"@id":"https:\/\/www.manubens.es\/fr\/politique-de-confidentialite\/#breadcrumb"},"inLanguage":"fr-FR","potentialAction":[{"@type":"ReadAction","target":["https:\/\/www.manubens.es\/fr\/politique-de-confidentialite\/"]}]},{"@type":"BreadcrumbList","@id":"https:\/\/www.manubens.es\/fr\/politique-de-confidentialite\/#breadcrumb","itemListElement":[{"@type":"ListItem","position":1,"name":"Portada","item":"https:\/\/www.manubens.es\/fr\/"},{"@type":"ListItem","position":2,"name":"Politique de confidentialit\u00e9"}]},{"@type":"WebSite","@id":"https:\/\/www.manubens.es\/fr\/#website","url":"https:\/\/www.manubens.es\/fr\/","name":"Manubens","description":"Manubens Cintas","potentialAction":[{"@type":"SearchAction","target":{"@type":"EntryPoint","urlTemplate":"https:\/\/www.manubens.es\/fr\/?s={search_term_string}"},"query-input":{"@type":"PropertyValueSpecification","valueRequired":true,"valueName":"search_term_string"}}],"inLanguage":"fr-FR"}]}},"_links":{"self":[{"href":"https:\/\/www.manubens.es\/fr\/wp-json\/wp\/v2\/pages\/4869","targetHints":{"allow":["GET"]}}],"collection":[{"href":"https:\/\/www.manubens.es\/fr\/wp-json\/wp\/v2\/pages"}],"about":[{"href":"https:\/\/www.manubens.es\/fr\/wp-json\/wp\/v2\/types\/page"}],"author":[{"embeddable":true,"href":"https:\/\/www.manubens.es\/fr\/wp-json\/wp\/v2\/users\/3"}],"replies":[{"embeddable":true,"href":"https:\/\/www.manubens.es\/fr\/wp-json\/wp\/v2\/comments?post=4869"}],"version-history":[{"count":0,"href":"https:\/\/www.manubens.es\/fr\/wp-json\/wp\/v2\/pages\/4869\/revisions"}],"wp:attachment":[{"href":"https:\/\/www.manubens.es\/fr\/wp-json\/wp\/v2\/media?parent=4869"}],"curies":[{"name":"wp","href":"https:\/\/api.w.org\/{rel}","templated":true}]}}