{"id":4875,"date":"2021-06-30T12:34:10","date_gmt":"2021-06-30T10:34:10","guid":{"rendered":"https:\/\/www.manubens.es\/?page_id=4875"},"modified":"2021-12-16T15:49:08","modified_gmt":"2021-12-16T14:49:08","slug":"avis-juridique","status":"publish","type":"page","link":"https:\/\/www.manubens.es\/fr\/avis-juridique\/","title":{"rendered":"Avis juridique"},"content":{"rendered":"<section class=\"l-section wpb_row us_custom_5676f4a8 has_text_color height_small with_img parallax_ver\"><div class=\"l-section-img\" role=\"img\" aria-label=\"Image\" data-img-width=\"3995\" data-img-height=\"1026\" style=\"background-image: url(https:\/\/www.manubens.es\/wp-content\/uploads\/2016\/10\/fons_sanefa.png);background-size: contain;\"><\/div><div class=\"l-section-h i-cf\"><div class=\"g-cols vc_row via_grid cols_1 laptops-cols_inherit tablets-cols_inherit mobiles-cols_1 valign_top type_default stacking_default\"><div class=\"wpb_column vc_column_container\"><div class=\"vc_column-inner\"><div class=\"wpb_text_column\"><div class=\"wpb_wrapper\"><h1 style=\"text-align: center;\"><strong>Avis juridique<\/strong><\/h1>\n<\/div><\/div><\/div><\/div><\/div><\/div><\/section><section class=\"l-section wpb_row height_large\"><div class=\"l-section-h i-cf\"><div class=\"g-cols vc_row via_grid cols_1 laptops-cols_inherit tablets-cols_inherit mobiles-cols_1 valign_top type_default stacking_default\"><div class=\"wpb_column vc_column_container\"><div class=\"vc_column-inner\"><div class=\"wpb_text_column\"><div class=\"wpb_wrapper\"><h4><strong>LOI DES SERVICES DE LA SOCIETE DE L&rsquo;INFORMATION (LSSI)<\/strong><\/h4>\n<p>PRODUCCIONES JOSE MANUBENS, SAU, responsable du site Web, ci-apr\u00e8s RESPONSABLE, met ce document \u00e0 la disposition des utilisateurs, avec lesquels il entend se conformer aux obligations pr\u00e9vues par la loi 34\/2002 du 11 juillet sur les services de la soci\u00e9t\u00e9 de l&rsquo;information et du commerce \u00e9lectronique. (LSSICE), BOE n\u00b0 166, ainsi que d&rsquo;informer tous les utilisateurs du site Web des conditions d&rsquo;utilisation.<\/p>\n<p>Toute personne qui acc\u00e8de \u00e0 ce site Web assume le r\u00f4le d&rsquo;utilisateur, s&rsquo;engageant au respect et au strict respect des dispositions \u00e9nonc\u00e9es dans les pr\u00e9sentes, ainsi que de toute autre disposition l\u00e9gale qui pourrait \u00eatre applicable. PRODUCCIONES JOSE MANUBENS, SAU se r\u00e9serve le droit de modifier tout type d&rsquo;informations pouvant appara\u00eetre sur le site Web, sans aucune obligation de pr\u00e9-notifier ou d&rsquo;informer les utilisateurs de ces obligations, \u00e9tant entendu comme suffisant avec la publication sur le site Web de PRODUCCIONES JOSE MANUBENS, S.A.U.<\/p>\n<h5><strong>1. DONN\u00c9ES D&rsquo;IDENTIFICATION<\/strong><\/h5>\n<p>Nom de domaine:\u00a0<a href=\"https:\/\/www.cintasdetelamanubens.com\"><strong>www.manubens.es<\/strong><\/a><a href=\"http:\/\/www.bonamind.com\/\"><br \/><\/a>Nom commercial:\u00a0<strong>MANUBENS<br \/><\/strong>Sociale: <strong>PRODUCCIONES JOSE MANUBENS, S.A.U.<br \/><\/strong>NIF:\u00a0<strong>A08086860<\/strong><strong><br \/><\/strong>Si\u00e8ge social:\u00a0<strong>Ramon Farguell, 26-28 \u00b7 P. I. Bufalvent \u00b7 08243 Manresa \u00b7 Barcelona \u00b7 Spain<\/strong><strong><br \/><\/strong>T\u00e9l\u00e9phone:<strong>+34 93 874 84 81<\/strong><strong><br \/><\/strong>E-mail:\u00a0<a href=\"mailto:info@manubens.es\"><strong>info@manubens.es<\/strong><\/a><\/p>\n<p>Inscrit au Registre (Commercial \/ Public):\u00a0<strong>Barcelone, Feuille 3.965, F.94, T.759, Livre 292, Sect. 2e ; Inc. 1er<\/strong><\/p>\n<h5><strong>2. DROITS DE PROPRI\u00c9T\u00c9 INTELLECTUELLE ET INDUSTRIELLE<\/strong><\/h5>\n<p>Le site Web, y compris, mais sans s&rsquo;y limiter, sa programmation, son \u00e9dition, sa compilation et les autres \u00e9l\u00e9ments n\u00e9cessaires \u00e0 son fonctionnement, les dessins, logos, textes et\/ou graphiques, sont la propri\u00e9t\u00e9 du RESPONSABLE ou, le cas \u00e9ch\u00e9ant, disposent d&rsquo;une licence ou d&rsquo;une autorisation expresse. par les auteurs. Tous les contenus du site sont d\u00fbment prot\u00e9g\u00e9s par les r\u00e9glementations de la propri\u00e9t\u00e9 intellectuelle et industrielle, ainsi que inscrits dans les registres publics correspondants.<\/p>\n<p>Quelle que soit la finalit\u00e9 pour laquelle ils ont \u00e9t\u00e9 destin\u00e9s, la reproduction totale ou partielle, l&rsquo;utilisation, l&rsquo;exploitation, la distribution et la commercialisation, n\u00e9cessitent en tout \u00e9tat de cause l&rsquo;autorisation \u00e9crite pr\u00e9alable du RESPONSABLE. Toute utilisation pr\u00e9alablement non autoris\u00e9e est consid\u00e9r\u00e9e comme une violation grave des droits de propri\u00e9t\u00e9 intellectuelle ou industrielle de l&rsquo;auteur.<\/p>\n<p>Les dessins, logos, textes et\/ou graphiques ext\u00e9rieurs au RESPONSABLE et pouvant appara\u00eetre sur le site Web appartiennent \u00e0 leurs propri\u00e9taires respectifs, qui sont eux-m\u00eames responsables de toute \u00e9ventuelle controverse pouvant survenir \u00e0 leur sujet. Le RESPONSABLE autorise express\u00e9ment des tiers \u00e0 rediriger directement vers le contenu sp\u00e9cifique du site Web, et en tout cas rediriger vers le site Web principal de\u00a0<a href=\"https:\/\/www.cintasdetelamanubens.com\">www.manubens.es<\/a>.<\/p>\n<p>Le RESPONSABLE reconna\u00eet en faveur de leurs propri\u00e9taires les droits de propri\u00e9t\u00e9 intellectuelle et industrielle correspondants, leur simple mention ou apparition sur le site Web n&rsquo;implique l&rsquo;existence d&rsquo;aucun droit ou responsabilit\u00e9 sur eux, ni n&rsquo;implique l&rsquo;approbation, le parrainage ou la recommandation par le m\u00eame.<\/p>\n<p>Pour faire tout type d&rsquo;observation concernant d&rsquo;\u00e9ventuelles violations des droits de propri\u00e9t\u00e9 intellectuelle ou industrielle, ainsi que l&rsquo;un des contenus du site Web, vous pouvez le faire via l&rsquo;e-mail\u00a0<a href=\"mailto:info@manubens.es\">info@manubens.es<\/a>.<\/p>\n<h5><strong>3. AVIS DE NON-RESPONSABILIT\u00c9<\/strong><\/h5>\n<p>Le RESPONSABLE est exon\u00e9r\u00e9 de tout type de responsabilit\u00e9 d\u00e9riv\u00e9e des informations publi\u00e9es sur son site Web \u00e0 condition que ces informations aient \u00e9t\u00e9 manipul\u00e9es ou saisies par un tiers ext\u00e9rieur \u00e0 celui-ci.<\/p>\n<p><strong>Utilisation de cookies<\/strong><\/p>\n<p>Ce site Web peut utiliser des cookies techniques (petits fichiers d&rsquo;informations que le serveur envoie \u00e0 l&rsquo;ordinateur de la personne acc\u00e9dant \u00e0 la page) pour ex\u00e9cuter certaines fonctions consid\u00e9r\u00e9es comme essentielles au bon fonctionnement et \u00e0 la visualisation du site. Les cookies utilis\u00e9s ont, en tout \u00e9tat de cause, un caract\u00e8re temporaire, dans le seul but de rendre la navigation plus efficace, et ils disparaissent \u00e0 la fin de la session de l&rsquo;utilisateur. En aucun cas, ces cookies eux-m\u00eames fournissent des donn\u00e9es personnelles et ne seront pas utilis\u00e9s pour les collecter.<\/p>\n<p>Gr\u00e2ce \u00e0 l&rsquo;utilisation de cookies, il est \u00e9galement possible que le serveur sur lequel se trouve le site Web reconnaisse le navigateur utilis\u00e9 par l&rsquo;utilisateur afin de faciliter la navigation, permettant, par exemple, l&rsquo;acc\u00e8s des utilisateurs qui se sont d\u00e9j\u00e0 inscrits aux zones, services, promotions ou des concours qui leur sont exclusivement r\u00e9serv\u00e9s sans avoir \u00e0 s&rsquo;inscrire \u00e0 chaque visite.<\/p>\n<p>Ils peuvent \u00e9galement \u00eatre utilis\u00e9s pour mesurer l&rsquo;audience, les param\u00e8tres de trafic, contr\u00f4ler la progression et le nombre d&rsquo;entr\u00e9es, etc., dans ces cas les cookies \u00e9tant techniquement dispensables mais b\u00e9n\u00e9fiques pour l&rsquo;utilisateur. Ce site Web n&rsquo;installera pas de cookies dispensables sans le consentement pr\u00e9alable de l&rsquo;utilisateur.<\/p>\n<p>L&rsquo;utilisateur a la possibilit\u00e9 de configurer son navigateur pour \u00eatre alert\u00e9 de la r\u00e9ception de cookies et emp\u00eacher leur installation sur son ordinateur. Veuillez consulter les instructions de votre navigateur pour d\u00e9velopper ces informations.<\/p>\n<p><strong>Politique de liens<\/strong><\/p>\n<p>\u00c0 partir du site Web, vous pouvez \u00eatre redirig\u00e9 vers du contenu provenant de sites Web tiers. \u00c9tant donn\u00e9 que le CONTRLEUR ne peut pas toujours contr\u00f4ler le contenu publi\u00e9 par des tiers sur leurs sites Web respectifs, il n&rsquo;assume aucun type de responsabilit\u00e9 concernant ledit contenu. Dans tous les cas, il proc\u00e9dera au retrait imm\u00e9diat de tout contenu qui pourrait contrevenir \u00e0 la l\u00e9gislation nationale ou internationale, aux bonnes m\u0153urs ou \u00e0 l&rsquo;ordre public, proc\u00e9dant au retrait imm\u00e9diat de la redirection vers ledit site, en informant les autorit\u00e9s comp\u00e9tentes du contenu en question.<\/p>\n<p>Le CONTRLEUR n&rsquo;est pas responsable des informations et contenus stock\u00e9s, \u00e0 titre d&rsquo;exemple mais sans s&rsquo;y limiter, dans les forums, chats, g\u00e9n\u00e9rateurs de blogs, commentaires, r\u00e9seaux sociaux ou tout autre moyen permettant \u00e0 des tiers de publier du contenu de mani\u00e8re ind\u00e9pendante sur le site Web. le responsable. Cependant, et conform\u00e9ment aux dispositions des articles 11 et 16 de la LSSICE, il est mis \u00e0 la disposition de tous les utilisateurs, autorit\u00e9s et forces de s\u00e9curit\u00e9, collaborant activement au retrait ou, le cas \u00e9ch\u00e9ant, au blocage de tous les contenus susceptibles d&rsquo;affecter ou de contrevenir l\u00e9gislation nationale ou internationale, les droits des tiers ou les bonnes m\u0153urs et l&rsquo;ordre public. Dans le cas o\u00f9 l&rsquo;utilisateur consid\u00e8re qu&rsquo;il existe sur le site un contenu susceptible d&rsquo;\u00eatre susceptible de cette classification.<\/p>\n<p>Ce site Web a \u00e9t\u00e9 examin\u00e9 et test\u00e9 pour s&rsquo;assurer qu&rsquo;il fonctionne correctement. En principe, un fonctionnement correct peut \u00eatre garanti 365 jours par an, 24 heures sur 24. Cependant, le RESPONSABLE n&rsquo;exclut pas la possibilit\u00e9 de certaines erreurs de programmation, ou que des cas de force majeure, des catastrophes naturelles, des gr\u00e8ves ou des circonstances similaires puissent survenir et rendre l&rsquo;acc\u00e8s au site impossible.<\/p>\n<p><strong>Adresses IP<\/strong><\/p>\n<p>Les serveurs du site Web pourront d\u00e9tecter automatiquement l&rsquo;adresse IP et le nom de domaine utilis\u00e9s par l&rsquo;utilisateur. Une adresse IP est un num\u00e9ro attribu\u00e9 automatiquement \u00e0 un ordinateur lorsqu&rsquo;il se connecte \u00e0 Internet. Toutes ces informations sont enregistr\u00e9es dans un fichier d&rsquo;activit\u00e9 du serveur d\u00fbment enregistr\u00e9 qui permet le traitement ult\u00e9rieur des donn\u00e9es afin d&rsquo;obtenir uniquement des mesures statistiques permettant de conna\u00eetre le nombre d&rsquo;impressions de pages, le nombre de visites effectu\u00e9es sur les serveurs Web, l&rsquo;ordre des visites , le point d&rsquo;acc\u00e8s, etc.<\/p>\n<h5><strong>4. LOI APPLICABLE ET JURIDICTION<\/strong><\/h5>\n<p>Pour la r\u00e9solution de toutes les controverses ou probl\u00e8mes li\u00e9s \u00e0 ce site Web ou aux activit\u00e9s qui y sont men\u00e9es, la l\u00e9gislation espagnole sera appliqu\u00e9e, \u00e0 laquelle les parties se soumettent express\u00e9ment, \u00e9tant comp\u00e9tentes pour r\u00e9soudre tous les conflits d\u00e9riv\u00e9s ou li\u00e9s \u00e0 son utilisation les cours et tribunaux les plus proches de Barcelone.<\/p>\n<\/div><\/div><\/div><\/div><\/div><\/div><\/section><section class=\"l-section wpb_row height_large\"><div class=\"l-section-h i-cf\"><div class=\"g-cols vc_row via_grid cols_1 laptops-cols_inherit tablets-cols_inherit mobiles-cols_1 valign_top type_default stacking_default\"><div class=\"wpb_column vc_column_container\"><div class=\"vc_column-inner\"><div class=\"wpb_text_column\"><div class=\"wpb_wrapper\"><\/div><\/div><\/div><\/div><\/div><\/div><\/section>\n","protected":false},"excerpt":{"rendered":"Avis juridique LOI DES SERVICES DE LA SOCIETE DE L&rsquo;INFORMATION (LSSI) PRODUCCIONES JOSE MANUBENS, SAU, responsable du site Web, ci-apr\u00e8s RESPONSABLE, met ce document \u00e0 la disposition des utilisateurs, avec lesquels il entend se conformer aux obligations pr\u00e9vues par la loi 34\/2002 du 11 juillet sur les services de la soci\u00e9t\u00e9 de l&rsquo;information et du...","protected":false},"author":3,"featured_media":0,"parent":0,"menu_order":196,"comment_status":"closed","ping_status":"closed","template":"","meta":{"footnotes":""},"class_list":["post-4875","page","type-page","status-publish","hentry"],"yoast_head":"<!-- This site is optimized with the Yoast SEO plugin v27.5 - https:\/\/yoast.com\/product\/yoast-seo-wordpress\/ -->\n<title>Avis juridique - Manubens<\/title>\n<meta name=\"robots\" content=\"index, follow, max-snippet:-1, max-image-preview:large, max-video-preview:-1\" \/>\n<link rel=\"canonical\" href=\"https:\/\/www.manubens.es\/fr\/avis-juridique\/\" \/>\n<meta property=\"og:locale\" content=\"fr_FR\" \/>\n<meta property=\"og:type\" content=\"article\" \/>\n<meta property=\"og:title\" content=\"Avis juridique - Manubens\" \/>\n<meta property=\"og:url\" content=\"https:\/\/www.manubens.es\/fr\/avis-juridique\/\" \/>\n<meta property=\"og:site_name\" content=\"Manubens\" \/>\n<meta property=\"article:modified_time\" content=\"2021-12-16T14:49:08+00:00\" \/>\n<meta name=\"twitter:card\" content=\"summary_large_image\" \/>\n<meta name=\"twitter:label1\" content=\"Dur\u00e9e de lecture estim\u00e9e\" \/>\n\t<meta name=\"twitter:data1\" content=\"7 minutes\" \/>\n<script type=\"application\/ld+json\" class=\"yoast-schema-graph\">{\"@context\":\"https:\\\/\\\/schema.org\",\"@graph\":[{\"@type\":\"WebPage\",\"@id\":\"https:\\\/\\\/www.manubens.es\\\/fr\\\/avis-juridique\\\/\",\"url\":\"https:\\\/\\\/www.manubens.es\\\/fr\\\/avis-juridique\\\/\",\"name\":\"Avis juridique - Manubens\",\"isPartOf\":{\"@id\":\"https:\\\/\\\/www.manubens.es\\\/fr\\\/#website\"},\"datePublished\":\"2021-06-30T10:34:10+00:00\",\"dateModified\":\"2021-12-16T14:49:08+00:00\",\"breadcrumb\":{\"@id\":\"https:\\\/\\\/www.manubens.es\\\/fr\\\/avis-juridique\\\/#breadcrumb\"},\"inLanguage\":\"fr-FR\",\"potentialAction\":[{\"@type\":\"ReadAction\",\"target\":[\"https:\\\/\\\/www.manubens.es\\\/fr\\\/avis-juridique\\\/\"]}]},{\"@type\":\"BreadcrumbList\",\"@id\":\"https:\\\/\\\/www.manubens.es\\\/fr\\\/avis-juridique\\\/#breadcrumb\",\"itemListElement\":[{\"@type\":\"ListItem\",\"position\":1,\"name\":\"Portada\",\"item\":\"https:\\\/\\\/www.manubens.es\\\/fr\\\/\"},{\"@type\":\"ListItem\",\"position\":2,\"name\":\"Avis juridique\"}]},{\"@type\":\"WebSite\",\"@id\":\"https:\\\/\\\/www.manubens.es\\\/fr\\\/#website\",\"url\":\"https:\\\/\\\/www.manubens.es\\\/fr\\\/\",\"name\":\"Manubens\",\"description\":\"Manubens Cintas\",\"potentialAction\":[{\"@type\":\"SearchAction\",\"target\":{\"@type\":\"EntryPoint\",\"urlTemplate\":\"https:\\\/\\\/www.manubens.es\\\/fr\\\/?s={search_term_string}\"},\"query-input\":{\"@type\":\"PropertyValueSpecification\",\"valueRequired\":true,\"valueName\":\"search_term_string\"}}],\"inLanguage\":\"fr-FR\"}]}<\/script>\n<!-- \/ Yoast SEO plugin. -->","yoast_head_json":{"title":"Avis juridique - Manubens","robots":{"index":"index","follow":"follow","max-snippet":"max-snippet:-1","max-image-preview":"max-image-preview:large","max-video-preview":"max-video-preview:-1"},"canonical":"https:\/\/www.manubens.es\/fr\/avis-juridique\/","og_locale":"fr_FR","og_type":"article","og_title":"Avis juridique - Manubens","og_url":"https:\/\/www.manubens.es\/fr\/avis-juridique\/","og_site_name":"Manubens","article_modified_time":"2021-12-16T14:49:08+00:00","twitter_card":"summary_large_image","twitter_misc":{"Dur\u00e9e de lecture estim\u00e9e":"7 minutes"},"schema":{"@context":"https:\/\/schema.org","@graph":[{"@type":"WebPage","@id":"https:\/\/www.manubens.es\/fr\/avis-juridique\/","url":"https:\/\/www.manubens.es\/fr\/avis-juridique\/","name":"Avis juridique - Manubens","isPartOf":{"@id":"https:\/\/www.manubens.es\/fr\/#website"},"datePublished":"2021-06-30T10:34:10+00:00","dateModified":"2021-12-16T14:49:08+00:00","breadcrumb":{"@id":"https:\/\/www.manubens.es\/fr\/avis-juridique\/#breadcrumb"},"inLanguage":"fr-FR","potentialAction":[{"@type":"ReadAction","target":["https:\/\/www.manubens.es\/fr\/avis-juridique\/"]}]},{"@type":"BreadcrumbList","@id":"https:\/\/www.manubens.es\/fr\/avis-juridique\/#breadcrumb","itemListElement":[{"@type":"ListItem","position":1,"name":"Portada","item":"https:\/\/www.manubens.es\/fr\/"},{"@type":"ListItem","position":2,"name":"Avis juridique"}]},{"@type":"WebSite","@id":"https:\/\/www.manubens.es\/fr\/#website","url":"https:\/\/www.manubens.es\/fr\/","name":"Manubens","description":"Manubens Cintas","potentialAction":[{"@type":"SearchAction","target":{"@type":"EntryPoint","urlTemplate":"https:\/\/www.manubens.es\/fr\/?s={search_term_string}"},"query-input":{"@type":"PropertyValueSpecification","valueRequired":true,"valueName":"search_term_string"}}],"inLanguage":"fr-FR"}]}},"_links":{"self":[{"href":"https:\/\/www.manubens.es\/fr\/wp-json\/wp\/v2\/pages\/4875","targetHints":{"allow":["GET"]}}],"collection":[{"href":"https:\/\/www.manubens.es\/fr\/wp-json\/wp\/v2\/pages"}],"about":[{"href":"https:\/\/www.manubens.es\/fr\/wp-json\/wp\/v2\/types\/page"}],"author":[{"embeddable":true,"href":"https:\/\/www.manubens.es\/fr\/wp-json\/wp\/v2\/users\/3"}],"replies":[{"embeddable":true,"href":"https:\/\/www.manubens.es\/fr\/wp-json\/wp\/v2\/comments?post=4875"}],"version-history":[{"count":0,"href":"https:\/\/www.manubens.es\/fr\/wp-json\/wp\/v2\/pages\/4875\/revisions"}],"wp:attachment":[{"href":"https:\/\/www.manubens.es\/fr\/wp-json\/wp\/v2\/media?parent=4875"}],"curies":[{"name":"wp","href":"https:\/\/api.w.org\/{rel}","templated":true}]}}