{"id":4982,"date":"2021-07-01T10:00:12","date_gmt":"2021-07-01T08:00:12","guid":{"rendered":"https:\/\/www.manubens.es\/?page_id=4982"},"modified":"2022-10-13T18:10:10","modified_gmt":"2022-10-13T16:10:10","slug":"fabrication","status":"publish","type":"page","link":"https:\/\/www.manubens.es\/fr\/marches\/fabrication\/","title":{"rendered":"Confection"},"content":{"rendered":"<section class=\"l-section wpb_row height_huge\"><div class=\"l-section-h i-cf\"><div class=\"g-cols vc_row via_grid cols_1 laptops-cols_inherit tablets-cols_inherit mobiles-cols_1 valign_top type_default stacking_default\"><div class=\"wpb_column vc_column_container\"><div class=\"vc_column-inner\"><div class=\"w-separator size_huge\"><\/div><div class=\"wpb_text_column\"><div class=\"wpb_wrapper\"><h4 style=\"text-align: center;\">Nous travaillons dans cette section.<br \/>\nD\u00e9sol\u00e9 pour le d\u00e9rangement.<\/h4>\n<\/div><\/div><div class=\"w-separator size_large\"><\/div><\/div><\/div><\/div><\/div><\/section>\n","protected":false},"excerpt":{"rendered":"Nous travaillons dans cette section. D\u00e9sol\u00e9 pour le d\u00e9rangement.","protected":false},"author":3,"featured_media":6607,"parent":4901,"menu_order":176,"comment_status":"closed","ping_status":"closed","template":"","meta":{"footnotes":""},"class_list":["post-4982","page","type-page","status-publish","has-post-thumbnail","hentry"],"yoast_head":"<!-- This site is optimized with the Yoast SEO plugin v27.4 - https:\/\/yoast.com\/product\/yoast-seo-wordpress\/ -->\n<title>Confection - Manubens<\/title>\n<meta name=\"robots\" content=\"index, follow, max-snippet:-1, max-image-preview:large, max-video-preview:-1\" \/>\n<link rel=\"canonical\" href=\"https:\/\/www.manubens.es\/fr\/marches\/fabrication\/\" \/>\n<meta property=\"og:locale\" content=\"fr_FR\" \/>\n<meta property=\"og:type\" content=\"article\" \/>\n<meta property=\"og:title\" content=\"Confection - Manubens\" \/>\n<meta property=\"og:url\" content=\"https:\/\/www.manubens.es\/fr\/marches\/fabrication\/\" \/>\n<meta property=\"og:site_name\" content=\"Manubens\" \/>\n<meta property=\"article:modified_time\" content=\"2022-10-13T16:10:10+00:00\" \/>\n<meta property=\"og:image\" content=\"https:\/\/www.manubens.es\/wp-content\/uploads\/2022\/02\/confeccio.jpeg\" \/>\n\t<meta property=\"og:image:width\" content=\"1080\" \/>\n\t<meta property=\"og:image:height\" content=\"1080\" \/>\n\t<meta property=\"og:image:type\" content=\"image\/jpeg\" \/>\n<meta name=\"twitter:card\" content=\"summary_large_image\" \/>\n<script type=\"application\/ld+json\" class=\"yoast-schema-graph\">{\"@context\":\"https:\\\/\\\/schema.org\",\"@graph\":[{\"@type\":\"WebPage\",\"@id\":\"https:\\\/\\\/www.manubens.es\\\/fr\\\/marches\\\/fabrication\\\/\",\"url\":\"https:\\\/\\\/www.manubens.es\\\/fr\\\/marches\\\/fabrication\\\/\",\"name\":\"Confection - Manubens\",\"isPartOf\":{\"@id\":\"https:\\\/\\\/www.manubens.es\\\/fr\\\/#website\"},\"primaryImageOfPage\":{\"@id\":\"https:\\\/\\\/www.manubens.es\\\/fr\\\/marches\\\/fabrication\\\/#primaryimage\"},\"image\":{\"@id\":\"https:\\\/\\\/www.manubens.es\\\/fr\\\/marches\\\/fabrication\\\/#primaryimage\"},\"thumbnailUrl\":\"https:\\\/\\\/www.manubens.es\\\/wp-content\\\/uploads\\\/2022\\\/02\\\/confeccio.jpeg\",\"datePublished\":\"2021-07-01T08:00:12+00:00\",\"dateModified\":\"2022-10-13T16:10:10+00:00\",\"breadcrumb\":{\"@id\":\"https:\\\/\\\/www.manubens.es\\\/fr\\\/marches\\\/fabrication\\\/#breadcrumb\"},\"inLanguage\":\"fr-FR\",\"potentialAction\":[{\"@type\":\"ReadAction\",\"target\":[\"https:\\\/\\\/www.manubens.es\\\/fr\\\/marches\\\/fabrication\\\/\"]}]},{\"@type\":\"ImageObject\",\"inLanguage\":\"fr-FR\",\"@id\":\"https:\\\/\\\/www.manubens.es\\\/fr\\\/marches\\\/fabrication\\\/#primaryimage\",\"url\":\"https:\\\/\\\/www.manubens.es\\\/wp-content\\\/uploads\\\/2022\\\/02\\\/confeccio.jpeg\",\"contentUrl\":\"https:\\\/\\\/www.manubens.es\\\/wp-content\\\/uploads\\\/2022\\\/02\\\/confeccio.jpeg\",\"width\":1080,\"height\":1080},{\"@type\":\"BreadcrumbList\",\"@id\":\"https:\\\/\\\/www.manubens.es\\\/fr\\\/marches\\\/fabrication\\\/#breadcrumb\",\"itemListElement\":[{\"@type\":\"ListItem\",\"position\":1,\"name\":\"Portada\",\"item\":\"https:\\\/\\\/www.manubens.es\\\/fr\\\/\"},{\"@type\":\"ListItem\",\"position\":2,\"name\":\"march\u00e9s\",\"item\":\"https:\\\/\\\/www.manubens.es\\\/fr\\\/marches\\\/\"},{\"@type\":\"ListItem\",\"position\":3,\"name\":\"Confection\"}]},{\"@type\":\"WebSite\",\"@id\":\"https:\\\/\\\/www.manubens.es\\\/fr\\\/#website\",\"url\":\"https:\\\/\\\/www.manubens.es\\\/fr\\\/\",\"name\":\"Manubens\",\"description\":\"Manubens Cintas\",\"potentialAction\":[{\"@type\":\"SearchAction\",\"target\":{\"@type\":\"EntryPoint\",\"urlTemplate\":\"https:\\\/\\\/www.manubens.es\\\/fr\\\/?s={search_term_string}\"},\"query-input\":{\"@type\":\"PropertyValueSpecification\",\"valueRequired\":true,\"valueName\":\"search_term_string\"}}],\"inLanguage\":\"fr-FR\"}]}<\/script>\n<!-- \/ Yoast SEO plugin. -->","yoast_head_json":{"title":"Confection - Manubens","robots":{"index":"index","follow":"follow","max-snippet":"max-snippet:-1","max-image-preview":"max-image-preview:large","max-video-preview":"max-video-preview:-1"},"canonical":"https:\/\/www.manubens.es\/fr\/marches\/fabrication\/","og_locale":"fr_FR","og_type":"article","og_title":"Confection - Manubens","og_url":"https:\/\/www.manubens.es\/fr\/marches\/fabrication\/","og_site_name":"Manubens","article_modified_time":"2022-10-13T16:10:10+00:00","og_image":[{"width":1080,"height":1080,"url":"https:\/\/www.manubens.es\/wp-content\/uploads\/2022\/02\/confeccio.jpeg","type":"image\/jpeg"}],"twitter_card":"summary_large_image","schema":{"@context":"https:\/\/schema.org","@graph":[{"@type":"WebPage","@id":"https:\/\/www.manubens.es\/fr\/marches\/fabrication\/","url":"https:\/\/www.manubens.es\/fr\/marches\/fabrication\/","name":"Confection - Manubens","isPartOf":{"@id":"https:\/\/www.manubens.es\/fr\/#website"},"primaryImageOfPage":{"@id":"https:\/\/www.manubens.es\/fr\/marches\/fabrication\/#primaryimage"},"image":{"@id":"https:\/\/www.manubens.es\/fr\/marches\/fabrication\/#primaryimage"},"thumbnailUrl":"https:\/\/www.manubens.es\/wp-content\/uploads\/2022\/02\/confeccio.jpeg","datePublished":"2021-07-01T08:00:12+00:00","dateModified":"2022-10-13T16:10:10+00:00","breadcrumb":{"@id":"https:\/\/www.manubens.es\/fr\/marches\/fabrication\/#breadcrumb"},"inLanguage":"fr-FR","potentialAction":[{"@type":"ReadAction","target":["https:\/\/www.manubens.es\/fr\/marches\/fabrication\/"]}]},{"@type":"ImageObject","inLanguage":"fr-FR","@id":"https:\/\/www.manubens.es\/fr\/marches\/fabrication\/#primaryimage","url":"https:\/\/www.manubens.es\/wp-content\/uploads\/2022\/02\/confeccio.jpeg","contentUrl":"https:\/\/www.manubens.es\/wp-content\/uploads\/2022\/02\/confeccio.jpeg","width":1080,"height":1080},{"@type":"BreadcrumbList","@id":"https:\/\/www.manubens.es\/fr\/marches\/fabrication\/#breadcrumb","itemListElement":[{"@type":"ListItem","position":1,"name":"Portada","item":"https:\/\/www.manubens.es\/fr\/"},{"@type":"ListItem","position":2,"name":"march\u00e9s","item":"https:\/\/www.manubens.es\/fr\/marches\/"},{"@type":"ListItem","position":3,"name":"Confection"}]},{"@type":"WebSite","@id":"https:\/\/www.manubens.es\/fr\/#website","url":"https:\/\/www.manubens.es\/fr\/","name":"Manubens","description":"Manubens Cintas","potentialAction":[{"@type":"SearchAction","target":{"@type":"EntryPoint","urlTemplate":"https:\/\/www.manubens.es\/fr\/?s={search_term_string}"},"query-input":{"@type":"PropertyValueSpecification","valueRequired":true,"valueName":"search_term_string"}}],"inLanguage":"fr-FR"}]}},"_links":{"self":[{"href":"https:\/\/www.manubens.es\/fr\/wp-json\/wp\/v2\/pages\/4982","targetHints":{"allow":["GET"]}}],"collection":[{"href":"https:\/\/www.manubens.es\/fr\/wp-json\/wp\/v2\/pages"}],"about":[{"href":"https:\/\/www.manubens.es\/fr\/wp-json\/wp\/v2\/types\/page"}],"author":[{"embeddable":true,"href":"https:\/\/www.manubens.es\/fr\/wp-json\/wp\/v2\/users\/3"}],"replies":[{"embeddable":true,"href":"https:\/\/www.manubens.es\/fr\/wp-json\/wp\/v2\/comments?post=4982"}],"version-history":[{"count":0,"href":"https:\/\/www.manubens.es\/fr\/wp-json\/wp\/v2\/pages\/4982\/revisions"}],"up":[{"embeddable":true,"href":"https:\/\/www.manubens.es\/fr\/wp-json\/wp\/v2\/pages\/4901"}],"wp:featuredmedia":[{"embeddable":true,"href":"https:\/\/www.manubens.es\/fr\/wp-json\/wp\/v2\/media\/6607"}],"wp:attachment":[{"href":"https:\/\/www.manubens.es\/fr\/wp-json\/wp\/v2\/media?parent=4982"}],"curies":[{"name":"wp","href":"https:\/\/api.w.org\/{rel}","templated":true}]}}